{"id":4862,"date":"2023-05-24T09:09:15","date_gmt":"2023-05-24T07:09:15","guid":{"rendered":"https:\/\/repechage.ideadivisions.dev\/?post_type=product&#038;p=4862"},"modified":"2025-02-04T11:45:16","modified_gmt":"2025-02-04T10:45:16","slug":"opti-firm-denni-liftingovy-hydratacni-krem","status":"publish","type":"product","link":"https:\/\/repechage.ideadivisions.dev\/cs\/produkt\/opti-firm-denni-liftingovy-hydratacni-krem\/","title":{"rendered":"Opti-Firm\u00ae  denn\u00ed liftingov\u00fd hydrata\u010dn\u00ed kr\u00e9m"},"content":{"rendered":"<p>CO JE TO?<br \/>\nBohat\u00fd denn\u00ed kr\u00e9m pro suchou ple\u0165, kter\u00fd obsahuje mo\u0159sk\u00e9 biopeptidy z v\u00fdta\u017eku z mo\u0159sk\u00fdch \u0159as Ulva Lactuca, jako\u017e i hydrata\u010dn\u00ed slo\u017eky, jako je v\u00fdta\u017eek z mo\u0159sk\u00fdch \u0159as Laminaria Digitata a kyselina hyaluronov\u00e1 v kombinaci s kyselinou salicylovou, extraktem z vrbov\u00e9 k\u016fry pom\u00e1haj\u00ed vyhladit a zjemnit vzhled jemn\u00fdch linek a vr\u00e1sek. Nav\u00edc obsahuje tak\u00e9 oxid zine\u010dnat\u00fd k vytvo\u0159en\u00ed miner\u00e1ln\u00ed bari\u00e9ry.<\/p>\n<p>PRO KOHO?<br \/>\nNorm\u00e1ln\u00ed a\u017e such\u00e1 zral\u00e1 ple\u0165<\/p>\n<p>DOB\u0158E V\u011aD\u011aT<br \/>\nBez paraben\u016f, netestov\u00e1no na zv\u00ed\u0159atech<\/p>\n<p>POU\u017dIT\u00cd<br \/>\nAplikujte r\u00e1no na vy\u010di\u0161t\u011bnou ple\u0165 samostatn\u011b nebo po vhodn\u00e9m s\u00e9ru. Lze pou\u017e\u00edvat jako podklad pod make-up.<\/p>\n<p>FREKVENCE<br \/>\nPou\u017e\u00edvejte r\u00e1no.<\/p>\n","protected":false},"excerpt":{"rendered":"<p>Denn\u00ed kr\u00e9m pro zralou ple\u0165 s mo\u0159sk\u00fdmi \u0159asami<\/p>\n<p>&#8211; Hydratuje, vyhlazuje, chr\u00e1n\u00ed<br \/>\n&#8211; Hutnej\u0161\u00ed kr\u00e9m<br \/>\n&#8211; Pro norm\u00e1ln\u00ed a\u017e suchou ple\u0165<\/p>\n","protected":false},"featured_media":3774,"comment_status":"open","ping_status":"closed","template":"","meta":{"_acf_changed":false},"badge":[],"product_brand":[],"product_cat":[249,260,267,259],"product_tag":[],"class_list":{"0":"post-4862","1":"product","2":"type-product","3":"status-publish","4":"has-post-thumbnail","6":"product_cat-hydra-blue-cs","7":"product_cat-jemne-linie-a-vrasky-cs","8":"product_cat-kremy-a-sera-cs","9":"product_cat-zrala-plet","10":"pa_objem-velkost-30-ml-cs","12":"first","13":"instock","14":"taxable","15":"shipping-taxable","16":"purchasable","17":"product-type-simple"},"acf":[],"_links":{"self":[{"href":"https:\/\/repechage.ideadivisions.dev\/cs\/wp-json\/wp\/v2\/product\/4862","targetHints":{"allow":["GET"]}}],"collection":[{"href":"https:\/\/repechage.ideadivisions.dev\/cs\/wp-json\/wp\/v2\/product"}],"about":[{"href":"https:\/\/repechage.ideadivisions.dev\/cs\/wp-json\/wp\/v2\/types\/product"}],"replies":[{"embeddable":true,"href":"https:\/\/repechage.ideadivisions.dev\/cs\/wp-json\/wp\/v2\/comments?post=4862"}],"wp:featuredmedia":[{"embeddable":true,"href":"https:\/\/repechage.ideadivisions.dev\/cs\/wp-json\/wp\/v2\/media\/3774"}],"wp:attachment":[{"href":"https:\/\/repechage.ideadivisions.dev\/cs\/wp-json\/wp\/v2\/media?parent=4862"}],"wp:term":[{"taxonomy":"badge","embeddable":true,"href":"https:\/\/repechage.ideadivisions.dev\/cs\/wp-json\/wp\/v2\/badge?post=4862"},{"taxonomy":"product_brand","embeddable":true,"href":"https:\/\/repechage.ideadivisions.dev\/cs\/wp-json\/wp\/v2\/product_brand?post=4862"},{"taxonomy":"product_cat","embeddable":true,"href":"https:\/\/repechage.ideadivisions.dev\/cs\/wp-json\/wp\/v2\/product_cat?post=4862"},{"taxonomy":"product_tag","embeddable":true,"href":"https:\/\/repechage.ideadivisions.dev\/cs\/wp-json\/wp\/v2\/product_tag?post=4862"}],"curies":[{"name":"wp","href":"https:\/\/api.w.org\/{rel}","templated":true}]}}