{"id":4866,"date":"2023-05-24T09:09:30","date_gmt":"2023-05-24T07:09:30","guid":{"rendered":"https:\/\/repechage.ideadivisions.dev\/?post_type=product&#038;p=4866"},"modified":"2025-01-07T08:42:54","modified_gmt":"2025-01-07T07:42:54","slug":"perfect-skin-korektor-medium-2","status":"publish","type":"product","link":"https:\/\/repechage.ideadivisions.dev\/cs\/produkt\/perfect-skin-korektor-medium-2\/","title":{"rendered":"Perfect Skin korektor | Medium"},"content":{"rendered":"<p>CO JE TO?<br \/>\nKorektor m\u00e1 bohat\u00e9, kr\u00e9mov\u00e9 slo\u017een\u00ed v praktick\u00e9 ty\u010dince. Lehce se aplikuje a rozt\u00edr\u00e1, zat\u00edmco pom\u00e1h\u00e1 zakr\u00fdt nedokonalosti na poko\u017ece. M\u016f\u017ee sn\u00ed\u017eit v\u00fdskyt skvrn, tmav\u00fdch kruh\u016f pod o\u010dima a zakr\u00fdt pigmentace.<\/p>\n<p>PRO KOHO?<br \/>\nV\u0161echny typy pleti.<\/p>\n<p>POU\u017dIT\u00cd<br \/>\nAplikujte na m\u00edsto, kter\u00e9 pot\u0159ebujete korigovat a jemn\u011b vklepejte do poko\u017eky kone\u010dky prst\u016f nebo houbou.<\/p>\n","protected":false},"excerpt":{"rendered":"<p>Bezvadn\u00e1 ple\u0165 v ty\u010dince!<\/p>\n<p>&#8211; Syt\u00e1 barva<br \/>\n&#8211; V\u00fdborn\u00e9 kryt\u00ed<br \/>\n&#8211; Pro v\u0161echny typy pleti<\/p>\n","protected":false},"featured_media":3566,"comment_status":"open","ping_status":"closed","template":"","meta":{"_acf_changed":false},"badge":[],"product_brand":[],"product_cat":[268,252,258],"product_tag":[],"class_list":{"0":"post-4866","1":"product","2":"type-product","3":"status-publish","4":"has-post-thumbnail","6":"product_cat-dekorativni-kosmetika","7":"product_cat-perfect-skin-dekorativni-kosmetika","8":"product_cat-unavena-a-pigmentovana-plet-cs","9":"pa_objem-velkost-3-g-cs","11":"first","12":"instock","13":"taxable","14":"shipping-taxable","15":"purchasable","16":"product-type-simple"},"acf":[],"_links":{"self":[{"href":"https:\/\/repechage.ideadivisions.dev\/cs\/wp-json\/wp\/v2\/product\/4866","targetHints":{"allow":["GET"]}}],"collection":[{"href":"https:\/\/repechage.ideadivisions.dev\/cs\/wp-json\/wp\/v2\/product"}],"about":[{"href":"https:\/\/repechage.ideadivisions.dev\/cs\/wp-json\/wp\/v2\/types\/product"}],"replies":[{"embeddable":true,"href":"https:\/\/repechage.ideadivisions.dev\/cs\/wp-json\/wp\/v2\/comments?post=4866"}],"wp:featuredmedia":[{"embeddable":true,"href":"https:\/\/repechage.ideadivisions.dev\/cs\/wp-json\/wp\/v2\/media\/3566"}],"wp:attachment":[{"href":"https:\/\/repechage.ideadivisions.dev\/cs\/wp-json\/wp\/v2\/media?parent=4866"}],"wp:term":[{"taxonomy":"badge","embeddable":true,"href":"https:\/\/repechage.ideadivisions.dev\/cs\/wp-json\/wp\/v2\/badge?post=4866"},{"taxonomy":"product_brand","embeddable":true,"href":"https:\/\/repechage.ideadivisions.dev\/cs\/wp-json\/wp\/v2\/product_brand?post=4866"},{"taxonomy":"product_cat","embeddable":true,"href":"https:\/\/repechage.ideadivisions.dev\/cs\/wp-json\/wp\/v2\/product_cat?post=4866"},{"taxonomy":"product_tag","embeddable":true,"href":"https:\/\/repechage.ideadivisions.dev\/cs\/wp-json\/wp\/v2\/product_tag?post=4866"}],"curies":[{"name":"wp","href":"https:\/\/api.w.org\/{rel}","templated":true}]}}