{"id":4873,"date":"2023-05-24T09:09:30","date_gmt":"2023-05-24T07:09:30","guid":{"rendered":"https:\/\/repechage.ideadivisions.dev\/?post_type=product&#038;p=4873"},"modified":"2025-04-26T11:37:00","modified_gmt":"2025-04-26T09:37:00","slug":"perfect-skin-make-up-cool-tone-ps02-2","status":"publish","type":"product","link":"https:\/\/repechage.ideadivisions.dev\/cs\/produkt\/perfect-skin-make-up-cool-tone-ps02-2\/","title":{"rendered":"Perfect Skin make-up | Cool tone (PS02)"},"content":{"rendered":"<p>CO JE TO?<br \/>\nToto je make-up jako \u017e\u00e1dn\u00fd jin\u00fd; s vitam\u00ednem A, E a C v na\u0161\u00ed exkluzivn\u00ed receptu\u0159e na b\u00e1zi mo\u0159sk\u00fdch \u0159as, kter\u00e1 se snadno nan\u00e1\u0161\u00ed a pom\u00e1h\u00e1 zakr\u00fdt nedokonalosti pomoc\u00ed pigment\u016f odr\u00e1\u017eej\u00edc\u00edch sv\u011btlo, aby se zjemnil vzhled pleti. Dod\u00e1v\u00e1 se v n\u011bkolika odst\u00ednech odpov\u00eddaj\u00edc\u00edch poko\u017ece a poskytuje hedv\u00e1bn\u011b hladk\u00fd povrch. Bez oleje, bez parfemace.<\/p>\n<p>PRO KOHO?<br \/>\nV\u0161echny typy pleti<\/p>\n<p>POU\u017dIT\u00cd<br \/>\nPomoc\u00ed houbi\u010dky nebo kone\u010dk\u016f prst\u016f naneste rovnom\u011brn\u011b na cel\u00fd obli\u010dej a krk a zapracujte.<\/p>\n","protected":false},"excerpt":{"rendered":"<p>Make-up s vitam\u00edny na b\u00e1zi mo\u0159sk\u00fdch \u0159as. Make-up s vitam\u00edny na b\u00e1zi mo\u0159sk\u00fdch \u0159as.<\/p>\n<p>&#8211; Tekut\u00fd make-up s pumpi\u010dkou<br \/>\n&#8211; R\u016fzn\u00e9 odst\u00edny<br \/>\n&#8211; Pro v\u0161echny typy pleti<\/p>\n","protected":false},"featured_media":3607,"comment_status":"open","ping_status":"closed","template":"","meta":{"_acf_changed":false},"badge":[],"product_brand":[],"product_cat":[268,252],"product_tag":[],"class_list":{"0":"post-4873","1":"product","2":"type-product","3":"status-publish","4":"has-post-thumbnail","6":"product_cat-dekorativni-kosmetika","7":"product_cat-perfect-skin-dekorativni-kosmetika","8":"pa_objem-velkost-345-ml-cs","10":"first","11":"instock","12":"taxable","13":"shipping-taxable","14":"purchasable","15":"product-type-simple"},"acf":[],"_links":{"self":[{"href":"https:\/\/repechage.ideadivisions.dev\/cs\/wp-json\/wp\/v2\/product\/4873","targetHints":{"allow":["GET"]}}],"collection":[{"href":"https:\/\/repechage.ideadivisions.dev\/cs\/wp-json\/wp\/v2\/product"}],"about":[{"href":"https:\/\/repechage.ideadivisions.dev\/cs\/wp-json\/wp\/v2\/types\/product"}],"replies":[{"embeddable":true,"href":"https:\/\/repechage.ideadivisions.dev\/cs\/wp-json\/wp\/v2\/comments?post=4873"}],"wp:featuredmedia":[{"embeddable":true,"href":"https:\/\/repechage.ideadivisions.dev\/cs\/wp-json\/wp\/v2\/media\/3607"}],"wp:attachment":[{"href":"https:\/\/repechage.ideadivisions.dev\/cs\/wp-json\/wp\/v2\/media?parent=4873"}],"wp:term":[{"taxonomy":"badge","embeddable":true,"href":"https:\/\/repechage.ideadivisions.dev\/cs\/wp-json\/wp\/v2\/badge?post=4873"},{"taxonomy":"product_brand","embeddable":true,"href":"https:\/\/repechage.ideadivisions.dev\/cs\/wp-json\/wp\/v2\/product_brand?post=4873"},{"taxonomy":"product_cat","embeddable":true,"href":"https:\/\/repechage.ideadivisions.dev\/cs\/wp-json\/wp\/v2\/product_cat?post=4873"},{"taxonomy":"product_tag","embeddable":true,"href":"https:\/\/repechage.ideadivisions.dev\/cs\/wp-json\/wp\/v2\/product_tag?post=4873"}],"curies":[{"name":"wp","href":"https:\/\/api.w.org\/{rel}","templated":true}]}}