{"id":4879,"date":"2023-05-24T09:09:30","date_gmt":"2023-05-24T07:09:30","guid":{"rendered":"https:\/\/repechage.ideadivisions.dev\/?post_type=product&#038;p=4879"},"modified":"2025-01-08T13:17:00","modified_gmt":"2025-01-08T12:17:00","slug":"smes-cisticich-a-uklidnujicich-esencialnich-oleju-2","status":"publish","type":"product","link":"https:\/\/repechage.ideadivisions.dev\/cs\/produkt\/smes-cisticich-a-uklidnujicich-esencialnich-oleju-2\/","title":{"rendered":"Sm\u011bs \u010dist\u00edc\u00edch a uklid\u0148uj\u00edc\u00edch esenci\u00e1ln\u00edch olej\u016f"},"content":{"rendered":"","protected":false},"excerpt":{"rendered":"<p>Tato sm\u011bs p\u0159\u00edrodn\u00edch esenci\u00e1ln\u00edch olej\u016f z levandule, ylang ylang a mandarinky zklid\u0148uje poko\u017eku. M\u016f\u017eete jej p\u0159idat do obl\u00edben\u00e9ho kr\u00e9mu a je tak\u00e9 skv\u011bl\u00fd jako koupelov\u00fd olej pro dom\u00e1c\u00ed p\u00e9\u010di.<\/p>\n","protected":false},"featured_media":3637,"comment_status":"open","ping_status":"closed","template":"","meta":{"_acf_changed":false},"badge":[],"product_brand":[],"product_cat":[271],"product_tag":[],"class_list":{"0":"post-4879","1":"product","2":"type-product","3":"status-publish","4":"has-post-thumbnail","6":"product_cat-pece-o-telo","7":"pa_objem-velkost-15-ml-cs","9":"first","10":"onbackorder","11":"taxable","12":"shipping-taxable","13":"purchasable","14":"product-type-simple"},"acf":[],"_links":{"self":[{"href":"https:\/\/repechage.ideadivisions.dev\/cs\/wp-json\/wp\/v2\/product\/4879","targetHints":{"allow":["GET"]}}],"collection":[{"href":"https:\/\/repechage.ideadivisions.dev\/cs\/wp-json\/wp\/v2\/product"}],"about":[{"href":"https:\/\/repechage.ideadivisions.dev\/cs\/wp-json\/wp\/v2\/types\/product"}],"replies":[{"embeddable":true,"href":"https:\/\/repechage.ideadivisions.dev\/cs\/wp-json\/wp\/v2\/comments?post=4879"}],"wp:featuredmedia":[{"embeddable":true,"href":"https:\/\/repechage.ideadivisions.dev\/cs\/wp-json\/wp\/v2\/media\/3637"}],"wp:attachment":[{"href":"https:\/\/repechage.ideadivisions.dev\/cs\/wp-json\/wp\/v2\/media?parent=4879"}],"wp:term":[{"taxonomy":"badge","embeddable":true,"href":"https:\/\/repechage.ideadivisions.dev\/cs\/wp-json\/wp\/v2\/badge?post=4879"},{"taxonomy":"product_brand","embeddable":true,"href":"https:\/\/repechage.ideadivisions.dev\/cs\/wp-json\/wp\/v2\/product_brand?post=4879"},{"taxonomy":"product_cat","embeddable":true,"href":"https:\/\/repechage.ideadivisions.dev\/cs\/wp-json\/wp\/v2\/product_cat?post=4879"},{"taxonomy":"product_tag","embeddable":true,"href":"https:\/\/repechage.ideadivisions.dev\/cs\/wp-json\/wp\/v2\/product_tag?post=4879"}],"curies":[{"name":"wp","href":"https:\/\/api.w.org\/{rel}","templated":true}]}}