{"id":4880,"date":"2023-05-24T09:09:30","date_gmt":"2023-05-24T07:09:30","guid":{"rendered":"https:\/\/repechage.ideadivisions.dev\/?post_type=product&#038;p=4880"},"modified":"2025-01-06T18:58:57","modified_gmt":"2025-01-06T17:58:57","slug":"rapidex-peeling-s-aktivnimi-morskymi-slozkami-2","status":"publish","type":"product","link":"https:\/\/repechage.ideadivisions.dev\/cs\/produkt\/rapidex-peeling-s-aktivnimi-morskymi-slozkami-2\/","title":{"rendered":"RAPIDEX\u00ae peeling s aktivn\u00edmi mo\u0159sk\u00fdmi slo\u017ekami"},"content":{"rendered":"<p>CO JE TO?<br \/>\nBezpe\u010dn\u00fd a \u00fa\u010dinn\u00fd 14-denn\u00ed peeling v jednotliv\u011b balen\u00fdch d\u00f3z\u00e1ch pro dom\u00e1c\u00ed pou\u017eit\u00ed na b\u00e1zi mo\u0159sk\u00fdch \u0159as, fyto-mo\u0159sk\u00fdch extrakt\u016f a multi-ovocn\u00fdch, glykolov\u00fdch a ml\u00e9\u010dn\u00fdch kyselin pro jemnou exfoliaci. Pom\u00e1h\u00e1 poko\u017ece vypadat rovnom\u011brn\u011bji ve barv\u011b a textu\u0159e, redukuje z\u00e1n\u011bty a podporuje hydrataci pleti. Ple\u0165 bude ji\u017e po jedn\u00e9 aplikaci hlad\u0161\u00ed a rozjasn\u011bn\u00e1.<\/p>\n<p>Rapidex\u00ae, mezin\u00e1rodn\u00ed senzace v p\u00e9\u010di o ple\u0165. Vytvo\u0159en v roce 1996. Prvn\u00ed sv\u00e9ho druhu, na\u0161e jedine\u010dn\u00e9 jednod\u00e1vkov\u00e9 balen\u00ed z\u016fst\u00e1v\u00e1 \u010derstv\u00e9 a poskytuje kontrolovan\u00fd proces aplikace, aby se zabr\u00e1nilo nadm\u011brn\u00e9mu odlupov\u00e1n\u00ed poko\u017eky.<\/p>\n<p>Nic nevytv\u00e1\u0159\u00ed hladk\u00fd a m\u011bkk\u00fd povrch poko\u017eky l\u00e9pe ne\u017e tento bezpe\u010dn\u00fd a \u00fa\u010dinn\u00fd dom\u00e1c\u00ed peeling na b\u00e1zi mo\u0159sk\u00fdch \u0159as a jin\u00fdch aktivn\u00edch l\u00e1tek. M\u011bkk\u00fd, nadrozm\u011brn\u00fd vatov\u00fd tamp\u00f3n a jedine\u010dn\u00fd, medic\u00ednsky inspirovan\u00fd syst\u00e9m jednod\u00e1vkov\u00e9 aplikace zaji\u0161\u0165uj\u00ed v\u017edy \u010distotu produktu, jednoduchost pou\u017eit\u00ed a \u00fa\u010dinnost.<\/p>\n<p>UPOZORN\u011aN\u00cd<br \/>\nTento produkt obsahuje alfa-hydroxykyseliny (AHA), kter\u00e9 mohou zv\u00fd\u0161it citlivost poko\u017eky na slunce a zejm\u00e9na hroz\u00ed mo\u017enost jej\u00edho sp\u00e1len\u00ed. B\u011bhem pou\u017e\u00edv\u00e1n\u00ed tohoto produktu a t\u00fdden po n\u011bm pou\u017e\u00edvejte opalovac\u00ed kr\u00e9m a omezte pobyt na slunci..<\/p>\n<p>PRO KOHO?<br \/>\nV\u0161echny typy pleti<\/p>\n<p>DOB\u0158E V\u011aD\u011aT<br \/>\nBez paraben\u016f, netestov\u00e1no na zv\u00ed\u0159atech.<\/p>\n<p>POU\u017dIT\u00cd<br \/>\nPo ve\u010dern\u00edm \u010di\u0161t\u011bn\u00ed pleti oto\u010dte aplik\u00e1tor, vyjm\u011bte p\u0159edem nasycen\u00fd vatov\u00fd tamp\u00f3n a naneste rovnom\u011brn\u011b na poko\u017eku obli\u010deje, krku, p\u0159\u00edpadn\u011b h\u0159bet\u016f rukou. Nepou\u017e\u00edvat na\/nebo kolem o\u010d\u00ed!<br \/>\nPo jednor\u00e1zov\u00e9m pou\u017eit\u00ed aplik\u00e1tor vyho\u010fte.<\/p>\n<p>FREKVENCE<br \/>\nPodle pot\u0159eby. 14-denn\u00ed program nepou\u017e\u00edvejte v\u00edce ne\u017e jednou za m\u011bs\u00edc.<\/p>\n<p>PRO\u010c VZNIKL TENTO PRODUKT: LYDIIN P\u0158\u00cdB\u011aH<br \/>\nNa\u0161e zakladatelka a gener\u00e1ln\u00ed \u0159editelka Lydia Sarfati sd\u00edl\u00ed p\u0159\u00edb\u011bh o tom, jak byly vytvo\u0159eny kl\u00ed\u010dov\u00e9 produkty \u0159ady Rep\u00eachage.<\/p>\n<p>V devades\u00e1t\u00fdch letech se kyselina glykolov\u00e1 stala m\u00f3dou v p\u00e9\u010di o ple\u0165. Spole\u010dnosti to d\u00e1valy do v\u0161eho, na ka\u017ed\u00e9 \u00farovni koncentrace. Jak v\u00edme, pokud jde o kyselinu glykolovou, mus\u00ed se pou\u017e\u00edvat ve spr\u00e1vn\u00e9m procentu. V d\u016fsledku toho, co jsem vid\u011bla ve sv\u00e9m salonu v NYC v budov\u011b Galleria na Park Avenue, bylo mnoho lid\u00ed, kte\u0159\u00ed p\u0159ich\u00e1zeli se sp\u00e1lenou, po\u0161kozenou poko\u017ekou z nadm\u011brn\u00e9ho pou\u017e\u00edv\u00e1n\u00ed AHA kyselin.<\/p>\n<p>P\u0159esto\u017ee si mysl\u00edm, \u017ee tento peeling je d\u016fle\u017eit\u00fd, cht\u011bla jsem m\u00edt kontrolu nad t\u00edm, kolika peelingu mohou klienti d\u011blat doma, v\u010detn\u011b mno\u017estv\u00ed produktu, procenta kyseliny glykolov\u00e9 a kontroly nad pH. V\u011bd\u011bla jsem, \u017ee to mus\u00ed b\u00fdt jednoduch\u00e9 a jednod\u00e1vkov\u00e9, abych si byla jist\u00e1, \u017ee klient to s aplikac\u00ed nep\u0159e\u017eene, ale nic podobn\u00e9ho v t\u00e9 dob\u011b na trhu nebylo.<\/p>\n<p>Inspirace pro jednod\u00e1vkov\u00fd aplik\u00e1tor se ke mn\u011b dostala ne\u010dekan\u00fdm zp\u016fsobem. Kdy\u017e jsem m\u011bla autonehodu, vzali m\u011b na pohotovost do nemocnice v New Yorku. Sest\u0159i\u010dka mi p\u0159i\u0161la ot\u0159\u00edt \u010delo j\u00f3dem, proto\u017ee jsem krv\u00e1cela. Chytila jsem ji za ruku dr\u017e\u00edc\u00ed tamp\u00f3n a \u0159ekla: \u201ePo\u010dkej. M\u016f\u017eu m\u00edt tohle?&#8220; Vypadala zmaten\u011b, ale pro m\u011b, i kdy\u017e jsem m\u011bla bolesti a krv\u00e1cela, vid\u011bla jsem to. Chytila jsem tampon a pozd\u011bji v ten t\u00fdden jsem se spojila s dodavatelskou spole\u010dnost\u00ed a zeptala jsem se, jestli by mohli zv\u00e1\u017eit jeho \u00fapravu pro m\u011b a m\u016fj produkt podle tohoto vzoru.<\/p>\n<p>Kdy\u017e jsem si zajistila vzorec a jedine\u010dn\u00fd tamp\u00f3n, n\u00e1zev produktu mi p\u0159i\u0161el, Rapidex\u00ae, jako \u201erychl\u00fd exfoli\u00e1tor\u201c. Takto se zrodil Rapidex\u00ae Marine Exfoliator with Phyto-Marine Actives.<\/p>\n","protected":false},"excerpt":{"rendered":"<p>Bezpe\u010dn\u00fd 14-denn\u00ed peelingov\u00fd program.<\/p>\n<p>&#8211; Jednor\u00e1zov\u00e1 balen\u00ed<br \/>\n&#8211; Vysok\u00e1 \u00fa\u010dinnost<br \/>\n&#8211; Pro v\u0161echny typy pleti<\/p>\n","protected":false},"featured_media":3638,"comment_status":"open","ping_status":"closed","template":"","meta":{"_acf_changed":false},"badge":[],"product_brand":[],"product_cat":[249,260,269,257,259],"product_tag":[],"class_list":{"0":"post-4880","1":"product","2":"type-product","3":"status-publish","4":"has-post-thumbnail","6":"product_cat-hydra-blue-cs","7":"product_cat-jemne-linie-a-vrasky-cs","8":"product_cat-masky-a-peelingy","9":"product_cat-smisena-az-mastna-plet-s-akne","10":"product_cat-zrala-plet","11":"pa_objem-velkost-14-ks-cs","13":"first","14":"onbackorder","15":"taxable","16":"shipping-taxable","17":"purchasable","18":"product-type-simple"},"acf":[],"_links":{"self":[{"href":"https:\/\/repechage.ideadivisions.dev\/cs\/wp-json\/wp\/v2\/product\/4880","targetHints":{"allow":["GET"]}}],"collection":[{"href":"https:\/\/repechage.ideadivisions.dev\/cs\/wp-json\/wp\/v2\/product"}],"about":[{"href":"https:\/\/repechage.ideadivisions.dev\/cs\/wp-json\/wp\/v2\/types\/product"}],"replies":[{"embeddable":true,"href":"https:\/\/repechage.ideadivisions.dev\/cs\/wp-json\/wp\/v2\/comments?post=4880"}],"wp:featuredmedia":[{"embeddable":true,"href":"https:\/\/repechage.ideadivisions.dev\/cs\/wp-json\/wp\/v2\/media\/3638"}],"wp:attachment":[{"href":"https:\/\/repechage.ideadivisions.dev\/cs\/wp-json\/wp\/v2\/media?parent=4880"}],"wp:term":[{"taxonomy":"badge","embeddable":true,"href":"https:\/\/repechage.ideadivisions.dev\/cs\/wp-json\/wp\/v2\/badge?post=4880"},{"taxonomy":"product_brand","embeddable":true,"href":"https:\/\/repechage.ideadivisions.dev\/cs\/wp-json\/wp\/v2\/product_brand?post=4880"},{"taxonomy":"product_cat","embeddable":true,"href":"https:\/\/repechage.ideadivisions.dev\/cs\/wp-json\/wp\/v2\/product_cat?post=4880"},{"taxonomy":"product_tag","embeddable":true,"href":"https:\/\/repechage.ideadivisions.dev\/cs\/wp-json\/wp\/v2\/product_tag?post=4880"}],"curies":[{"name":"wp","href":"https:\/\/api.w.org\/{rel}","templated":true}]}}