{"id":4881,"date":"2023-05-24T09:09:30","date_gmt":"2023-05-24T07:09:30","guid":{"rendered":"https:\/\/repechage.ideadivisions.dev\/?post_type=product&#038;p=4881"},"modified":"2025-01-06T18:43:36","modified_gmt":"2025-01-06T17:43:36","slug":"lamina-lift-hydratacni-maska-s-morskymi-rasami-3","status":"publish","type":"product","link":"https:\/\/repechage.ideadivisions.dev\/cs\/produkt\/lamina-lift-hydratacni-maska-s-morskymi-rasami-3\/","title":{"rendered":"Lamina Lift\u2122 hydrata\u010dn\u00ed maska s mo\u0159sk\u00fdmi \u0159asami | 5 ks"},"content":{"rendered":"<p>CO JE TO?<br \/>\nMaska Rep\u00eachage\u00ae Lamina Lift\u2122 je okam\u017eit\u011b osv\u011b\u017euj\u00edc\u00ed a hydrata\u010dn\u00ed, zanech\u00e1v\u00e1 poko\u017eku orosenou a z\u00e1\u0159\u00edc\u00ed. Tato pohodln\u00e1 maska obsahuje exkluzivn\u00ed komplex Rep\u00eachage\u00ae Laminaria Digitata, kter\u00fd kombinuje mo\u0159sk\u00e9 \u0159asy, pomeran\u010dovou vodu a aloe, a obsahuje tak\u00e9 p\u0159\u00edrodn\u00ed slo\u017eky, jako je \u010daj Rooibos, ko\u0159en l\u00e9ko\u0159ice a v\u00fdta\u017eky z j\u00edrovce ko\u0148sk\u00e9ho.<\/p>\n<p>PRO KOHO?<br \/>\nPro v\u0161echny typy pleti.<\/p>\n<p>POU\u017dIT\u00cd<br \/>\n(1) Umyjte si obli\u010dej \u010distic\u00edm prost\u0159edkem vhodn\u00fdm pro v\u00e1\u0161 typ pleti.<br \/>\n(2) Roztrhn\u011bte bal\u00ed\u010dek, rozlo\u017ete masku a naneste p\u0159\u00edmo na obli\u010dej.<br \/>\n(3) Kdy\u017e je maska na m\u00edst\u011b, odlepte plastov\u00fd vrch.<br \/>\n(4) Upravte masku tak, aby t\u011bsn\u011b p\u0159il\u00e9hala k obrys\u016fm va\u0161eho obli\u010deje a nechte p\u016fsobit 10 &#8211; 15 minut.<br \/>\n(5) Po uplynut\u00ed \u010dasu masku odstra\u0148te, ale neoplachujte. N\u00e1sledn\u011b pou\u017eijte vhodn\u00e9 s\u00e9rum a kr\u00e9m Rep\u00eachage\u00ae. Pou\u017e\u00edvejte ji ve dne, nebo klidn\u011b i v noci.<\/p>\n<p>FREKVENCE<br \/>\nPou\u017e\u00edvejte dvakr\u00e1t t\u00fddn\u011b.<\/p>\n","protected":false},"excerpt":{"rendered":"<p>Textiln\u00ed jednor\u00e1zov\u00e1 maska pro hydrataci pleti.<\/p>\n<p>&#8211; Hydratuje, rozza\u0159uje, osv\u011b\u017euje<br \/>\n&#8211; Rychl\u00e1 a jednoduch\u00e1 aplikace<br \/>\n&#8211; Pro norm\u00e1ln\u00ed a\u017e suchou zralou poko\u017eku<\/p>\n","protected":false},"featured_media":3643,"comment_status":"open","ping_status":"closed","template":"","meta":{"_acf_changed":false},"badge":[],"product_brand":[],"product_cat":[249,269,261,259],"product_tag":[],"class_list":{"0":"post-4881","1":"product","2":"type-product","3":"status-publish","4":"has-post-thumbnail","6":"product_cat-hydra-blue-cs","7":"product_cat-masky-a-peelingy","8":"product_cat-sucha-a-poskozena-plet","9":"product_cat-zrala-plet","10":"pa_objem-velkost-5-ks-cs","12":"first","13":"instock","14":"taxable","15":"shipping-taxable","16":"purchasable","17":"product-type-simple"},"acf":[],"_links":{"self":[{"href":"https:\/\/repechage.ideadivisions.dev\/cs\/wp-json\/wp\/v2\/product\/4881","targetHints":{"allow":["GET"]}}],"collection":[{"href":"https:\/\/repechage.ideadivisions.dev\/cs\/wp-json\/wp\/v2\/product"}],"about":[{"href":"https:\/\/repechage.ideadivisions.dev\/cs\/wp-json\/wp\/v2\/types\/product"}],"replies":[{"embeddable":true,"href":"https:\/\/repechage.ideadivisions.dev\/cs\/wp-json\/wp\/v2\/comments?post=4881"}],"wp:featuredmedia":[{"embeddable":true,"href":"https:\/\/repechage.ideadivisions.dev\/cs\/wp-json\/wp\/v2\/media\/3643"}],"wp:attachment":[{"href":"https:\/\/repechage.ideadivisions.dev\/cs\/wp-json\/wp\/v2\/media?parent=4881"}],"wp:term":[{"taxonomy":"badge","embeddable":true,"href":"https:\/\/repechage.ideadivisions.dev\/cs\/wp-json\/wp\/v2\/badge?post=4881"},{"taxonomy":"product_brand","embeddable":true,"href":"https:\/\/repechage.ideadivisions.dev\/cs\/wp-json\/wp\/v2\/product_brand?post=4881"},{"taxonomy":"product_cat","embeddable":true,"href":"https:\/\/repechage.ideadivisions.dev\/cs\/wp-json\/wp\/v2\/product_cat?post=4881"},{"taxonomy":"product_tag","embeddable":true,"href":"https:\/\/repechage.ideadivisions.dev\/cs\/wp-json\/wp\/v2\/product_tag?post=4881"}],"curies":[{"name":"wp","href":"https:\/\/api.w.org\/{rel}","templated":true}]}}