{"id":4882,"date":"2023-05-24T09:09:30","date_gmt":"2023-05-24T07:09:30","guid":{"rendered":"https:\/\/repechage.ideadivisions.dev\/?post_type=product&#038;p=4882"},"modified":"2025-04-26T11:37:00","modified_gmt":"2025-04-26T09:37:00","slug":"minutova-peelingova-maska-2","status":"publish","type":"product","link":"https:\/\/repechage.ideadivisions.dev\/cs\/produkt\/minutova-peelingova-maska-2\/","title":{"rendered":"Minutov\u00e1 peelingov\u00e1 maska"},"content":{"rendered":"<p>CO JE TO?<br \/>\nGranulovan\u00fd exfoli\u00e1tor, kter\u00fd nan\u00e1\u0161\u00edte jako masku, ale funguje jako peeling.<br \/>\nTato obli\u010dejov\u00e1 maska pom\u00e1h\u00e1 hloubkov\u011b \u010distit a absorbovat p\u0159ebyte\u010dn\u00fd maz bez vysu\u0161en\u00ed. Poko\u017eka se st\u00e1v\u00e1 jasn\u011bj\u0161\u00ed, hlad\u0161\u00ed a mazov\u011b vyrovnan\u011bj\u0161\u00ed.<\/p>\n<p>Drobn\u00e9 kuli\u010dky vosku z r\u00fd\u017eov\u00fdch otrub a kyselina ml\u00e9\u010dn\u00e1 odstra\u0148uj\u00ed p\u0159ebyte\u010dn\u00fd maz a ne\u010distoty, zat\u00edmco mo\u0159sk\u00e9 \u0159asy, adstringentn\u00ed extrakt z citr\u00f3nov\u00e9 tr\u00e1vy a ko\u0159ene moru\u0161e absorbuj\u00ed olej a zklid\u0148uj\u00edc\u00ed extrakty z okurky zanech\u00e1vaj\u00ed poko\u017eku \u010distou a jemnou.<br \/>\nSiln\u00e9 rozjas\u0148ova\u010de, jako je kyselina kojov\u00e1, farnesol a ko\u0159en l\u00e9ko\u0159ice, pom\u00e1haj\u00ed okam\u017eit\u011b vytvo\u0159it z\u00e1\u0159iv\u011bj\u0161\u00ed ple\u0165.<\/p>\n<p>PRO KOHO?<br \/>\nSkv\u011bl\u00e9 pro norm\u00e1ln\u00ed a\u017e mastnou ple\u0165.<\/p>\n<p>DOB\u0158E V\u011aD\u011aT<br \/>\nBez mikrokuli\u010dek, bez paraben\u016f a bez syntetick\u00e9 v\u016fn\u011b.<\/p>\n<p>POU\u017dIT\u00cd<br \/>\nNaneste tenkou vrstvu na obli\u010dej a krk a nechte p\u016fsobit alespo\u0148 jednu minutu. Opl\u00e1chn\u011bte vla\u017enou vodou a ple\u0165 dotonizujte. N\u00e1sledn\u011b pou\u017eijte s\u00e9rum nebo kr\u00e9m podle typy pleti.<\/p>\n<p>FREKVENCE<br \/>\nPou\u017e\u00edvejte dvakr\u00e1t a\u017e t\u0159ikr\u00e1t t\u00fddn\u011b, ide\u00e1ln\u011b ve\u010der.<\/p>\n","protected":false},"excerpt":{"rendered":"<p>Okam\u017eit\u00e9 rozz\u00e1\u0159en\u00ed pleti s minutovou maskou.<\/p>\n<p>&#8211; 2 v 1: Peeling a maska<br \/>\n&#8211; Rozz\u00e1\u0159en\u00ed, zjemn\u011bn\u00ed, sjednocen\u00ed<br \/>\n&#8211; Pro norm\u00e1ln\u00ed a\u017e mastnou ple\u0165<\/p>\n","protected":false},"featured_media":3647,"comment_status":"open","ping_status":"closed","template":"","meta":{"_acf_changed":false},"badge":[],"product_brand":[],"product_cat":[249,269,257],"product_tag":[],"class_list":{"0":"post-4882","1":"product","2":"type-product","3":"status-publish","4":"has-post-thumbnail","6":"product_cat-hydra-blue-cs","7":"product_cat-masky-a-peelingy","8":"product_cat-smisena-az-mastna-plet-s-akne","9":"pa_objem-velkost-70-ml-cs","11":"first","12":"instock","13":"taxable","14":"shipping-taxable","15":"purchasable","16":"product-type-simple"},"acf":[],"_links":{"self":[{"href":"https:\/\/repechage.ideadivisions.dev\/cs\/wp-json\/wp\/v2\/product\/4882","targetHints":{"allow":["GET"]}}],"collection":[{"href":"https:\/\/repechage.ideadivisions.dev\/cs\/wp-json\/wp\/v2\/product"}],"about":[{"href":"https:\/\/repechage.ideadivisions.dev\/cs\/wp-json\/wp\/v2\/types\/product"}],"replies":[{"embeddable":true,"href":"https:\/\/repechage.ideadivisions.dev\/cs\/wp-json\/wp\/v2\/comments?post=4882"}],"wp:featuredmedia":[{"embeddable":true,"href":"https:\/\/repechage.ideadivisions.dev\/cs\/wp-json\/wp\/v2\/media\/3647"}],"wp:attachment":[{"href":"https:\/\/repechage.ideadivisions.dev\/cs\/wp-json\/wp\/v2\/media?parent=4882"}],"wp:term":[{"taxonomy":"badge","embeddable":true,"href":"https:\/\/repechage.ideadivisions.dev\/cs\/wp-json\/wp\/v2\/badge?post=4882"},{"taxonomy":"product_brand","embeddable":true,"href":"https:\/\/repechage.ideadivisions.dev\/cs\/wp-json\/wp\/v2\/product_brand?post=4882"},{"taxonomy":"product_cat","embeddable":true,"href":"https:\/\/repechage.ideadivisions.dev\/cs\/wp-json\/wp\/v2\/product_cat?post=4882"},{"taxonomy":"product_tag","embeddable":true,"href":"https:\/\/repechage.ideadivisions.dev\/cs\/wp-json\/wp\/v2\/product_tag?post=4882"}],"curies":[{"name":"wp","href":"https:\/\/api.w.org\/{rel}","templated":true}]}}