{"id":4884,"date":"2023-05-24T09:09:34","date_gmt":"2023-05-24T07:09:34","guid":{"rendered":"https:\/\/repechage.ideadivisions.dev\/?post_type=product&#038;p=4884"},"modified":"2025-01-06T18:34:41","modified_gmt":"2025-01-06T17:34:41","slug":"red-out-zklidnujici-maska-1-baleni-2","status":"publish","type":"product","link":"https:\/\/repechage.ideadivisions.dev\/cs\/produkt\/red-out-zklidnujici-maska-1-baleni-2\/","title":{"rendered":"Red-Out\u00ae  zklid\u0148uj\u00edc\u00ed maska | 1 ks"},"content":{"rendered":"<p>CO JE TO?<br \/>\nZklid\u0148uj\u00edc\u00ed maska Rep\u00eachage\u00ae Red-Out\u00ae pom\u00e1h\u00e1 redukovat v\u00fdskyt zarudnut\u00ed zp\u016fsoben\u00e9ho prost\u0159ed\u00edm a stresem. Tato maska vyu\u017e\u00edv\u00e1 sm\u011bs vitam\u00edn\u016f, miner\u00e1l\u016f, stopov\u00fdch prvk\u016f, aminokyselin a antioxidant\u016f, kter\u00e9 se nach\u00e1zej\u00ed ve v\u00fdta\u017ec\u00edch z mo\u0159sk\u00fdch \u0159as. Ty se kombinuj\u00ed s l\u00e1tkami zm\u011bk\u010duj\u00edc\u00edmi poko\u017eku, jako je alantoin, aloe, kyselina hyaluronov\u00e1 a extrakt z Mirabilis Jalapa, aby poko\u017eku zvlh\u010dily a z\u00e1rove\u0148 ji pomohly uklidnit. Poko\u017eka bude vypadat jemn\u00e1, hladk\u00e1 a nest\u00e1rnouc\u00ed. Pom\u016f\u017ee sn\u00ed\u017eit zarudnut\u00ed, jemn\u00e9 linky a eliminovat vr\u00e1sky a suchost.<\/p>\n<p>PRO KOHO?<br \/>\nCitliv\u00e1, zarudl\u00e1 ple\u0165.<\/p>\n<p>POU\u017dIT\u00cd<br \/>\n(1) Umyjte si obli\u010dej \u010distic\u00edm prost\u0159edkem vhodn\u00fdm pro v\u00e1\u0161 typ pleti.<br \/>\n(2) Roztrhn\u011bte bal\u00ed\u010dek, rozlo\u017ete masku a naneste p\u0159\u00edmo na obli\u010dej.<br \/>\n(3) Kdy\u017e je maska na m\u00edst\u011b, odlepte vr\u0161ek v z\u00e1\u0159ezu a odho\u010fte jej.<br \/>\n(4) Upravte masku tak, aby t\u011bsn\u011b p\u0159il\u00e9hala k obrys\u016fm obli\u010deje a nechte p\u016fsobit 10 &#8211; 15 minut.<br \/>\n(5) Po uplynut\u00ed \u010dasu masku odstra\u0148te, ale neoplachujte &#8211; zbytky vmas\u00edrujte. N\u00e1sledn\u011b pou\u017eijte vhodn\u00e9 s\u00e9rum a kr\u00e9m Rep\u00eachage\u00ae. Pou\u017e\u00edvejte jej ve dne, v noci, p\u0159i cestov\u00e1n\u00ed nebo b\u011bhem sp\u00e1nku.<\/p>\n<p>FREKVENCE<br \/>\nPou\u017e\u00edvejte ji ve dne nebo v noci, p\u0159i cestov\u00e1n\u00ed nebo b\u011bhem sp\u00e1nku, 1 a\u017e 2x t\u00fddn\u011b.<\/p>\n","protected":false},"excerpt":{"rendered":"<p>Mo\u0159e klidu pro citlivou ple\u0165 d\u00edky l\u00e1tkov\u00e9 masce od Rep\u00eachage\u00ae Red-Out\u00ae.<\/p>\n<p>\u2013 Zklid\u0148uje, hydratuje, zjem\u0148uje<br \/>\n\u2013 Rychl\u00e9 a snadn\u00e9 pou\u017eit\u00ed<br \/>\n\u2013 Pro citlivou, zarudlou ple\u0165<\/p>\n","protected":false},"featured_media":3659,"comment_status":"open","ping_status":"closed","template":"","meta":{"_acf_changed":false},"badge":[],"product_brand":[],"product_cat":[262,248,269],"product_tag":[],"class_list":{"0":"post-4884","1":"product","2":"type-product","3":"status-publish","4":"has-post-thumbnail","6":"product_cat-citliva-plet-cs","7":"product_cat-hydra-4-red-out-cs","8":"product_cat-masky-a-peelingy","9":"pa_objem-velkost-1-ks-cs","11":"first","12":"instock","13":"taxable","14":"shipping-taxable","15":"purchasable","16":"product-type-simple"},"acf":[],"_links":{"self":[{"href":"https:\/\/repechage.ideadivisions.dev\/cs\/wp-json\/wp\/v2\/product\/4884","targetHints":{"allow":["GET"]}}],"collection":[{"href":"https:\/\/repechage.ideadivisions.dev\/cs\/wp-json\/wp\/v2\/product"}],"about":[{"href":"https:\/\/repechage.ideadivisions.dev\/cs\/wp-json\/wp\/v2\/types\/product"}],"replies":[{"embeddable":true,"href":"https:\/\/repechage.ideadivisions.dev\/cs\/wp-json\/wp\/v2\/comments?post=4884"}],"wp:featuredmedia":[{"embeddable":true,"href":"https:\/\/repechage.ideadivisions.dev\/cs\/wp-json\/wp\/v2\/media\/3659"}],"wp:attachment":[{"href":"https:\/\/repechage.ideadivisions.dev\/cs\/wp-json\/wp\/v2\/media?parent=4884"}],"wp:term":[{"taxonomy":"badge","embeddable":true,"href":"https:\/\/repechage.ideadivisions.dev\/cs\/wp-json\/wp\/v2\/badge?post=4884"},{"taxonomy":"product_brand","embeddable":true,"href":"https:\/\/repechage.ideadivisions.dev\/cs\/wp-json\/wp\/v2\/product_brand?post=4884"},{"taxonomy":"product_cat","embeddable":true,"href":"https:\/\/repechage.ideadivisions.dev\/cs\/wp-json\/wp\/v2\/product_cat?post=4884"},{"taxonomy":"product_tag","embeddable":true,"href":"https:\/\/repechage.ideadivisions.dev\/cs\/wp-json\/wp\/v2\/product_tag?post=4884"}],"curies":[{"name":"wp","href":"https:\/\/api.w.org\/{rel}","templated":true}]}}