{"id":4885,"date":"2023-05-24T09:09:34","date_gmt":"2023-05-24T07:09:34","guid":{"rendered":"https:\/\/repechage.ideadivisions.dev\/?post_type=product&#038;p=4885"},"modified":"2025-05-12T17:22:56","modified_gmt":"2025-05-12T15:22:56","slug":"pena-do-koupele-s-morskymi-rasami-2","status":"publish","type":"product","link":"https:\/\/repechage.ideadivisions.dev\/cs\/produkt\/pena-do-koupele-s-morskymi-rasami-2\/","title":{"rendered":"P\u011bna do koupele s mo\u0159sk\u00fdmi \u0159asami"},"content":{"rendered":"<p>CO JE TO?<br \/>\nNa\u0161e vlastn\u00ed metoda zpracov\u00e1n\u00ed mo\u0159sk\u00fdch \u0159as p\u0159in\u00e1\u0161\u00ed v\u0161echny v\u00fdhody mo\u0159e do va\u0161\u00ed koupele. Je to siln\u00e1 koncentrace v\u00fdta\u017ek\u016f z mo\u0159sk\u00fdch \u0159as Laminaria Digitata &amp; Ascophyllum Nodosum, kter\u00e9 jsou bohat\u00e9 na vitam\u00edny, miner\u00e1ly, aminokyseliny a stopov\u00e9 prvky. Dop\u0159ejte si Thalasso terapii p\u0159\u00edmo doma. Zm\u00edr\u0148uje stres, zlep\u0161uje krevn\u00ed ob\u011bh a revitalizuje.<\/p>\n<p>PRO KOHO?<br \/>\nPro v\u0161echny typy pleti.<\/p>\n<p>POU\u017dIT\u00cd<br \/>\nNapl\u0148te vanu vodou (38\u00baC), p\u0159idejte 30 ml p\u011bny s mo\u0159sk\u00fdmi \u0159asami (pou\u017eijte p\u0159ilo\u017een\u00fd uz\u00e1v\u011br) a odpo\u010d\u00edvejte 15-20 minut. Po osu\u0161en\u00ed o\u0161et\u0159ete t\u011blo t\u011blov\u00fdm kr\u00e9mem s mo\u0159sk\u00fdmi \u0159asami Rep\u00eachage.<\/p>\n<p>FREKVENCE<br \/>\nPou\u017e\u00edvejte klidn\u011b i p\u0159i ka\u017ed\u00e9 koupeli.<\/p>\n","protected":false},"excerpt":{"rendered":"<p>U\u017eijte si v\u00fdhod Thalasso terapie p\u0159\u00edmo u v\u00e1s doma.<\/p>\n<p>&#8211; Revitalizuje, remineralizuje, uklid\u0148uje<br \/>\n&#8211; Jedine\u010dn\u00e1 p\u011bna do koupele<br \/>\n&#8211; Pro v\u0161echny typy pleti<\/p>\n","protected":false},"featured_media":3662,"comment_status":"open","ping_status":"closed","template":"","meta":{"_acf_changed":false},"badge":[],"product_brand":[],"product_cat":[271,253],"product_tag":[],"class_list":{"0":"post-4885","1":"product","2":"type-product","3":"status-publish","4":"has-post-thumbnail","6":"product_cat-pece-o-telo","7":"product_cat-sea-spa-telova-kosmetika","8":"pa_objem-velkost-960-ml-cs","10":"first","11":"instock","12":"taxable","13":"shipping-taxable","14":"purchasable","15":"product-type-simple"},"acf":[],"_links":{"self":[{"href":"https:\/\/repechage.ideadivisions.dev\/cs\/wp-json\/wp\/v2\/product\/4885","targetHints":{"allow":["GET"]}}],"collection":[{"href":"https:\/\/repechage.ideadivisions.dev\/cs\/wp-json\/wp\/v2\/product"}],"about":[{"href":"https:\/\/repechage.ideadivisions.dev\/cs\/wp-json\/wp\/v2\/types\/product"}],"replies":[{"embeddable":true,"href":"https:\/\/repechage.ideadivisions.dev\/cs\/wp-json\/wp\/v2\/comments?post=4885"}],"wp:featuredmedia":[{"embeddable":true,"href":"https:\/\/repechage.ideadivisions.dev\/cs\/wp-json\/wp\/v2\/media\/3662"}],"wp:attachment":[{"href":"https:\/\/repechage.ideadivisions.dev\/cs\/wp-json\/wp\/v2\/media?parent=4885"}],"wp:term":[{"taxonomy":"badge","embeddable":true,"href":"https:\/\/repechage.ideadivisions.dev\/cs\/wp-json\/wp\/v2\/badge?post=4885"},{"taxonomy":"product_brand","embeddable":true,"href":"https:\/\/repechage.ideadivisions.dev\/cs\/wp-json\/wp\/v2\/product_brand?post=4885"},{"taxonomy":"product_cat","embeddable":true,"href":"https:\/\/repechage.ideadivisions.dev\/cs\/wp-json\/wp\/v2\/product_cat?post=4885"},{"taxonomy":"product_tag","embeddable":true,"href":"https:\/\/repechage.ideadivisions.dev\/cs\/wp-json\/wp\/v2\/product_tag?post=4885"}],"curies":[{"name":"wp","href":"https:\/\/api.w.org\/{rel}","templated":true}]}}