{"id":4886,"date":"2023-05-24T09:09:34","date_gmt":"2023-05-24T07:09:34","guid":{"rendered":"https:\/\/repechage.ideadivisions.dev\/?post_type=product&#038;p=4886"},"modified":"2025-02-04T11:30:47","modified_gmt":"2025-02-04T10:30:47","slug":"sea-cleanse-cistici-pena-s-morskymi-rasami-2","status":"publish","type":"product","link":"https:\/\/repechage.ideadivisions.dev\/cs\/produkt\/sea-cleanse-cistici-pena-s-morskymi-rasami-2\/","title":{"rendered":"Sea Cleanse\u00ae  \u010dist\u00edc\u00ed p\u011bna s mo\u0159sk\u00fdmi \u0159asami"},"content":{"rendered":"<p>CO JE TO?<br \/>\nTento p\u011bniv\u00fd \u010dist\u00edc\u00ed prost\u0159edek bez obsahu m\u00fddla odstra\u0148uje make-up a ne\u010distoty, ani\u017e by byla va\u0161e poko\u017eka such\u00e1 nebo napjat\u00e1.<br \/>\nJedine\u010dn\u00e1 kombinace p\u0159\u00edrodn\u00edch povrchov\u011b aktivn\u00edch l\u00e1tek, dvou vybran\u00fdch mo\u0159sk\u00fdch \u0159as, multi-ovocn\u00fdch kyselin a s\u00f3jov\u00e9ho proteinu pom\u00e1h\u00e1 udr\u017eovat poko\u017eku jemnou, hladkou a \u010distou bez pocitu sucha.<\/p>\n<p>PRO KOHO?<br \/>\nSkv\u011bl\u00e9 pro norm\u00e1ln\u00ed a\u017e suchou ple\u0165<\/p>\n<p>DOB\u0158E V\u011aD\u011aT<br \/>\nBez paraben\u016f, nikdy netestov\u00e1no na zv\u00ed\u0159atech, bez obsahu m\u00fddla<\/p>\n<p>POU\u017dIT\u00cd<br \/>\nNad\u00e1vkujte jednu nebo dv\u011b pumpi\u010dky p\u011bny do dlan\u011b. Naneste na obli\u010dej krou\u017eiv\u00fdmi pohyby. D\u016fkladn\u011b opl\u00e1chn\u011bte. Pokra\u010dujte tonizac\u00ed s Rep\u00eachage\u00ae Algo Mist\u00ae Hydrata\u010dn\u00edm sprejem na obli\u010dej z mo\u0159sk\u00fdch \u0159as.<\/p>\n<p>FREKVENCE<br \/>\nPou\u017e\u00edvejte 2x denn\u011b: r\u00e1no a ve\u010der.<\/p>\n","protected":false},"excerpt":{"rendered":"<p>Nad\u00fdchan\u00e1 \u010dist\u00edc\u00ed p\u011bna s mo\u0159sk\u00fdmi \u0159asami a proteinem<\/p>\n<p>&#8211; Odstra\u0148uje make-up a ne\u010distoty<br \/>\n&#8211; Bez obsahu m\u00fddla<br \/>\n&#8211; Pro norm\u00e1ln\u00ed a\u017e suchou ple\u0165<\/p>\n","protected":false},"featured_media":3663,"comment_status":"open","ping_status":"closed","template":"","meta":{"_acf_changed":false},"badge":[],"product_brand":[],"product_cat":[266,249,257],"product_tag":[],"class_list":{"0":"post-4886","1":"product","2":"type-product","3":"status-publish","4":"has-post-thumbnail","6":"product_cat-cisteni-pleti-a-tonizace","7":"product_cat-hydra-blue-cs","8":"product_cat-smisena-az-mastna-plet-s-akne","9":"pa_objem-velkost-150-ml-cs","11":"first","12":"instock","13":"taxable","14":"shipping-taxable","15":"purchasable","16":"product-type-simple"},"acf":[],"_links":{"self":[{"href":"https:\/\/repechage.ideadivisions.dev\/cs\/wp-json\/wp\/v2\/product\/4886","targetHints":{"allow":["GET"]}}],"collection":[{"href":"https:\/\/repechage.ideadivisions.dev\/cs\/wp-json\/wp\/v2\/product"}],"about":[{"href":"https:\/\/repechage.ideadivisions.dev\/cs\/wp-json\/wp\/v2\/types\/product"}],"replies":[{"embeddable":true,"href":"https:\/\/repechage.ideadivisions.dev\/cs\/wp-json\/wp\/v2\/comments?post=4886"}],"wp:featuredmedia":[{"embeddable":true,"href":"https:\/\/repechage.ideadivisions.dev\/cs\/wp-json\/wp\/v2\/media\/3663"}],"wp:attachment":[{"href":"https:\/\/repechage.ideadivisions.dev\/cs\/wp-json\/wp\/v2\/media?parent=4886"}],"wp:term":[{"taxonomy":"badge","embeddable":true,"href":"https:\/\/repechage.ideadivisions.dev\/cs\/wp-json\/wp\/v2\/badge?post=4886"},{"taxonomy":"product_brand","embeddable":true,"href":"https:\/\/repechage.ideadivisions.dev\/cs\/wp-json\/wp\/v2\/product_brand?post=4886"},{"taxonomy":"product_cat","embeddable":true,"href":"https:\/\/repechage.ideadivisions.dev\/cs\/wp-json\/wp\/v2\/product_cat?post=4886"},{"taxonomy":"product_tag","embeddable":true,"href":"https:\/\/repechage.ideadivisions.dev\/cs\/wp-json\/wp\/v2\/product_tag?post=4886"}],"curies":[{"name":"wp","href":"https:\/\/api.w.org\/{rel}","templated":true}]}}