{"id":4887,"date":"2023-05-24T09:09:34","date_gmt":"2023-05-24T07:09:34","guid":{"rendered":"https:\/\/repechage.ideadivisions.dev\/?post_type=product&#038;p=4887"},"modified":"2025-04-26T11:39:41","modified_gmt":"2025-04-26T09:39:41","slug":"sea-spa-glow-telovy-peeling-2","status":"publish","type":"product","link":"https:\/\/repechage.ideadivisions.dev\/cs\/produkt\/sea-spa-glow-telovy-peeling-2\/","title":{"rendered":"Sea Spa Glow t\u011blov\u00fd peeling"},"content":{"rendered":"<p>CO JE TO?<br \/>\nT\u011blov\u00fd peeling na b\u00e1zi miner\u00e1ln\u00edch sol\u00ed z Mrtv\u00e9ho mo\u0159e a bohat\u00fd na hydrata\u010dn\u00ed a vlhkost v\u00e1\u017e\u00edc\u00ed v\u00fdta\u017eky z mo\u0159sk\u00fdch \u0159as Laminaria Digitata, Ulva Lactuca a Chondrus Crispus. V kombinaci s osv\u011b\u017euj\u00edc\u00ed m\u00e1tou a uklid\u0148uj\u00edc\u00edm aloe. Budete se c\u00edtit nabit\u00ed energi\u00ed a sv\u011b\u017e\u00ed, s hladkou, hedv\u00e1bnou a jemnou poko\u017ekou.<\/p>\n<p>PRO KOHO?<br \/>\nPro v\u0161echny typy pleti<\/p>\n<p>POU\u017dIT\u00cd<br \/>\nPou\u017e\u00edvejte ve spr\u0161e na vlhkou poko\u017eku. Naneste na cel\u00e9 t\u011blo a energicky mas\u00edrujte, p\u0159i\u010dem\u017e zvl\u00e1\u0161tn\u00ed pozornost v\u011bnujte lokt\u016fm, kolen\u016fm a chodidl\u016fm. D\u016fkladn\u011b opl\u00e1chn\u011bte, osu\u0161te ru\u010dn\u00edkem a naneste t\u011blov\u00fd kr\u00e9m z mo\u0159sk\u00fdch \u0159as Rep\u00eachage\u00ae.<\/p>\n<p>FREKVENCE<br \/>\nPou\u017e\u00edvejte tak \u010dasto, jak je to nutn\u00e9.<\/p>\n","protected":false},"excerpt":{"rendered":"<p>N\u00e1\u0161 nejprod\u00e1van\u011bj\u0161\u00ed t\u011blov\u00fd peeling!<\/p>\n<p>&#8211; Zjem\u0148uje, osv\u011b\u017euje, hydratuje<br \/>\n&#8211; Pou\u017eit\u00ed ve spr\u0161e<br \/>\n&#8211; Pro v\u0161echny typy pleti<\/p>\n","protected":false},"featured_media":3665,"comment_status":"open","ping_status":"closed","template":"","meta":{"_acf_changed":false},"badge":[],"product_brand":[],"product_cat":[271,253],"product_tag":[],"class_list":{"0":"post-4887","1":"product","2":"type-product","3":"status-publish","4":"has-post-thumbnail","6":"product_cat-pece-o-telo","7":"product_cat-sea-spa-telova-kosmetika","8":"pa_objem-velkost-240-ml-cs","10":"first","11":"instock","12":"taxable","13":"shipping-taxable","14":"purchasable","15":"product-type-simple"},"acf":[],"_links":{"self":[{"href":"https:\/\/repechage.ideadivisions.dev\/cs\/wp-json\/wp\/v2\/product\/4887","targetHints":{"allow":["GET"]}}],"collection":[{"href":"https:\/\/repechage.ideadivisions.dev\/cs\/wp-json\/wp\/v2\/product"}],"about":[{"href":"https:\/\/repechage.ideadivisions.dev\/cs\/wp-json\/wp\/v2\/types\/product"}],"replies":[{"embeddable":true,"href":"https:\/\/repechage.ideadivisions.dev\/cs\/wp-json\/wp\/v2\/comments?post=4887"}],"wp:featuredmedia":[{"embeddable":true,"href":"https:\/\/repechage.ideadivisions.dev\/cs\/wp-json\/wp\/v2\/media\/3665"}],"wp:attachment":[{"href":"https:\/\/repechage.ideadivisions.dev\/cs\/wp-json\/wp\/v2\/media?parent=4887"}],"wp:term":[{"taxonomy":"badge","embeddable":true,"href":"https:\/\/repechage.ideadivisions.dev\/cs\/wp-json\/wp\/v2\/badge?post=4887"},{"taxonomy":"product_brand","embeddable":true,"href":"https:\/\/repechage.ideadivisions.dev\/cs\/wp-json\/wp\/v2\/product_brand?post=4887"},{"taxonomy":"product_cat","embeddable":true,"href":"https:\/\/repechage.ideadivisions.dev\/cs\/wp-json\/wp\/v2\/product_cat?post=4887"},{"taxonomy":"product_tag","embeddable":true,"href":"https:\/\/repechage.ideadivisions.dev\/cs\/wp-json\/wp\/v2\/product_tag?post=4887"}],"curies":[{"name":"wp","href":"https:\/\/api.w.org\/{rel}","templated":true}]}}