{"id":4888,"date":"2023-05-24T09:09:34","date_gmt":"2023-05-24T07:09:34","guid":{"rendered":"https:\/\/repechage.ideadivisions.dev\/?post_type=product&#038;p=4888"},"modified":"2025-05-05T00:04:28","modified_gmt":"2025-05-04T22:04:28","slug":"spa-krem-na-ruce-2","status":"publish","type":"product","link":"https:\/\/repechage.ideadivisions.dev\/cs\/produkt\/spa-krem-na-ruce-2\/","title":{"rendered":"Sea Spa kr\u00e9m na ruce"},"content":{"rendered":"<p>CO JE TO?<br \/>\nTento exkluzivn\u00ed kr\u00e9m na ruce vyhlazuje a hydratuje ruce bohat\u00fdm bambuck\u00fdm m\u00e1slem a mo\u0159skou \u0159asou Laminaria Digitata v\u00e1\u017e\u00edc\u00ed vlhkost. Pom\u00e1h\u00e1 uklidnit such\u00e9 ruce se zelen\u00fdm \u010dajem a vitam\u00edny C a E. Jemn\u00fd, nemastn\u00fd kr\u00e9m poskytne p\u0159\u00edjemn\u00fd pocit i d\u00edky levanduli a he\u0159m\u00e1nku.<\/p>\n<p>PRO KOHO?<br \/>\nV\u0161echny typy poko\u017eky.<\/p>\n<p>POU\u017dIT\u00cd<br \/>\nVmas\u00edrujte do poko\u017eky rukou a nehtov\u00e9 k\u016f\u017ei\u010dky.<\/p>\n<p>FREKVENCE<br \/>\nPou\u017e\u00edvejte tak \u010dasto, jak je pot\u0159eba.<\/p>\n","protected":false},"excerpt":{"rendered":"<p>Exkluzivn\u00ed v\u00fd\u017eivn\u00fd kr\u00e9m na such\u00e9 ruce<\/p>\n<p>&#8211; Hydratuje, zjem\u0148uje, vy\u017eivuje<br \/>\n&#8211; Nezanech\u00e1v\u00e1 ruce mastn\u00e9<br \/>\n&#8211; Pro mu\u017ee i \u017eeny<\/p>\n","protected":false},"featured_media":3667,"comment_status":"open","ping_status":"closed","template":"","meta":{"_acf_changed":false},"badge":[],"product_brand":[],"product_cat":[271,253,261],"product_tag":[],"class_list":{"0":"post-4888","1":"product","2":"type-product","3":"status-publish","4":"has-post-thumbnail","6":"product_cat-pece-o-telo","7":"product_cat-sea-spa-telova-kosmetika","8":"product_cat-sucha-a-poskozena-plet","9":"pa_objem-velkost-60-ml-cs","11":"first","12":"instock","13":"taxable","14":"shipping-taxable","15":"purchasable","16":"product-type-simple"},"acf":[],"_links":{"self":[{"href":"https:\/\/repechage.ideadivisions.dev\/cs\/wp-json\/wp\/v2\/product\/4888","targetHints":{"allow":["GET"]}}],"collection":[{"href":"https:\/\/repechage.ideadivisions.dev\/cs\/wp-json\/wp\/v2\/product"}],"about":[{"href":"https:\/\/repechage.ideadivisions.dev\/cs\/wp-json\/wp\/v2\/types\/product"}],"replies":[{"embeddable":true,"href":"https:\/\/repechage.ideadivisions.dev\/cs\/wp-json\/wp\/v2\/comments?post=4888"}],"wp:featuredmedia":[{"embeddable":true,"href":"https:\/\/repechage.ideadivisions.dev\/cs\/wp-json\/wp\/v2\/media\/3667"}],"wp:attachment":[{"href":"https:\/\/repechage.ideadivisions.dev\/cs\/wp-json\/wp\/v2\/media?parent=4888"}],"wp:term":[{"taxonomy":"badge","embeddable":true,"href":"https:\/\/repechage.ideadivisions.dev\/cs\/wp-json\/wp\/v2\/badge?post=4888"},{"taxonomy":"product_brand","embeddable":true,"href":"https:\/\/repechage.ideadivisions.dev\/cs\/wp-json\/wp\/v2\/product_brand?post=4888"},{"taxonomy":"product_cat","embeddable":true,"href":"https:\/\/repechage.ideadivisions.dev\/cs\/wp-json\/wp\/v2\/product_cat?post=4888"},{"taxonomy":"product_tag","embeddable":true,"href":"https:\/\/repechage.ideadivisions.dev\/cs\/wp-json\/wp\/v2\/product_tag?post=4888"}],"curies":[{"name":"wp","href":"https:\/\/api.w.org\/{rel}","templated":true}]}}