{"id":4890,"date":"2023-05-24T09:09:34","date_gmt":"2023-05-24T07:09:34","guid":{"rendered":"https:\/\/repechage.ideadivisions.dev\/?post_type=product&#038;p=4890"},"modified":"2025-05-12T17:52:57","modified_gmt":"2025-05-12T15:52:57","slug":"hydra-blue-cestovni-baleni-2","status":"publish","type":"product","link":"https:\/\/repechage.ideadivisions.dev\/cs\/produkt\/hydra-blue-cestovni-baleni-2\/","title":{"rendered":"Hydra Blue\u00ae cestovn\u00ed balen\u00ed"},"content":{"rendered":"<p>CO JE TO?<br \/>\nTento set obsahuje to nejlep\u0161\u00ed z na\u0161\u00ed prvot\u0159\u00eddn\u00ed, ocen\u011bn\u00e9 kolekce p\u00e9\u010de o ple\u0165 Hydra Blue\u00ae pro v\u0161echny typy pleti. Tato \u0159ada s nejvy\u0161\u0161\u00ed koncentrac\u00ed exkluzivn\u00edho filtr\u00e1tu z mo\u0159sk\u00fdch \u0159as Laminaria Digitata sklizen\u00e9ho udr\u017eiteln\u00fdm zp\u016fsobem od Rep\u00eachage s 12 vitam\u00edny, 18 aminokyselinami a 42 esenci\u00e1ln\u00edmi miner\u00e1ly pom\u016f\u017ee udr\u017eet poko\u017eku hladkou, hebkou a z\u00e1\u0159ivou. Balen\u00ed Hydra Blue\u00ae Starter Collection obsahuje p\u011bt produkt\u016f pro dom\u00e1c\u00ed p\u00e9\u010di v praktick\u00fdch zmen\u0161en\u00fdch balen\u00edch.<\/p>\n<p>PRO KOHO?<br \/>\nPro v\u0161echny typy pleti. Ide\u00e1ln\u00ed pro ple\u0165 dehydrovanou.<\/p>\n<p>O PRODUKTECH<br \/>\nSEA CLEANSE\u00ae \u010dist\u00edc\u00ed p\u011bna s mo\u0159sk\u00fdmi \u0159asami<br \/>\nTato \u010dist\u00edc\u00ed p\u011bna bez obsahu m\u00fddla odstra\u0148uje ne\u010distoty a make-up, ani\u017e by byla va\u0161e poko\u017eka such\u00e1 nebo napnut\u00e1. Dv\u011b vybran\u00e9 mo\u0159sk\u00e9 \u0159asy, multi-ovocn\u00e9 kyseliny a s\u00f3jov\u00fd protein pom\u00e1haj\u00ed udr\u017eovat poko\u017eku jemnou, hladkou a \u010distou bez pocitu nap\u011bt\u00ed.<br \/>\nZp\u016fsob pou\u017eit\u00ed: Nad\u00e1vkujte 1-2 pumpi\u010dky p\u011bny do dlan\u011b. Naneste na obli\u010dej krou\u017eiv\u00fdmi pohyby. D\u016fkladn\u011b opl\u00e1chn\u011bte. Pou\u017e\u00edvejte dvakr\u00e1t denn\u011b.<\/p>\n<p>ALGO MIST\u00ae hydrata\u010dn\u00ed sprej na obli\u010dej z mo\u0159sk\u00fdch \u0159as<br \/>\nTento osv\u011b\u017euj\u00edc\u00ed hydrata\u010dn\u00ed sprej na obli\u010dej obsahuje n\u00e1\u0161 exkluzivn\u00ed extrakt z mo\u0159sk\u00fdch \u0159as v kombinaci s vitam\u00ednem C, ginkgo bilobou, aloe a pomeran\u010dovou vodou, kter\u00e9 pom\u00e1haj\u00ed udr\u017eovat poko\u017eku vy\u017eivenou, sv\u011b\u017e\u00ed a z\u00e1\u0159ivou.<br \/>\nZp\u016fsob pou\u017eit\u00ed: Zav\u0159ete o\u010di a nast\u0159\u00edkejte na cel\u00fd obli\u010dej. Pou\u017e\u00edvejte tak \u010dasto, jak je pot\u0159eba. Pou\u017e\u00edvat jej m\u016f\u017eete tak\u00e9 na make-up.<\/p>\n<p>C-SERUM\u00ae s\u00e9rum z mo\u0159sk\u00fdch \u0159as<br \/>\nNa\u0161e p\u0159edn\u00ed denn\u00ed obli\u010dejov\u00e9 s\u00e9rum pro v\u0161echny typy pleti je intenzivn\u00edm koncentr\u00e1tem na\u0161eho exkluzivn\u00edho, na \u017eiviny bohat\u00e9ho extraktu z mo\u0159sk\u00fdch \u0159as Laminaria Digitata, kter\u00fd pom\u00e1h\u00e1 doplnit vlhkost a prosv\u011btluje ple\u0165.<br \/>\nZp\u016fsob pou\u017eit\u00ed: Pou\u017e\u00edvejte na cel\u00fd obli\u010dej, krk a dekolt dvakr\u00e1t denn\u011b.<\/p>\n<p>HYDRO-COMPLEX\u00ae hydrata\u010dn\u00ed kr\u00e9m pro norm\u00e1ln\u00ed a\u017e suchou ple\u0165<br \/>\nTato ocen\u011bn\u00e1 receptura se skl\u00e1d\u00e1 z mo\u0159sk\u00fdch \u0159as Laminaria Digitata a Ascophyllum Nosodum, kyseliny ml\u00e9\u010dn\u00e9 a komplexu AHA, kter\u00e9 pom\u00e1haj\u00ed jemn\u011b odlupovat a obnovovat va\u0161i poko\u017eku a z\u00e1rove\u0148 ji hydratuj\u00ed.<br \/>\nZp\u016fsob pou\u017eit\u00ed: Po o\u010di\u0161t\u011bn\u00ed a tonizaci naneste kr\u00e9m na obli\u010dej tahy sm\u011brem nahoru a ven. Pou\u017e\u00edvejte dvakr\u00e1t denn\u011b.<\/p>\n<p>OPTI-FIRM\u00ae kr\u00e9m na o\u010dn\u00ed kontury<br \/>\nRetinyl Palmit\u00e1t (vitamin A) a vitamin C v kombinaci s na\u0161imi exkluzivn\u00edmi v\u00fdta\u017eky z mo\u0159sk\u00fdch \u0159as, mo\u0159sk\u00e9ho biopeptidu, pom\u00e1h\u00e1 sni\u017eovat v\u00fdskyt jemn\u00fdch linek a vr\u00e1sek. Aloe, okurka, he\u0159m\u00e1nek a vitam\u00edn E pom\u00e1haj\u00ed uklidnit jemn\u00e9 o\u010dn\u00ed okol\u00ed, zat\u00edmco rostlinn\u00e9 v\u00fdta\u017eky pom\u00e1haj\u00ed sni\u017eovat v\u00fdskyt tmav\u00fdch kruh\u016f a otok\u016f.<br \/>\nZp\u016fsob pou\u017eit\u00ed: Aplikujte krou\u017eiv\u00fdmi pohyby na okol\u00ed o\u010d\u00ed. Pro dosa\u017een\u00ed nejlep\u0161\u00edch v\u00fdsledk\u016f zapracujte poklep\u00e1v\u00e1n\u00edm.<\/p>\n","protected":false},"excerpt":{"rendered":"<p>Praktick\u00e9 cestovn\u00ed balen\u00ed p\u011bti produkt\u016f \u0159ady Hydra Blue\u00ae<br \/>\n&#8211; Sea Cleanse\u00ae Foaming Seaweed Cleanser: 50 ml<br \/>\n&#8211; Algo Mist\u00ae Hydrating Seaweed Facial Spray: 29 ml<br \/>\n&#8211; C-Serum\u00ae Seaweed Filtrate: 10 ml<br \/>\n&#8211; Hydro-Complex\u00ae PFS Moisturizing Cream (Dry): 10 ml<br \/>\n&#8211; Opti-Firm\u00ae Eye Contour Cream: 5 ml<\/p>\n","protected":false},"featured_media":7067,"comment_status":"open","ping_status":"closed","template":"","meta":{"_acf_changed":false},"badge":[],"product_brand":[],"product_cat":[337,265,249,261],"product_tag":[],"class_list":{"0":"post-4890","1":"product","2":"type-product","3":"status-publish","4":"has-post-thumbnail","6":"product_cat-akce","7":"product_cat-darkove-poukazy-a-balicky","8":"product_cat-hydra-blue-cs","9":"product_cat-sucha-a-poskozena-plet","11":"first","12":"instock","13":"taxable","14":"shipping-taxable","15":"purchasable","16":"product-type-simple"},"acf":[],"_links":{"self":[{"href":"https:\/\/repechage.ideadivisions.dev\/cs\/wp-json\/wp\/v2\/product\/4890","targetHints":{"allow":["GET"]}}],"collection":[{"href":"https:\/\/repechage.ideadivisions.dev\/cs\/wp-json\/wp\/v2\/product"}],"about":[{"href":"https:\/\/repechage.ideadivisions.dev\/cs\/wp-json\/wp\/v2\/types\/product"}],"replies":[{"embeddable":true,"href":"https:\/\/repechage.ideadivisions.dev\/cs\/wp-json\/wp\/v2\/comments?post=4890"}],"wp:featuredmedia":[{"embeddable":true,"href":"https:\/\/repechage.ideadivisions.dev\/cs\/wp-json\/wp\/v2\/media\/7067"}],"wp:attachment":[{"href":"https:\/\/repechage.ideadivisions.dev\/cs\/wp-json\/wp\/v2\/media?parent=4890"}],"wp:term":[{"taxonomy":"badge","embeddable":true,"href":"https:\/\/repechage.ideadivisions.dev\/cs\/wp-json\/wp\/v2\/badge?post=4890"},{"taxonomy":"product_brand","embeddable":true,"href":"https:\/\/repechage.ideadivisions.dev\/cs\/wp-json\/wp\/v2\/product_brand?post=4890"},{"taxonomy":"product_cat","embeddable":true,"href":"https:\/\/repechage.ideadivisions.dev\/cs\/wp-json\/wp\/v2\/product_cat?post=4890"},{"taxonomy":"product_tag","embeddable":true,"href":"https:\/\/repechage.ideadivisions.dev\/cs\/wp-json\/wp\/v2\/product_tag?post=4890"}],"curies":[{"name":"wp","href":"https:\/\/api.w.org\/{rel}","templated":true}]}}