{"id":4892,"date":"2023-05-24T09:09:34","date_gmt":"2023-05-24T07:09:34","guid":{"rendered":"https:\/\/repechage.ideadivisions.dev\/?post_type=product&#038;p=4892"},"modified":"2025-01-06T18:50:55","modified_gmt":"2025-01-06T17:50:55","slug":"peptidova-latkova-maska-s-trojim-ucinkem-pro-vsechny-typy-pleti-jedno-baleni-2","status":"publish","type":"product","link":"https:\/\/repechage.ideadivisions.dev\/cs\/produkt\/peptidova-latkova-maska-s-trojim-ucinkem-pro-vsechny-typy-pleti-jedno-baleni-2\/","title":{"rendered":"Peptidov\u00e1 l\u00e1tkov\u00e1 maska s troj\u00edm \u00fa\u010dinkem pro v\u0161echny typy pleti | 1 ks"},"content":{"rendered":"<p>CO JE TO?<br \/>\nTuto l\u00e1tkovou masku z mo\u0159sk\u00fdch \u0159as a peptid\u016f m\u016f\u017eete pou\u017e\u00edt k hydrataci, zpevn\u011bn\u00ed a obnov\u011b vzhledu poko\u017eky. \u200bPom\u016f\u017ee pleti vypadat z\u00e1\u0159iv\u011b a pru\u017en\u011b a z\u00e1rove\u0148 sn\u00ed\u017e\u00ed v\u00fdskyt jemn\u00fdch linek a vr\u00e1sek.<br \/>\nPou\u017e\u00edvejte samostatn\u011b podle pot\u0159eby pro osv\u011b\u017eenou, z\u00e1\u0159ivou ple\u0165 nebo ve spojen\u00ed s peptidov\u00fdm s\u00e9rem s troj\u00edm \u00fa\u010dinkem.<\/p>\n<p>PRO KOHO?<br \/>\nV\u0161echny typy poko\u017eky. Ide\u00e1ln\u00ed pro zralou ple\u0165.<\/p>\n<p>DOB\u0158E V\u011aD\u011aT:<br \/>\nBez paraben\u016f.<\/p>\n<p>POU\u017dIT\u00cd<br \/>\nPo vy\u010di\u0161t\u011bn\u00ed pleti jednodu\u0161e roztrhn\u011bte bal\u00ed\u010dek, rozlo\u017ete masku a naneste p\u0159\u00edmo na obli\u010dej. Kdy\u017e je maska na m\u00edst\u011b, odlepte horn\u00ed vrstvu a vyho\u010fte ji. D\u016eLE\u017dIT\u00c9: Upravte masku tak, aby t\u011bsn\u011b p\u0159il\u00e9hala k obrys\u016fm va\u0161eho obli\u010deje. Nechte p\u016fsobit 10 \u2013 15 minut. N\u00e1sledn\u011b masku odstra\u0148te. P\u0159ebyte\u010dn\u00e9 zbytky neoplachujte ani neut\u00edrejte, jemn\u011b je vmas\u00edrujte lehk\u00fdmi mas\u00e1\u017en\u00edmi tahy. Po vst\u0159eb\u00e1n\u00ed pou\u017eijte obl\u00edben\u00e9 s\u00e9rum nebo kr\u00e9m.<\/p>\n<p>FREKVENCE<br \/>\nPodle pot\u0159eby.<\/p>\n","protected":false},"excerpt":{"rendered":"<p>Odhalte hydratovanou ple\u0165 ji\u017e za 10 minut s touto peptidovou maskou.<\/p>\n<p>&#8211; Hydratuje, zpev\u0148uje, vyhlazuje<br \/>\n&#8211; Snadn\u00e1 a rychl\u00e1 manipulace<br \/>\n&#8211; Pro v\u0161echny typy pleti<\/p>\n","protected":false},"featured_media":3678,"comment_status":"open","ping_status":"closed","template":"","meta":{"_acf_changed":false},"badge":[],"product_brand":[],"product_cat":[249,260,269,261,259],"product_tag":[],"class_list":{"0":"post-4892","1":"product","2":"type-product","3":"status-publish","4":"has-post-thumbnail","6":"product_cat-hydra-blue-cs","7":"product_cat-jemne-linie-a-vrasky-cs","8":"product_cat-masky-a-peelingy","9":"product_cat-sucha-a-poskozena-plet","10":"product_cat-zrala-plet","11":"pa_objem-velkost-1-ks-cs","13":"first","14":"instock","15":"taxable","16":"shipping-taxable","17":"purchasable","18":"product-type-simple"},"acf":[],"_links":{"self":[{"href":"https:\/\/repechage.ideadivisions.dev\/cs\/wp-json\/wp\/v2\/product\/4892","targetHints":{"allow":["GET"]}}],"collection":[{"href":"https:\/\/repechage.ideadivisions.dev\/cs\/wp-json\/wp\/v2\/product"}],"about":[{"href":"https:\/\/repechage.ideadivisions.dev\/cs\/wp-json\/wp\/v2\/types\/product"}],"replies":[{"embeddable":true,"href":"https:\/\/repechage.ideadivisions.dev\/cs\/wp-json\/wp\/v2\/comments?post=4892"}],"wp:featuredmedia":[{"embeddable":true,"href":"https:\/\/repechage.ideadivisions.dev\/cs\/wp-json\/wp\/v2\/media\/3678"}],"wp:attachment":[{"href":"https:\/\/repechage.ideadivisions.dev\/cs\/wp-json\/wp\/v2\/media?parent=4892"}],"wp:term":[{"taxonomy":"badge","embeddable":true,"href":"https:\/\/repechage.ideadivisions.dev\/cs\/wp-json\/wp\/v2\/badge?post=4892"},{"taxonomy":"product_brand","embeddable":true,"href":"https:\/\/repechage.ideadivisions.dev\/cs\/wp-json\/wp\/v2\/product_brand?post=4892"},{"taxonomy":"product_cat","embeddable":true,"href":"https:\/\/repechage.ideadivisions.dev\/cs\/wp-json\/wp\/v2\/product_cat?post=4892"},{"taxonomy":"product_tag","embeddable":true,"href":"https:\/\/repechage.ideadivisions.dev\/cs\/wp-json\/wp\/v2\/product_tag?post=4892"}],"curies":[{"name":"wp","href":"https:\/\/api.w.org\/{rel}","templated":true}]}}