{"id":4893,"date":"2023-05-24T09:09:34","date_gmt":"2023-05-24T07:09:34","guid":{"rendered":"https:\/\/repechage.ideadivisions.dev\/?post_type=product&#038;p=4893"},"modified":"2025-05-21T11:37:56","modified_gmt":"2025-05-21T09:37:56","slug":"peptidove-serum-s-trojim-ucinkem-2","status":"publish","type":"product","link":"https:\/\/repechage.ideadivisions.dev\/cs\/produkt\/peptidove-serum-s-trojim-ucinkem-2\/","title":{"rendered":"Peptidov\u00e9 s\u00e9rum s troj\u00edm \u00fa\u010dinkem"},"content":{"rendered":"<p>CO JE TO?<br \/>\nToto siln\u00e9 s\u00e9rum na b\u00e1zi mo\u0159sk\u00fdch \u0159as a peptid\u016f, zalo\u017een\u00e9 na pokro\u010dil\u00e9 v\u011bd\u011b o p\u00e9\u010di o ple\u0165 a p\u0159\u00edrodn\u00edch slo\u017ek\u00e1ch, pom\u00e1h\u00e1 sni\u017eovat v\u00fdskyt jemn\u00fdch linek a vr\u00e1sek a pom\u00e1h\u00e1 bojovat proti viditeln\u00fdm zn\u00e1mk\u00e1m p\u0159ed\u010dasn\u00e9ho st\u00e1rnut\u00ed. Ple\u0165 je hydratovan\u00e1, rozz\u00e1\u0159en\u00e1, vyhlazen\u00e1 a zpevn\u011bn\u00e1.<\/p>\n<p>PRO KOHO?<br \/>\nV\u0161echny typy poko\u017eky. Ide\u00e1ln\u00ed pro zralou ple\u0165.<\/p>\n<p>DOB\u0158E V\u011aD\u011aT<br \/>\nBez paraben\u016f, netestov\u00e1no na zv\u00ed\u0159atech.<\/p>\n<p>POU\u017dIT\u00cd<br \/>\nNa o\u010di\u0161t\u011bnou ple\u0165 aplikujte deset kapek dvakr\u00e1t denn\u011b na obli\u010dej, krk a dekolt. Jemn\u011b vmas\u00edrujte do poko\u017eky, po\u010dkejte deset minut a pot\u00e9 naneste sv\u016fj obl\u00edben\u00fd kr\u00e9my.<\/p>\n<p>TIP<br \/>\nJednou t\u00fddn\u011b m\u016f\u017eete nastartovat svoji ple\u0165 nanesen\u00edm s\u00e9ra, pot\u00e9 na n\u011bj nan\u00e9st masku Triple Action Peptide Mask a dokonale tak povzbudit ple\u0165.<\/p>\n<p>FREKVENCE<br \/>\nPou\u017e\u00edvejte dvakr\u00e1t denn\u011b: r\u00e1no a ve\u010der<\/p>\n<p>JAK\u00c9 JSOU V\u00ddHODY PEPTID\u016e?<br \/>\nPeptidy jsou jednou z nejlep\u0161\u00edch pokro\u010dil\u00fdch slo\u017eek p\u00e9\u010de o ple\u0165 k pou\u017eit\u00ed pro nest\u00e1rnouc\u00ed ple\u0165. Jsou vytvo\u0159eny spojen\u00edm aminokyselin, kter\u00e9 jsou nejmen\u0161\u00edmi stavebn\u00edmi kameny b\u00edlkovin. R\u016fzn\u00fd po\u010det vazeb vytv\u00e1\u0159\u00ed r\u016fzn\u00e9 formy peptid\u016f \u2013 nap\u0159\u00edklad kdy\u017e je spojeno p\u011bt aminokyselin, vytv\u00e1\u0159ej\u00ed pentapeptid. Peptidy mohou poskytnout \u0159adu v\u00fdhod p\u00e9\u010de o ple\u0165. Palmitoyl Tripeptid-1 pom\u00e1h\u00e1 redukovat v\u00fdskyt vr\u00e1sek, Palmitoyl Tripeptide-5 pom\u00e1h\u00e1 poko\u017ece vypadat a p\u016fsobit hlad\u0161\u00ed, Palmitoyl Tetrapeptid-7 pom\u00e1h\u00e1 redukovat v\u00fdskyt jemn\u00fdch linek a vr\u00e1sek, \u010din\u00ed poko\u017eku na pohled a pocit pevn\u011bj\u0161\u00ed.<\/p>\n","protected":false},"excerpt":{"rendered":"<p>Koncentrovan\u00e9 s\u00e9rum pro eliminaci projev\u016f p\u0159ed\u010dasn\u00e9ho st\u00e1rnut\u00ed<\/p>\n<p>&#8211; Zpev\u0148uje, vyp\u00edn\u00e1, hydratuje<br \/>\n&#8211; Rychle vst\u0159ebateln\u00e1 konzistence<br \/>\n&#8211; Pro zralou ple\u0165<\/p>\n","protected":false},"featured_media":3681,"comment_status":"open","ping_status":"closed","template":"","meta":{"_acf_changed":false},"badge":[],"product_brand":[],"product_cat":[249,267,261,259],"product_tag":[],"class_list":{"0":"post-4893","1":"product","2":"type-product","3":"status-publish","4":"has-post-thumbnail","6":"product_cat-hydra-blue-cs","7":"product_cat-kremy-a-sera-cs","8":"product_cat-sucha-a-poskozena-plet","9":"product_cat-zrala-plet","10":"pa_objem-velkost-30-ml-cs","12":"first","13":"onbackorder","14":"taxable","15":"shipping-taxable","16":"purchasable","17":"product-type-simple"},"acf":[],"_links":{"self":[{"href":"https:\/\/repechage.ideadivisions.dev\/cs\/wp-json\/wp\/v2\/product\/4893","targetHints":{"allow":["GET"]}}],"collection":[{"href":"https:\/\/repechage.ideadivisions.dev\/cs\/wp-json\/wp\/v2\/product"}],"about":[{"href":"https:\/\/repechage.ideadivisions.dev\/cs\/wp-json\/wp\/v2\/types\/product"}],"replies":[{"embeddable":true,"href":"https:\/\/repechage.ideadivisions.dev\/cs\/wp-json\/wp\/v2\/comments?post=4893"}],"wp:featuredmedia":[{"embeddable":true,"href":"https:\/\/repechage.ideadivisions.dev\/cs\/wp-json\/wp\/v2\/media\/3681"}],"wp:attachment":[{"href":"https:\/\/repechage.ideadivisions.dev\/cs\/wp-json\/wp\/v2\/media?parent=4893"}],"wp:term":[{"taxonomy":"badge","embeddable":true,"href":"https:\/\/repechage.ideadivisions.dev\/cs\/wp-json\/wp\/v2\/badge?post=4893"},{"taxonomy":"product_brand","embeddable":true,"href":"https:\/\/repechage.ideadivisions.dev\/cs\/wp-json\/wp\/v2\/product_brand?post=4893"},{"taxonomy":"product_cat","embeddable":true,"href":"https:\/\/repechage.ideadivisions.dev\/cs\/wp-json\/wp\/v2\/product_cat?post=4893"},{"taxonomy":"product_tag","embeddable":true,"href":"https:\/\/repechage.ideadivisions.dev\/cs\/wp-json\/wp\/v2\/product_tag?post=4893"}],"curies":[{"name":"wp","href":"https:\/\/api.w.org\/{rel}","templated":true}]}}