{"id":4894,"date":"2023-05-24T09:09:34","date_gmt":"2023-05-24T07:09:34","guid":{"rendered":"https:\/\/repechage.ideadivisions.dev\/?post_type=product&#038;p=4894"},"modified":"2025-05-05T00:04:57","modified_gmt":"2025-05-04T22:04:57","slug":"t-zone-balance-cistici-mleko-na-problematickou-plet-2","status":"publish","type":"product","link":"https:\/\/repechage.ideadivisions.dev\/cs\/produkt\/t-zone-balance-cistici-mleko-na-problematickou-plet-2\/","title":{"rendered":"T-Zone Balance \u010dist\u00edc\u00ed ml\u00e9ko na problematickou ple\u0165"},"content":{"rendered":"<p>CO JE TO?<br \/>\n\u010cist\u00edc\u00ed ml\u00e9ko pro problematickou ple\u0165, formulovan\u00e9 s t\u0159ezalkou te\u010dkovanou, zelen\u00fdm a b\u00edl\u00fdm \u010dajem, kter\u00e9 pom\u00e1haj\u00ed poko\u017ece c\u00edtit se vy\u010di\u0161t\u011bn\u00e1, tonizovan\u00e1 a hydratovan\u00e1. Odstra\u0148uje make-up a ne\u010distoty bez nep\u0159\u00edjemn\u00fdch pocit\u016f pnut\u00ed.<\/p>\n<p>PRO KOHO?<br \/>\nPro sm\u00ed\u0161enou a\u017e mastnou ple\u0165 a ple\u0165 s akn\u00e9<\/p>\n<p>DOB\u0158E V\u011aD\u011aT<br \/>\nBez obsahu m\u00fddla, nekomedogenn\u00ed slo\u017een\u00ed<\/p>\n<p>POU\u017dIT\u00cd<br \/>\nNaneste na obli\u010dej a krk, vmas\u00edrujte do poko\u017eky pohyby sm\u011brem nahoru a ven. Smyjte vla\u017enou vodou.<\/p>\n<p>FREKVENCE<br \/>\nPou\u017e\u00edvejte dvakr\u00e1t denn\u011b: r\u00e1no a ve\u010der<\/p>\n","protected":false},"excerpt":{"rendered":"<p>Jemn\u00e9 \u010dist\u00edc\u00ed ml\u00e9ko bez obsahu m\u00fddla jako 1 krok \u010di\u0161t\u011bn\u00ed pleti<\/p>\n<p>&#8211; Odstra\u0148uje make-up a ne\u010distoty<br \/>\n&#8211; Nekomedogenn\u00ed slo\u017een\u00ed<br \/>\n&#8211; Pro sm\u00ed\u0161enou a\u017e mastnou ple\u0165<\/p>\n","protected":false},"featured_media":3683,"comment_status":"open","ping_status":"closed","template":"","meta":{"_acf_changed":false},"badge":[],"product_brand":[],"product_cat":[266,257,254],"product_tag":[],"class_list":{"0":"post-4894","1":"product","2":"type-product","3":"status-publish","4":"has-post-thumbnail","6":"product_cat-cisteni-pleti-a-tonizace","7":"product_cat-smisena-az-mastna-plet-s-akne","8":"product_cat-t-zone-balance","9":"pa_objem-velkost-177-ml-cs","11":"first","12":"instock","13":"taxable","14":"shipping-taxable","15":"purchasable","16":"product-type-simple"},"acf":[],"_links":{"self":[{"href":"https:\/\/repechage.ideadivisions.dev\/cs\/wp-json\/wp\/v2\/product\/4894","targetHints":{"allow":["GET"]}}],"collection":[{"href":"https:\/\/repechage.ideadivisions.dev\/cs\/wp-json\/wp\/v2\/product"}],"about":[{"href":"https:\/\/repechage.ideadivisions.dev\/cs\/wp-json\/wp\/v2\/types\/product"}],"replies":[{"embeddable":true,"href":"https:\/\/repechage.ideadivisions.dev\/cs\/wp-json\/wp\/v2\/comments?post=4894"}],"wp:featuredmedia":[{"embeddable":true,"href":"https:\/\/repechage.ideadivisions.dev\/cs\/wp-json\/wp\/v2\/media\/3683"}],"wp:attachment":[{"href":"https:\/\/repechage.ideadivisions.dev\/cs\/wp-json\/wp\/v2\/media?parent=4894"}],"wp:term":[{"taxonomy":"badge","embeddable":true,"href":"https:\/\/repechage.ideadivisions.dev\/cs\/wp-json\/wp\/v2\/badge?post=4894"},{"taxonomy":"product_brand","embeddable":true,"href":"https:\/\/repechage.ideadivisions.dev\/cs\/wp-json\/wp\/v2\/product_brand?post=4894"},{"taxonomy":"product_cat","embeddable":true,"href":"https:\/\/repechage.ideadivisions.dev\/cs\/wp-json\/wp\/v2\/product_cat?post=4894"},{"taxonomy":"product_tag","embeddable":true,"href":"https:\/\/repechage.ideadivisions.dev\/cs\/wp-json\/wp\/v2\/product_tag?post=4894"}],"curies":[{"name":"wp","href":"https:\/\/api.w.org\/{rel}","templated":true}]}}