{"id":4895,"date":"2023-05-24T09:09:34","date_gmt":"2023-05-24T07:09:34","guid":{"rendered":"https:\/\/repechage.ideadivisions.dev\/?post_type=product&#038;p=4895"},"modified":"2025-01-11T12:48:06","modified_gmt":"2025-01-11T11:48:06","slug":"t-zone-balance-lehky-hydratacni-krem-pro-problematickou-plet-2","status":"publish","type":"product","link":"https:\/\/repechage.ideadivisions.dev\/cs\/produkt\/t-zone-balance-lehky-hydratacni-krem-pro-problematickou-plet-2\/","title":{"rendered":"T-Zone Balance lehk\u00fd hydrata\u010dn\u00ed kr\u00e9m pro problematickou ple\u0165"},"content":{"rendered":"<p>CO JE TO?<br \/>\n\u0160pi\u010dkov\u00fd kr\u00e9m formulovan\u00fd se zelen\u00fdm a b\u00edl\u00fdm \u010dajem pro vyhlazen\u00ed a hydrataci poko\u017eky. Poko\u017eku zklid\u0148uje a zjem\u0148uje. Jeho lehk\u00e9 slo\u017een\u00ed je nekomedogenn\u00ed a rychle se vst\u0159eb\u00e1v\u00e1. Ple\u0165 chr\u00e1n\u00ed p\u0159ed voln\u00fdmi radik\u00e1ly a dod\u00e1v\u00e1 j\u00ed z\u00e1\u0159ivost.<\/p>\n<p>PRO KOHO?<br \/>\nPro sm\u00ed\u0161enou a\u017e mastnou ple\u0165 a ple\u0165 s akn\u00e9<\/p>\n<p>POU\u017dIT\u00cd<br \/>\nPo o\u010di\u0161t\u011bn\u00ed a tonizaci pleti naneste rovnom\u011brn\u011b na ple\u0165 sm\u011brem nahoru a ven.<\/p>\n<p>FREKVENCE<br \/>\nPou\u017e\u00edvejte dvakr\u00e1t denn\u011b: r\u00e1no a ve\u010der, nebo dle pot\u0159eby<\/p>\n","protected":false},"excerpt":{"rendered":"<p>I problematick\u00e1 ple\u0165 si zaslou\u017e\u00ed po\u0159\u00e1dnou d\u00e1vku hydratace.<\/p>\n<p>&#8211; Hydratuje, vyhlazuje, uklid\u0148uje<br \/>\n&#8211; Nekomedogenn\u00ed slo\u017een\u00ed<br \/>\n&#8211; Pro sm\u00ed\u0161enou a\u017e mastnou ple\u0165<\/p>\n","protected":false},"featured_media":3685,"comment_status":"open","ping_status":"closed","template":"","meta":{"_acf_changed":false},"badge":[],"product_brand":[],"product_cat":[267,257,254],"product_tag":[],"class_list":{"0":"post-4895","1":"product","2":"type-product","3":"status-publish","4":"has-post-thumbnail","6":"product_cat-kremy-a-sera-cs","7":"product_cat-smisena-az-mastna-plet-s-akne","8":"product_cat-t-zone-balance","9":"pa_objem-velkost-60-ml-cs","11":"first","12":"instock","13":"taxable","14":"shipping-taxable","15":"purchasable","16":"product-type-simple"},"acf":[],"_links":{"self":[{"href":"https:\/\/repechage.ideadivisions.dev\/cs\/wp-json\/wp\/v2\/product\/4895","targetHints":{"allow":["GET"]}}],"collection":[{"href":"https:\/\/repechage.ideadivisions.dev\/cs\/wp-json\/wp\/v2\/product"}],"about":[{"href":"https:\/\/repechage.ideadivisions.dev\/cs\/wp-json\/wp\/v2\/types\/product"}],"replies":[{"embeddable":true,"href":"https:\/\/repechage.ideadivisions.dev\/cs\/wp-json\/wp\/v2\/comments?post=4895"}],"wp:featuredmedia":[{"embeddable":true,"href":"https:\/\/repechage.ideadivisions.dev\/cs\/wp-json\/wp\/v2\/media\/3685"}],"wp:attachment":[{"href":"https:\/\/repechage.ideadivisions.dev\/cs\/wp-json\/wp\/v2\/media?parent=4895"}],"wp:term":[{"taxonomy":"badge","embeddable":true,"href":"https:\/\/repechage.ideadivisions.dev\/cs\/wp-json\/wp\/v2\/badge?post=4895"},{"taxonomy":"product_brand","embeddable":true,"href":"https:\/\/repechage.ideadivisions.dev\/cs\/wp-json\/wp\/v2\/product_brand?post=4895"},{"taxonomy":"product_cat","embeddable":true,"href":"https:\/\/repechage.ideadivisions.dev\/cs\/wp-json\/wp\/v2\/product_cat?post=4895"},{"taxonomy":"product_tag","embeddable":true,"href":"https:\/\/repechage.ideadivisions.dev\/cs\/wp-json\/wp\/v2\/product_tag?post=4895"}],"curies":[{"name":"wp","href":"https:\/\/api.w.org\/{rel}","templated":true}]}}