{"id":4896,"date":"2023-05-24T09:09:34","date_gmt":"2023-05-24T07:09:34","guid":{"rendered":"https:\/\/repechage.ideadivisions.dev\/?post_type=product&#038;p=4896"},"modified":"2025-01-11T12:44:47","modified_gmt":"2025-01-11T11:44:47","slug":"t-zone-balance-pletova-voda-pro-problematickou-plet-2","status":"publish","type":"product","link":"https:\/\/repechage.ideadivisions.dev\/cs\/produkt\/t-zone-balance-pletova-voda-pro-problematickou-plet-2\/","title":{"rendered":"T-Zone Balance ple\u0165ov\u00e1 voda pro problematickou ple\u0165"},"content":{"rendered":"<p>CO JE TO?<br \/>\nPle\u0165ov\u00e1 toniza\u010dn\u00ed voda pro problematickou ple\u0165 formulovan\u00e1 s v\u00fdta\u017eky z t\u0159ezalky te\u010dkovan\u00e9, zelen\u00e9ho a b\u00edl\u00e9ho \u010daje pro zklidn\u011bn\u00ed a zjemn\u011bn\u00ed pleti.<\/p>\n<p>PRO KOHO?<br \/>\nPro sm\u00ed\u0161enou a\u017e mastnou ple\u0165 a ple\u0165 s akn\u00e9<\/p>\n<p>POU\u017dIT\u00cd<br \/>\nPo o\u010di\u0161t\u011bn\u00ed pleti aplikujte ple\u0165ovou vodu na problematickou ple\u0165 T-ZONE BALANCE na navlh\u010den\u00e9 tampony a p\u0159ech\u00e1zejte po pleti. Vyhn\u011bte se o\u010dn\u00edmu okol\u00ed.<\/p>\n<p>FREKVENCE<br \/>\nPou\u017e\u00edvejte dvakr\u00e1t denn\u011b: r\u00e1no a ve\u010der<\/p>\n","protected":false},"excerpt":{"rendered":"<p>Toniza\u010dn\u00ed ple\u0165ov\u00e1 voda pro hydrataci pleti<\/p>\n<p>&#8211; Hydratuje, uklid\u0148uje<br \/>\n&#8211; Bez alkoholu<br \/>\n&#8211; Pro sm\u00ed\u0161enou a\u017e mastnou ple\u0165<\/p>\n","protected":false},"featured_media":3687,"comment_status":"open","ping_status":"closed","template":"","meta":{"_acf_changed":false},"badge":[],"product_brand":[],"product_cat":[266,257,254],"product_tag":[],"class_list":{"0":"post-4896","1":"product","2":"type-product","3":"status-publish","4":"has-post-thumbnail","6":"product_cat-cisteni-pleti-a-tonizace","7":"product_cat-smisena-az-mastna-plet-s-akne","8":"product_cat-t-zone-balance","9":"pa_objem-velkost-177-ml-cs","11":"first","12":"instock","13":"taxable","14":"shipping-taxable","15":"purchasable","16":"product-type-simple"},"acf":[],"_links":{"self":[{"href":"https:\/\/repechage.ideadivisions.dev\/cs\/wp-json\/wp\/v2\/product\/4896","targetHints":{"allow":["GET"]}}],"collection":[{"href":"https:\/\/repechage.ideadivisions.dev\/cs\/wp-json\/wp\/v2\/product"}],"about":[{"href":"https:\/\/repechage.ideadivisions.dev\/cs\/wp-json\/wp\/v2\/types\/product"}],"replies":[{"embeddable":true,"href":"https:\/\/repechage.ideadivisions.dev\/cs\/wp-json\/wp\/v2\/comments?post=4896"}],"wp:featuredmedia":[{"embeddable":true,"href":"https:\/\/repechage.ideadivisions.dev\/cs\/wp-json\/wp\/v2\/media\/3687"}],"wp:attachment":[{"href":"https:\/\/repechage.ideadivisions.dev\/cs\/wp-json\/wp\/v2\/media?parent=4896"}],"wp:term":[{"taxonomy":"badge","embeddable":true,"href":"https:\/\/repechage.ideadivisions.dev\/cs\/wp-json\/wp\/v2\/badge?post=4896"},{"taxonomy":"product_brand","embeddable":true,"href":"https:\/\/repechage.ideadivisions.dev\/cs\/wp-json\/wp\/v2\/product_brand?post=4896"},{"taxonomy":"product_cat","embeddable":true,"href":"https:\/\/repechage.ideadivisions.dev\/cs\/wp-json\/wp\/v2\/product_cat?post=4896"},{"taxonomy":"product_tag","embeddable":true,"href":"https:\/\/repechage.ideadivisions.dev\/cs\/wp-json\/wp\/v2\/product_tag?post=4896"}],"curies":[{"name":"wp","href":"https:\/\/api.w.org\/{rel}","templated":true}]}}