{"id":4897,"date":"2023-05-24T09:09:34","date_gmt":"2023-05-24T07:09:34","guid":{"rendered":"https:\/\/repechage.ideadivisions.dev\/?post_type=product&#038;p=4897"},"modified":"2025-04-18T22:44:56","modified_gmt":"2025-04-18T20:44:56","slug":"vita-cura-b3-elixir-2","status":"publish","type":"product","link":"https:\/\/repechage.ideadivisions.dev\/cs\/produkt\/vita-cura-b3-elixir-2\/","title":{"rendered":"Vita Cura\u00ae B3 elix\u00edr"},"content":{"rendered":"<p>CO JE TO?<br \/>\nRep\u00eachage\u00ae Vita Cura\u00ae B3 Elixir je intenzivn\u00ed hydrata\u010dn\u00ed komplex s na\u0161\u00edm nejmodern\u011bj\u0161\u00edm slo\u017een\u00edm, kter\u00fd se zam\u011b\u0159uje na eliminaci viditeln\u00fdch zn\u00e1mek st\u00e1rnut\u00ed pleti.<br \/>\nObsahuje dv\u011b formy kyseliny hyaluronov\u00e9, obnovuje pot\u0159ebnou vlhkost poko\u017eky a z\u00e1rove\u0148 pom\u00e1h\u00e1 sni\u017eovat v\u00fdskyt jemn\u00fdch linek a vr\u00e1sek. V\u00fdkonn\u00fd niacinamid \u2013 forma vitam\u00ednu B3 \u2013 peptidov\u00e1 technologie proti st\u00e1rnut\u00ed a adenosin spolupracuj\u00ed v tomto lektvaru, aby vyhladily vr\u00e1sky a minimalizovaly tmav\u00e9 skvrny.<\/p>\n<p>PRO KOHO?<br \/>\nPro zralou ple\u0165<\/p>\n<p>POU\u017dIT\u00cd<br \/>\nNaneste na obli\u010dej, krk a dekolt. Jemn\u011b mas\u00edrujte, dokud se nevst\u0159eb\u00e1.<\/p>\n<p>FREKVENCE<br \/>\nPou\u017e\u00edvejte r\u00e1no a\/nebo ve\u010der.<\/p>\n","protected":false},"excerpt":{"rendered":"<p>Kr\u00e9m pro hlad\u0161\u00ed a mlad\u0161\u00ed vypadaj\u00edc\u00ed ple\u0165<\/p>\n<p>&#8211; Vyhlazuje, hydratuje, vy\u017eivuje<br \/>\n&#8211; P\u0159\u00edjemn\u00e1 sametov\u00e1 textura<br \/>\n&#8211; Pro zralou ple\u0165<\/p>\n","protected":false},"featured_media":3689,"comment_status":"open","ping_status":"closed","template":"","meta":{"_acf_changed":false},"badge":[],"product_brand":[],"product_cat":[260,267,255,259],"product_tag":[],"class_list":{"0":"post-4897","1":"product","2":"type-product","3":"status-publish","4":"has-post-thumbnail","6":"product_cat-jemne-linie-a-vrasky-cs","7":"product_cat-kremy-a-sera-cs","8":"product_cat-vita-cura-cs","9":"product_cat-zrala-plet","10":"pa_objem-velkost-50-ml-cs","12":"first","13":"instock","14":"taxable","15":"shipping-taxable","16":"purchasable","17":"product-type-simple"},"acf":[],"_links":{"self":[{"href":"https:\/\/repechage.ideadivisions.dev\/cs\/wp-json\/wp\/v2\/product\/4897","targetHints":{"allow":["GET"]}}],"collection":[{"href":"https:\/\/repechage.ideadivisions.dev\/cs\/wp-json\/wp\/v2\/product"}],"about":[{"href":"https:\/\/repechage.ideadivisions.dev\/cs\/wp-json\/wp\/v2\/types\/product"}],"replies":[{"embeddable":true,"href":"https:\/\/repechage.ideadivisions.dev\/cs\/wp-json\/wp\/v2\/comments?post=4897"}],"wp:featuredmedia":[{"embeddable":true,"href":"https:\/\/repechage.ideadivisions.dev\/cs\/wp-json\/wp\/v2\/media\/3689"}],"wp:attachment":[{"href":"https:\/\/repechage.ideadivisions.dev\/cs\/wp-json\/wp\/v2\/media?parent=4897"}],"wp:term":[{"taxonomy":"badge","embeddable":true,"href":"https:\/\/repechage.ideadivisions.dev\/cs\/wp-json\/wp\/v2\/badge?post=4897"},{"taxonomy":"product_brand","embeddable":true,"href":"https:\/\/repechage.ideadivisions.dev\/cs\/wp-json\/wp\/v2\/product_brand?post=4897"},{"taxonomy":"product_cat","embeddable":true,"href":"https:\/\/repechage.ideadivisions.dev\/cs\/wp-json\/wp\/v2\/product_cat?post=4897"},{"taxonomy":"product_tag","embeddable":true,"href":"https:\/\/repechage.ideadivisions.dev\/cs\/wp-json\/wp\/v2\/product_tag?post=4897"}],"curies":[{"name":"wp","href":"https:\/\/api.w.org\/{rel}","templated":true}]}}