{"id":4898,"date":"2023-05-24T09:09:34","date_gmt":"2023-05-24T07:09:34","guid":{"rendered":"https:\/\/repechage.ideadivisions.dev\/?post_type=product&#038;p=4898"},"modified":"2025-01-06T19:11:23","modified_gmt":"2025-01-06T18:11:23","slug":"vita-cura-b3-liftingova-maska-2","status":"publish","type":"product","link":"https:\/\/repechage.ideadivisions.dev\/cs\/produkt\/vita-cura-b3-liftingova-maska-2\/","title":{"rendered":"Vita Cura\u00ae B3 liftingov\u00e1 maska | 5 ks"},"content":{"rendered":"<p>CO JE TO?<br \/>\nRep\u00eachage\u00ae Vita Cura\u00ae B3 liftingov\u00e1 l\u00e1tkov\u00e1 maska je jako \u017e\u00e1dn\u00e1 jin\u00e1. Byla vytvo\u0159ena s 40-let\u00fdmi odborn\u00fdmi znalostmi v p\u00e9\u010di o ple\u0165, aby vytvo\u0159ila profesion\u00e1ln\u00ed v\u00fdsledky na pleti, v dom\u00e1c\u00edm prost\u0159ed\u00ed, kter\u00e9 spot\u0159ebitel\u00e9 Rep\u00eachage\u00ae miluj\u00ed a o\u010dek\u00e1vaj\u00ed.<br \/>\nV masce se kombinuj\u00ed pokro\u010dil\u00e9 receptury z kolekce Vita Cura\u00ae Gold Collection s extraktem Kappaphycus Alvarezii a extraktem z ovoce Caesalpinia Spinosa pro vytvo\u0159en\u00ed neviditeln\u00e9ho filmu na povrchu poko\u017eky pro okam\u017eit\u00fd liftingov\u00fd efekt.<\/p>\n<p>PRO KOHO?<br \/>\nPro zralou ple\u0165.<\/p>\n<p>POU\u017dIT\u00cd<br \/>\n(1) Ple\u0165 o\u010dist\u011bte vhodn\u00fdm \u010dist\u00edc\u00edm produktem a dotonizujte.<br \/>\n(2) Roztrhn\u011bte bal\u00ed\u010dek, rozlo\u017ete masku a naneste p\u0159\u00edmo na obli\u010dej.<br \/>\n(3) Kdy\u017e je maska na sv\u00e9m m\u00edst\u011b, odlepte p\u0159edn\u00ed \u010d\u00e1st v z\u00e1\u0159ezu a odho\u010fte ji.<br \/>\n(4) Upravte masku tak, aby t\u011bsn\u011b p\u0159il\u00e9hala k obrys\u016fm va\u0161eho obli\u010deje. Nechte p\u016fsobit 10 \u2013 15 minut.<br \/>\n(5) Po uplynut\u00ed spr\u00e1vn\u00e9ho \u010dasu masku odstra\u0148te, ale neoplachujte. Zbyl\u00fd produkt vmas\u00edrujte pohyby nahoru a ven na obli\u010dej, oblast o\u010d\u00ed, krk a dekolt. Nejlep\u0161\u00edch v\u00fdsledk\u016f dos\u00e1hnete, pokud n\u00e1sledn\u011b pou\u017eijete Rep\u00eachage\u00ae Vita Cura\u00ae B3 S\u00e9rum a Rep\u00eachage\u00ae Vita Cura\u00ae B3 Elixir.<\/p>\n<p>FREKVENCE<br \/>\nPou\u017e\u00edvejte tak \u010dasto, jak je pot\u0159eba.<\/p>\n","protected":false},"excerpt":{"rendered":"<p>Liftingov\u00e1 maska pro okam\u017eit\u00e9 viditeln\u00e9 vyhlazen\u00ed vr\u00e1sek.<\/p>\n<p>&#8211; Vyhlazuje, hydratuje, zpev\u0148uje<br \/>\n&#8211; Rychl\u00e9 a snadn\u00e9 pou\u017eit\u00ed<br \/>\n&#8211; Pro zralou ple\u0165<\/p>\n","protected":false},"featured_media":3694,"comment_status":"open","ping_status":"closed","template":"","meta":{"_acf_changed":false},"badge":[],"product_brand":[],"product_cat":[260,269,255,259],"product_tag":[],"class_list":{"0":"post-4898","1":"product","2":"type-product","3":"status-publish","4":"has-post-thumbnail","6":"product_cat-jemne-linie-a-vrasky-cs","7":"product_cat-masky-a-peelingy","8":"product_cat-vita-cura-cs","9":"product_cat-zrala-plet","10":"pa_objem-velkost-5-ks-cs","12":"first","13":"instock","14":"taxable","15":"shipping-taxable","16":"purchasable","17":"product-type-simple"},"acf":[],"_links":{"self":[{"href":"https:\/\/repechage.ideadivisions.dev\/cs\/wp-json\/wp\/v2\/product\/4898","targetHints":{"allow":["GET"]}}],"collection":[{"href":"https:\/\/repechage.ideadivisions.dev\/cs\/wp-json\/wp\/v2\/product"}],"about":[{"href":"https:\/\/repechage.ideadivisions.dev\/cs\/wp-json\/wp\/v2\/types\/product"}],"replies":[{"embeddable":true,"href":"https:\/\/repechage.ideadivisions.dev\/cs\/wp-json\/wp\/v2\/comments?post=4898"}],"wp:featuredmedia":[{"embeddable":true,"href":"https:\/\/repechage.ideadivisions.dev\/cs\/wp-json\/wp\/v2\/media\/3694"}],"wp:attachment":[{"href":"https:\/\/repechage.ideadivisions.dev\/cs\/wp-json\/wp\/v2\/media?parent=4898"}],"wp:term":[{"taxonomy":"badge","embeddable":true,"href":"https:\/\/repechage.ideadivisions.dev\/cs\/wp-json\/wp\/v2\/badge?post=4898"},{"taxonomy":"product_brand","embeddable":true,"href":"https:\/\/repechage.ideadivisions.dev\/cs\/wp-json\/wp\/v2\/product_brand?post=4898"},{"taxonomy":"product_cat","embeddable":true,"href":"https:\/\/repechage.ideadivisions.dev\/cs\/wp-json\/wp\/v2\/product_cat?post=4898"},{"taxonomy":"product_tag","embeddable":true,"href":"https:\/\/repechage.ideadivisions.dev\/cs\/wp-json\/wp\/v2\/product_tag?post=4898"}],"curies":[{"name":"wp","href":"https:\/\/api.w.org\/{rel}","templated":true}]}}