{"id":4900,"date":"2023-05-24T09:09:34","date_gmt":"2023-05-24T07:09:34","guid":{"rendered":"https:\/\/repechage.ideadivisions.dev\/?post_type=product&#038;p=4900"},"modified":"2025-05-05T00:04:25","modified_gmt":"2025-05-04T22:04:25","slug":"vita-cura-b3-serum-2","status":"publish","type":"product","link":"https:\/\/repechage.ideadivisions.dev\/cs\/produkt\/vita-cura-b3-serum-2\/","title":{"rendered":"Vita Cura\u00ae B3 s\u00e9rum"},"content":{"rendered":"<p>CO JE TO?<br \/>\nKomplex Rep\u00eachage\u00ae Vita Cura\u00ae B3 S\u00e9rum je dal\u0161\u00ed generac\u00ed ikonick\u00e9ho s\u00e9ra z roku 1980, jako nejprod\u00e1van\u011bj\u0161\u00edho s\u00e9ra proti st\u00e1rnut\u00ed.<br \/>\nToto klinicky ov\u011b\u0159en\u00e9 s\u00e9rum, kter\u00e9 obsahuje siln\u00fd niacinamid, formu vitam\u00ednu B3, n\u00e1\u0161 exkluzivn\u00ed extrakt z mo\u0159sk\u00fdch \u0159as Laminaria Digitata a hydrata\u010dn\u00ed kyselinu hyaluronovou, poskytuje mladistvou hladkost, viditeln\u00e9 vyzvednut\u00ed a zpevn\u011bn\u00ed a redukci p\u00f3r\u016f. Uvid\u00edte okam\u017eit\u00e9 v\u00fdsledky s dlouhodob\u00fdmi benefity.<\/p>\n<p>V nez\u00e1visl\u00fdch laboratorn\u00edch testech komplex Vita Cura\u00ae Gold B3 Serum uk\u00e1zal:<br \/>\n&#8211; 58% redukce v\u00fdskytu vr\u00e1sek<br \/>\n&#8211; 41% redukce p\u00f3r\u016f<\/p>\n<p>PRO KOHO?<br \/>\nPro zralou ple\u0165<\/p>\n<p>POU\u017dIT\u00cd<br \/>\nNaneste na vy\u010di\u0161t\u011bn\u00fd obli\u010dej, krk a dekolt. Jemn\u011b mas\u00edrujte, dokud se nevst\u0159eb\u00e1.<\/p>\n<p>FREKVENCE<br \/>\nPou\u017e\u00edvejte r\u00e1no a\/nebo ve\u010der.<\/p>\n","protected":false},"excerpt":{"rendered":"<p>Nejprod\u00e1van\u011bj\u0161\u00ed s\u00e9rum proti projev\u016fm st\u00e1rnut\u00ed pleti<\/p>\n<p>&#8211; Vyhlazuje, zpev\u0148uje, redukuje p\u00f3ry<br \/>\n&#8211; Sametov\u00e1 gelov\u00e1 textura<br \/>\n&#8211; Pro zralou ple\u0165<\/p>\n","protected":false},"featured_media":3702,"comment_status":"open","ping_status":"closed","template":"","meta":{"_acf_changed":false},"badge":[],"product_brand":[],"product_cat":[260,267,255,259],"product_tag":[],"class_list":{"0":"post-4900","1":"product","2":"type-product","3":"status-publish","4":"has-post-thumbnail","6":"product_cat-jemne-linie-a-vrasky-cs","7":"product_cat-kremy-a-sera-cs","8":"product_cat-vita-cura-cs","9":"product_cat-zrala-plet","10":"pa_objem-velkost-50-ml-cs","12":"first","13":"instock","14":"taxable","15":"shipping-taxable","16":"purchasable","17":"product-type-simple"},"acf":[],"_links":{"self":[{"href":"https:\/\/repechage.ideadivisions.dev\/cs\/wp-json\/wp\/v2\/product\/4900","targetHints":{"allow":["GET"]}}],"collection":[{"href":"https:\/\/repechage.ideadivisions.dev\/cs\/wp-json\/wp\/v2\/product"}],"about":[{"href":"https:\/\/repechage.ideadivisions.dev\/cs\/wp-json\/wp\/v2\/types\/product"}],"replies":[{"embeddable":true,"href":"https:\/\/repechage.ideadivisions.dev\/cs\/wp-json\/wp\/v2\/comments?post=4900"}],"wp:featuredmedia":[{"embeddable":true,"href":"https:\/\/repechage.ideadivisions.dev\/cs\/wp-json\/wp\/v2\/media\/3702"}],"wp:attachment":[{"href":"https:\/\/repechage.ideadivisions.dev\/cs\/wp-json\/wp\/v2\/media?parent=4900"}],"wp:term":[{"taxonomy":"badge","embeddable":true,"href":"https:\/\/repechage.ideadivisions.dev\/cs\/wp-json\/wp\/v2\/badge?post=4900"},{"taxonomy":"product_brand","embeddable":true,"href":"https:\/\/repechage.ideadivisions.dev\/cs\/wp-json\/wp\/v2\/product_brand?post=4900"},{"taxonomy":"product_cat","embeddable":true,"href":"https:\/\/repechage.ideadivisions.dev\/cs\/wp-json\/wp\/v2\/product_cat?post=4900"},{"taxonomy":"product_tag","embeddable":true,"href":"https:\/\/repechage.ideadivisions.dev\/cs\/wp-json\/wp\/v2\/product_tag?post=4900"}],"curies":[{"name":"wp","href":"https:\/\/api.w.org\/{rel}","templated":true}]}}