{"id":4901,"date":"2023-05-24T09:09:34","date_gmt":"2023-05-24T07:09:34","guid":{"rendered":"https:\/\/repechage.ideadivisions.dev\/?post_type=product&#038;p=4901"},"modified":"2025-04-26T11:35:47","modified_gmt":"2025-04-26T09:35:47","slug":"vita-cura-cellusea-firm-serum-na-krk-a-telo-2","status":"publish","type":"product","link":"https:\/\/repechage.ideadivisions.dev\/cs\/produkt\/vita-cura-cellusea-firm-serum-na-krk-a-telo-2\/","title":{"rendered":"Vita Cura\u00ae CelluSea Firm\u2122 s\u00e9rum na krk a t\u011blo"},"content":{"rendered":"<p>CO JE TO?<br \/>\nToto t\u011blov\u00e9 s\u00e9rum se stane stejn\u011b d\u016fle\u017eit\u00fdm jako va\u0161e obli\u010dejov\u00e9 s\u00e9rum a hydrata\u010dn\u00ed kr\u00e9m, aby dramaticky zlep\u0161ilo vzhled poko\u017eky, p\u0159i\u010dem\u017e se stanete z\u00e1visl\u00fdmi na jeho opojn\u00e9 v\u016fni neroli, grapefruitu a m\u00e1ty.<br \/>\nRevolu\u010dn\u00ed produkt p\u00e9\u010de o poko\u017eku t\u011bla, kter\u00fd dramaticky sni\u017euje v\u00fdskyt such\u00e9 a krepat\u00e9 poko\u017eky a z\u00e1rove\u0148 pom\u00e1h\u00e1 zpevnit vzhled kontur t\u011bla. V\u00fdta\u017eek z Kappaphycus Alvarezii a v\u00fdta\u017eek z ovoce Caesalpinia Spinosa, biopolymern\u00ed komplex s prok\u00e1zanou \u00fa\u010dinnost\u00ed jeho viditeln\u011b liftingov\u00e9ho a vyhlazuj\u00edc\u00edho \u00fa\u010dinku pom\u00e1haj\u00ed zjemnit a \u201epozvednout\u201c kontury pleti. Siln\u00fd palmitoyl tripeptid-5, kter\u00fd se pou\u017e\u00edv\u00e1 v pokro\u010dil\u00fdch p\u0159\u00edpravc\u00edch pro p\u00e9\u010di o ple\u0165, se p\u0159id\u00e1v\u00e1 do p\u00e9\u010de o t\u011blo, aby pomohl sn\u00ed\u017eit v\u00fdskyt jemn\u00fdch vr\u00e1sek a krepovat\u011bn\u00ed. V\u00fdta\u017eky z mo\u0159sk\u00fdch \u0159as, koenzym A a kofein a dal\u0161\u00ed \u010dist\u00e9 rostlinn\u00e9 v\u00fdta\u017eky pom\u00e1haj\u00ed vy\u017eivovat a pom\u00e1haj\u00ed podporovat hydrata\u010dn\u00ed bari\u00e9ru poko\u017eky a sni\u017euj\u00ed suchost.<\/p>\n<p>PRO KOHO?<br \/>\nZral\u00e1 a such\u00e1 ple\u0165.<\/p>\n<p>DOB\u0158E V\u011aD\u011aT<br \/>\nBez paraben\u016f.<\/p>\n<p>POU\u017dIT\u00cd<br \/>\nVmas\u00edrujte do oblast\u00ed, kter\u00e9 v\u00e1s znepokojuj\u00ed, v\u010detn\u011b krku, dekoltu, nadlokt\u00ed, b\u0159icha a stehen. N\u00e1sledn\u011b m\u016f\u017eete pou\u017e\u00edt t\u011blov\u00fd kr\u00e9m.<\/p>\n<p>FREKVENCE<br \/>\nPou\u017e\u00edvejte dvakr\u00e1t denn\u011b: r\u00e1no a ve\u010der.<\/p>\n","protected":false},"excerpt":{"rendered":"<p>Siln\u00e1 ple\u0165ov\u00e1 s\u00e9ra nejsou jen na obli\u010dej!<\/p>\n<p>&#8211; Omlazuje, hydratuje, vyp\u00edn\u00e1<br \/>\n&#8211; Bohat\u00fd fluid<br \/>\n&#8211; Pro zralou a suchou ple\u0165<\/p>\n","protected":false},"featured_media":3706,"comment_status":"open","ping_status":"closed","template":"","meta":{"_acf_changed":false},"badge":[],"product_brand":[],"product_cat":[260,267,271,253,261,259],"product_tag":[],"class_list":{"0":"post-4901","1":"product","2":"type-product","3":"status-publish","4":"has-post-thumbnail","6":"product_cat-jemne-linie-a-vrasky-cs","7":"product_cat-kremy-a-sera-cs","8":"product_cat-pece-o-telo","9":"product_cat-sea-spa-telova-kosmetika","10":"product_cat-sucha-a-poskozena-plet","11":"product_cat-zrala-plet","12":"pa_objem-velkost-60-ml-cs","14":"first","15":"instock","16":"taxable","17":"shipping-taxable","18":"purchasable","19":"product-type-simple"},"acf":[],"_links":{"self":[{"href":"https:\/\/repechage.ideadivisions.dev\/cs\/wp-json\/wp\/v2\/product\/4901","targetHints":{"allow":["GET"]}}],"collection":[{"href":"https:\/\/repechage.ideadivisions.dev\/cs\/wp-json\/wp\/v2\/product"}],"about":[{"href":"https:\/\/repechage.ideadivisions.dev\/cs\/wp-json\/wp\/v2\/types\/product"}],"replies":[{"embeddable":true,"href":"https:\/\/repechage.ideadivisions.dev\/cs\/wp-json\/wp\/v2\/comments?post=4901"}],"wp:featuredmedia":[{"embeddable":true,"href":"https:\/\/repechage.ideadivisions.dev\/cs\/wp-json\/wp\/v2\/media\/3706"}],"wp:attachment":[{"href":"https:\/\/repechage.ideadivisions.dev\/cs\/wp-json\/wp\/v2\/media?parent=4901"}],"wp:term":[{"taxonomy":"badge","embeddable":true,"href":"https:\/\/repechage.ideadivisions.dev\/cs\/wp-json\/wp\/v2\/badge?post=4901"},{"taxonomy":"product_brand","embeddable":true,"href":"https:\/\/repechage.ideadivisions.dev\/cs\/wp-json\/wp\/v2\/product_brand?post=4901"},{"taxonomy":"product_cat","embeddable":true,"href":"https:\/\/repechage.ideadivisions.dev\/cs\/wp-json\/wp\/v2\/product_cat?post=4901"},{"taxonomy":"product_tag","embeddable":true,"href":"https:\/\/repechage.ideadivisions.dev\/cs\/wp-json\/wp\/v2\/product_tag?post=4901"}],"curies":[{"name":"wp","href":"https:\/\/api.w.org\/{rel}","templated":true}]}}