{"id":4903,"date":"2023-05-24T09:09:40","date_gmt":"2023-05-24T07:09:40","guid":{"rendered":"https:\/\/repechage.ideadivisions.dev\/?post_type=product&#038;p=4903"},"modified":"2025-05-05T00:04:46","modified_gmt":"2025-05-04T22:04:46","slug":"vita-cura-cellusea-renewal-obnovujici-sul-z-mrtveho-more-2","status":"publish","type":"product","link":"https:\/\/repechage.ideadivisions.dev\/cs\/produkt\/vita-cura-cellusea-renewal-obnovujici-sul-z-mrtveho-more-2\/","title":{"rendered":"Vita Cura\u00ae CelluSea Renewal\u2122 obnovuj\u00edc\u00ed s\u016fl z Mrtv\u00e9ho mo\u0159e"},"content":{"rendered":"<p>CO JE TO?<br \/>\nS\u016fl z Mrtv\u00e9ho mo\u0159e bohat\u00e1 na miner\u00e1ly p\u0159em\u011bn\u00ed koupel ve skute\u010dn\u00fd l\u00e1ze\u0148sk\u00fd z\u00e1\u017eitek, kter\u00fd pom\u00e1h\u00e1 zm\u011bk\u010dit poko\u017eku a z\u00e1rove\u0148 pom\u00e1h\u00e1 doplnit \u017eiviny na povrch poko\u017eky.<br \/>\nKoupelov\u00e1 s\u016fl z Mrtv\u00e9ho mo\u0159e se li\u0161\u00ed od b\u011b\u017en\u00fdch koupelov\u00fdch sol\u00ed, nebo\u0165 oby\u010dejn\u00e1 mo\u0159sk\u00e1 voda obsahuje v\u011bt\u0161inou chlorid sodn\u00fd (b\u011b\u017en\u00e1 kuchy\u0148sk\u00e1 s\u016fl), zat\u00edmco Mrtv\u00e9 mo\u0159e obsahuje bohat\u0161\u00ed sm\u011bs dal\u0161\u00edch \u017eivin, v\u010detn\u011b ho\u0159\u010d\u00edku, drasl\u00edku, chlorid\u016f v\u00e1penat\u00fdch a bromid\u016f, kter\u00e9 pom\u00e1haj\u00ed.<br \/>\nPro relaxaci a regeneraci jsou tyto koupelov\u00e9 soli provon\u011bny grapefruitem a m\u00e1tou pro aromaterapeutick\u00fd z\u00e1\u017eitek.<\/p>\n<p>PRO KOHO?<br \/>\nPom\u00e1h\u00e1 \u0159e\u0161it ztr\u00e1tu pevnosti a zmen\u0161ovat v\u00fdskyt jamek a pomeran\u010dov\u00e9 k\u016f\u017ee.<\/p>\n<p>DOB\u0158E V\u011aD\u011aT<br \/>\nBez paraben\u016f.<\/p>\n<p>POU\u017dIT\u00cd<br \/>\nP\u0159idejte polovinu a\u017e pln\u00fd \u0161\u00e1lek soli do vany s vodou o teplot\u011b 35\u00b0C. Relaxujte ve van\u011b 2 \u2013 15 minut. Dokon\u010dete studen\u00fdm opl\u00e1chnut\u00edm.<\/p>\n<p>FREKVENCE<br \/>\nPou\u017e\u00edvejte jednou denn\u011b.<\/p>\n","protected":false},"excerpt":{"rendered":"<p>Jedine\u010dn\u00e1 s\u016fl pro skute\u010dn\u00fd z\u00e1\u017eitek z koupele<\/p>\n<p>&#8211; Zpev\u0148uje, remineralizuje, \u010dist\u00ed<br \/>\n&#8211; P\u0159in\u00e1\u0161\u00ed relax a regeneraci<br \/>\n&#8211; Pro zralou ple\u0165<\/p>\n","protected":false},"featured_media":3710,"comment_status":"open","ping_status":"closed","template":"","meta":{"_acf_changed":false},"badge":[],"product_brand":[],"product_cat":[271,253,259],"product_tag":[],"class_list":{"0":"post-4903","1":"product","2":"type-product","3":"status-publish","4":"has-post-thumbnail","6":"product_cat-pece-o-telo","7":"product_cat-sea-spa-telova-kosmetika","8":"product_cat-zrala-plet","9":"pa_objem-velkost-720-g-cs","11":"first","12":"instock","13":"taxable","14":"shipping-taxable","15":"purchasable","16":"product-type-simple"},"acf":[],"_links":{"self":[{"href":"https:\/\/repechage.ideadivisions.dev\/cs\/wp-json\/wp\/v2\/product\/4903","targetHints":{"allow":["GET"]}}],"collection":[{"href":"https:\/\/repechage.ideadivisions.dev\/cs\/wp-json\/wp\/v2\/product"}],"about":[{"href":"https:\/\/repechage.ideadivisions.dev\/cs\/wp-json\/wp\/v2\/types\/product"}],"replies":[{"embeddable":true,"href":"https:\/\/repechage.ideadivisions.dev\/cs\/wp-json\/wp\/v2\/comments?post=4903"}],"wp:featuredmedia":[{"embeddable":true,"href":"https:\/\/repechage.ideadivisions.dev\/cs\/wp-json\/wp\/v2\/media\/3710"}],"wp:attachment":[{"href":"https:\/\/repechage.ideadivisions.dev\/cs\/wp-json\/wp\/v2\/media?parent=4903"}],"wp:term":[{"taxonomy":"badge","embeddable":true,"href":"https:\/\/repechage.ideadivisions.dev\/cs\/wp-json\/wp\/v2\/badge?post=4903"},{"taxonomy":"product_brand","embeddable":true,"href":"https:\/\/repechage.ideadivisions.dev\/cs\/wp-json\/wp\/v2\/product_brand?post=4903"},{"taxonomy":"product_cat","embeddable":true,"href":"https:\/\/repechage.ideadivisions.dev\/cs\/wp-json\/wp\/v2\/product_cat?post=4903"},{"taxonomy":"product_tag","embeddable":true,"href":"https:\/\/repechage.ideadivisions.dev\/cs\/wp-json\/wp\/v2\/product_tag?post=4903"}],"curies":[{"name":"wp","href":"https:\/\/api.w.org\/{rel}","templated":true}]}}