{"id":4904,"date":"2023-05-24T09:09:40","date_gmt":"2023-05-24T07:09:40","guid":{"rendered":"https:\/\/repechage.ideadivisions.dev\/?post_type=product&#038;p=4904"},"modified":"2025-04-26T11:38:41","modified_gmt":"2025-04-26T09:38:41","slug":"vita-cura-cellusea-lift-telovy-krem","status":"publish","type":"product","link":"https:\/\/repechage.ideadivisions.dev\/cs\/produkt\/vita-cura-cellusea-lift-telovy-krem\/","title":{"rendered":"Vita Cura\u00ae CelluSea Lift\u2122 t\u011blov\u00fd kr\u00e9m"},"content":{"rendered":"<p>CO JE TO?<br \/>\nTento bohat\u00fd kr\u00e9m pom\u00e1h\u00e1 viditeln\u011b vyhlazovat a vyp\u00ednat vzhled poko\u017eky pomoc\u00ed v\u00fdkonn\u00e9 biologicky pokro\u010dil\u00e9 p\u00e9\u010de o ple\u0165, kter\u00e1 obnovuje poko\u017eku, zm\u00edr\u0148uje vzhled suchosti a poskytuje viditeln\u011b liftingov\u00fd a vyhlazuj\u00edc\u00ed efekt.<br \/>\nT\u011blov\u00fd kr\u00e9m Vita Cura\u00ae CelluSea Lift\u2122 se t\u0159emi v\u00fdta\u017eky z mo\u0159sk\u00fdch \u0159as, koenzymem A a kofeinem. V\u00fdta\u017eek z Kappaphycus Alvarezii a v\u00fdta\u017eek z ovoce Caesalpinia Spinosa, biopolymern\u00ed komplex s prok\u00e1zanou \u00fa\u010dinnost\u00ed jeho viditeln\u011b liftingov\u00e9ho a vyhlazuj\u00edc\u00edho \u00fa\u010dinku pom\u00e1haj\u00ed zjemnit a \u201epozvednout\u201c kontury.<\/p>\n<p>Ocen\u011bn\u00ed \u010dasopisem MindBodyGreen Lifestyle: &#8222;Nejlep\u0161\u00ed mo\u0159sk\u00e1 v\u016fn\u011b v t\u011blov\u00e9m ml\u00e9ce 2022&#8220;.<\/p>\n<p>PRO KOHO?<br \/>\nZral\u00e1 a such\u00e1 ple\u0165. Pom\u00e1h\u00e1 \u0159e\u0161it ztr\u00e1tu pevnosti a zmen\u0161ovat v\u00fdskyt jamek a pomeran\u010dov\u00e9 k\u016f\u017ee.<\/p>\n<p>DOB\u0158E V\u011aD\u011aT<br \/>\nBez paraben\u016f<\/p>\n<p>POU\u017dIT\u00cd<br \/>\nPo spr\u0161e \u010di such\u00e9m peelingu vmas\u00edrujte do poko\u017eky.<\/p>\n<p>FREKVENCE<br \/>\nDvakr\u00e1t denn\u011b: r\u00e1no a ve\u010der<\/p>\n","protected":false},"excerpt":{"rendered":"<p>Omlazuj\u00edc\u00ed t\u011blov\u00fd kr\u00e9m, kter\u00fd pom\u00e1h\u00e1 \u0159e\u0161it ztr\u00e1tu pevnosti a zmen\u0161ovat v\u00fdskyt celulitidy.<\/p>\n<p>&#8211; Zjem\u0148uje, vyhlazuje, vyp\u00edn\u00e1<br \/>\n&#8211; Hutn\u00ed kr\u00e9m<br \/>\n&#8211; Pro zralou a suchou ple\u0165<\/p>\n","protected":false},"featured_media":3776,"comment_status":"open","ping_status":"closed","template":"","meta":{"_acf_changed":false},"badge":[],"product_brand":[],"product_cat":[271,255,259],"product_tag":[],"class_list":{"0":"post-4904","1":"product","2":"type-product","3":"status-publish","4":"has-post-thumbnail","6":"product_cat-pece-o-telo","7":"product_cat-vita-cura-cs","8":"product_cat-zrala-plet","10":"first","11":"instock","12":"taxable","13":"shipping-taxable","14":"purchasable","15":"product-type-simple"},"acf":[],"_links":{"self":[{"href":"https:\/\/repechage.ideadivisions.dev\/cs\/wp-json\/wp\/v2\/product\/4904","targetHints":{"allow":["GET"]}}],"collection":[{"href":"https:\/\/repechage.ideadivisions.dev\/cs\/wp-json\/wp\/v2\/product"}],"about":[{"href":"https:\/\/repechage.ideadivisions.dev\/cs\/wp-json\/wp\/v2\/types\/product"}],"replies":[{"embeddable":true,"href":"https:\/\/repechage.ideadivisions.dev\/cs\/wp-json\/wp\/v2\/comments?post=4904"}],"wp:featuredmedia":[{"embeddable":true,"href":"https:\/\/repechage.ideadivisions.dev\/cs\/wp-json\/wp\/v2\/media\/3776"}],"wp:attachment":[{"href":"https:\/\/repechage.ideadivisions.dev\/cs\/wp-json\/wp\/v2\/media?parent=4904"}],"wp:term":[{"taxonomy":"badge","embeddable":true,"href":"https:\/\/repechage.ideadivisions.dev\/cs\/wp-json\/wp\/v2\/badge?post=4904"},{"taxonomy":"product_brand","embeddable":true,"href":"https:\/\/repechage.ideadivisions.dev\/cs\/wp-json\/wp\/v2\/product_brand?post=4904"},{"taxonomy":"product_cat","embeddable":true,"href":"https:\/\/repechage.ideadivisions.dev\/cs\/wp-json\/wp\/v2\/product_cat?post=4904"},{"taxonomy":"product_tag","embeddable":true,"href":"https:\/\/repechage.ideadivisions.dev\/cs\/wp-json\/wp\/v2\/product_tag?post=4904"}],"curies":[{"name":"wp","href":"https:\/\/api.w.org\/{rel}","templated":true}]}}