{"id":4905,"date":"2023-05-24T09:09:40","date_gmt":"2023-05-24T07:09:40","guid":{"rendered":"https:\/\/repechage.ideadivisions.dev\/?post_type=product&#038;p=4905"},"modified":"2025-05-16T17:37:57","modified_gmt":"2025-05-16T15:37:57","slug":"vita-cura-opti-lift-serum-2","status":"publish","type":"product","link":"https:\/\/repechage.ideadivisions.dev\/cs\/produkt\/vita-cura-opti-lift-serum-2\/","title":{"rendered":"Vita Cura\u00ae Opti-Lift\u00ae s\u00e9rum"},"content":{"rendered":"<p>CO JE TO?<br \/>\nS\u00e9rum Rep\u00eachage\u00ae Vita Cura\u00ae Opti-Lift je zalo\u017eeno na patentovan\u00e9 technologii a pokro\u010dil\u00fdch poznatc\u00edch v p\u00e9\u010di o ple\u0165. Vyu\u017e\u00edv\u00e1 trojrozm\u011brn\u00fd biopolymer z \u010dist\u00e9ho mandlov\u00e9ho proteinu, kter\u00fd pom\u00e1h\u00e1 redukovat v\u00fdskyt pigmentov\u00fdch skvrn a jin\u00e9 p\u0159\u00edznaky p\u0159ed\u010dasn\u00e9ho st\u00e1rnut\u00ed.<br \/>\nM\u00e1 slo\u017een\u00ed nejvy\u0161\u0161\u00ed kvality Hexapeptid + Mo\u0159sk\u00fd biopeptid + Mandlov\u00fd biopolymer 3D lifting + Aloe Vera + Ka\u0161tan ko\u0148sk\u00fd + Ginkgo Biloba.<\/p>\n<p>PRO KOHO?<br \/>\nPro zralou ple\u0165 s vr\u00e1skami nebo projevy p\u0159ed\u010dasn\u00e9ho st\u00e1rnut\u00ed<\/p>\n<p>DOB\u0158E V\u011aD\u011aT<br \/>\nBez paraben\u016f, bez parf\u00e9m\u016f, netestov\u00e1no na zv\u00ed\u0159atech, vegansk\u00fd p\u0159\u00e1telsk\u00fd<\/p>\n<p>POU\u017dIT\u00cd<br \/>\nPo o\u010di\u0161t\u011bn\u00ed a tonizaci naneste s\u00e9rum na okol\u00ed o\u010d\u00ed nebo na jin\u00e9 problematick\u00e9 oblasti. Po\u010dkejte, dokud se \u00fapln\u011b nevst\u0159eb\u00e1. Nemas\u00edrujte.<\/p>\n<p>FREKVENCE<br \/>\nM\u016f\u017ee se pou\u017e\u00edvat r\u00e1no nebo ve\u010der.<\/p>\n","protected":false},"excerpt":{"rendered":"<p>Evropsky ocen\u011bn\u00e9 o\u010dn\u00ed s\u00e9rum na okol\u00ed o\u010d\u00ed a eliminaci projev\u016f st\u00e1rnut\u00ed<\/p>\n<p>&#8211; Vyhlazuje, rozjas\u0148uje, sjednocuje<br \/>\n&#8211; Zjem\u0148uje, vyhlazuje, hydratuje<br \/>\n&#8211; Pro zralou ple\u0165<\/p>\n","protected":false},"featured_media":3712,"comment_status":"open","ping_status":"closed","template":"","meta":{"_acf_changed":false},"badge":[],"product_brand":[],"product_cat":[260,267,270,255,259],"product_tag":[],"class_list":{"0":"post-4905","1":"product","2":"type-product","3":"status-publish","4":"has-post-thumbnail","6":"product_cat-jemne-linie-a-vrasky-cs","7":"product_cat-kremy-a-sera-cs","8":"product_cat-pece-o-ocni-okoli","9":"product_cat-vita-cura-cs","10":"product_cat-zrala-plet","11":"pa_objem-velkost-15-ml-cs","13":"first","14":"instock","15":"taxable","16":"shipping-taxable","17":"purchasable","18":"product-type-simple"},"acf":[],"_links":{"self":[{"href":"https:\/\/repechage.ideadivisions.dev\/cs\/wp-json\/wp\/v2\/product\/4905","targetHints":{"allow":["GET"]}}],"collection":[{"href":"https:\/\/repechage.ideadivisions.dev\/cs\/wp-json\/wp\/v2\/product"}],"about":[{"href":"https:\/\/repechage.ideadivisions.dev\/cs\/wp-json\/wp\/v2\/types\/product"}],"replies":[{"embeddable":true,"href":"https:\/\/repechage.ideadivisions.dev\/cs\/wp-json\/wp\/v2\/comments?post=4905"}],"wp:featuredmedia":[{"embeddable":true,"href":"https:\/\/repechage.ideadivisions.dev\/cs\/wp-json\/wp\/v2\/media\/3712"}],"wp:attachment":[{"href":"https:\/\/repechage.ideadivisions.dev\/cs\/wp-json\/wp\/v2\/media?parent=4905"}],"wp:term":[{"taxonomy":"badge","embeddable":true,"href":"https:\/\/repechage.ideadivisions.dev\/cs\/wp-json\/wp\/v2\/badge?post=4905"},{"taxonomy":"product_brand","embeddable":true,"href":"https:\/\/repechage.ideadivisions.dev\/cs\/wp-json\/wp\/v2\/product_brand?post=4905"},{"taxonomy":"product_cat","embeddable":true,"href":"https:\/\/repechage.ideadivisions.dev\/cs\/wp-json\/wp\/v2\/product_cat?post=4905"},{"taxonomy":"product_tag","embeddable":true,"href":"https:\/\/repechage.ideadivisions.dev\/cs\/wp-json\/wp\/v2\/product_tag?post=4905"}],"curies":[{"name":"wp","href":"https:\/\/api.w.org\/{rel}","templated":true}]}}