{"id":4906,"date":"2023-05-24T09:09:40","date_gmt":"2023-05-24T07:09:40","guid":{"rendered":"https:\/\/repechage.ideadivisions.dev\/?post_type=product&#038;p=4906"},"modified":"2025-04-26T11:39:41","modified_gmt":"2025-04-26T09:39:41","slug":"vita-cura-omlazujici-pletova-voda-2","status":"publish","type":"product","link":"https:\/\/repechage.ideadivisions.dev\/cs\/produkt\/vita-cura-omlazujici-pletova-voda-2\/","title":{"rendered":"Vita Cura\u00ae omlazuj\u00edc\u00ed ple\u0165ov\u00e1 voda"},"content":{"rendered":"<p>CO JE TO?<br \/>\nTato ple\u0165ov\u00e1 toniza\u010dn\u00ed voda obnovuje p\u0159irozenou rovnov\u00e1hu a jemn\u011b exfoliuje, aby odhalila mlad\u011bji vypadaj\u00edc\u00ed ple\u0165. Receptura obohacen\u00e1 o \u0159asy Laminaria Digitata v\u00e1\u017e\u00edc\u00ed vlhkost a zelen\u00fd a b\u00edl\u00fd \u010daj. Obsahuje tak\u00e9 poko\u017eku zklid\u0148uj\u00edc\u00ed aloe vera, he\u0159m\u00e1nek a pomeran\u010dovou ovocnou vodu, aby byla va\u0161e ple\u0165 hladk\u00e1 a sv\u011b\u017e\u00ed.<\/p>\n<p>PRO KOHO?<br \/>\nPro zralou ple\u0165<\/p>\n<p>POU\u017dIT\u00cd<br \/>\nPo o\u010di\u0161t\u011bn\u00ed pleti zav\u0159ete o\u010di a p\u0159est\u0159\u00edkejte ple\u0165 pomoc\u00ed ple\u0165ov\u00e9 vody, nebo kdykoli b\u011bhem dne p\u0159est\u0159\u00edkejte ple\u0165 pro jej\u00ed osv\u011b\u017een\u00ed a rozjasn\u011bn\u00ed. Vhodn\u00e9 tak\u00e9 k osv\u011b\u017een\u00ed make-upu.<\/p>\n<p>FREKVENCE<br \/>\nPou\u017e\u00edvejte dvakr\u00e1t denn\u011b: r\u00e1no a ve\u010der. M\u016f\u017eete pou\u017e\u00edt k osv\u011b\u017een\u00ed pleti kdykoli b\u011bhem dne.<\/p>\n","protected":false},"excerpt":{"rendered":"<p>Ple\u0165ov\u00e1 toniza\u010dn\u00ed voda ve spreji<\/p>\n<p>&#8211; Osv\u011b\u017euje, tonizuje, rozjas\u0148uje<br \/>\n&#8211; Rychl\u00e9 a snadn\u00e9 pou\u017eit\u00ed<br \/>\n&#8211; Pro zralou ple\u0165<\/p>\n","protected":false},"featured_media":3714,"comment_status":"open","ping_status":"closed","template":"","meta":{"_acf_changed":false},"badge":[],"product_brand":[],"product_cat":[266,260,255,259],"product_tag":[],"class_list":{"0":"post-4906","1":"product","2":"type-product","3":"status-publish","4":"has-post-thumbnail","6":"product_cat-cisteni-pleti-a-tonizace","7":"product_cat-jemne-linie-a-vrasky-cs","8":"product_cat-vita-cura-cs","9":"product_cat-zrala-plet","10":"pa_objem-velkost-177-ml-cs","12":"first","13":"instock","14":"taxable","15":"shipping-taxable","16":"purchasable","17":"product-type-simple"},"acf":[],"_links":{"self":[{"href":"https:\/\/repechage.ideadivisions.dev\/cs\/wp-json\/wp\/v2\/product\/4906","targetHints":{"allow":["GET"]}}],"collection":[{"href":"https:\/\/repechage.ideadivisions.dev\/cs\/wp-json\/wp\/v2\/product"}],"about":[{"href":"https:\/\/repechage.ideadivisions.dev\/cs\/wp-json\/wp\/v2\/types\/product"}],"replies":[{"embeddable":true,"href":"https:\/\/repechage.ideadivisions.dev\/cs\/wp-json\/wp\/v2\/comments?post=4906"}],"wp:featuredmedia":[{"embeddable":true,"href":"https:\/\/repechage.ideadivisions.dev\/cs\/wp-json\/wp\/v2\/media\/3714"}],"wp:attachment":[{"href":"https:\/\/repechage.ideadivisions.dev\/cs\/wp-json\/wp\/v2\/media?parent=4906"}],"wp:term":[{"taxonomy":"badge","embeddable":true,"href":"https:\/\/repechage.ideadivisions.dev\/cs\/wp-json\/wp\/v2\/badge?post=4906"},{"taxonomy":"product_brand","embeddable":true,"href":"https:\/\/repechage.ideadivisions.dev\/cs\/wp-json\/wp\/v2\/product_brand?post=4906"},{"taxonomy":"product_cat","embeddable":true,"href":"https:\/\/repechage.ideadivisions.dev\/cs\/wp-json\/wp\/v2\/product_cat?post=4906"},{"taxonomy":"product_tag","embeddable":true,"href":"https:\/\/repechage.ideadivisions.dev\/cs\/wp-json\/wp\/v2\/product_tag?post=4906"}],"curies":[{"name":"wp","href":"https:\/\/api.w.org\/{rel}","templated":true}]}}