{"id":4907,"date":"2023-05-24T09:09:40","date_gmt":"2023-05-24T07:09:40","guid":{"rendered":"https:\/\/repechage.ideadivisions.dev\/?post_type=product&#038;p=4907"},"modified":"2025-02-06T12:15:22","modified_gmt":"2025-02-06T11:15:22","slug":"vita-cura-obnovujici-serum-2","status":"publish","type":"product","link":"https:\/\/repechage.ideadivisions.dev\/cs\/produkt\/vita-cura-obnovujici-serum-2\/","title":{"rendered":"Vita Cura\u00ae obnovuj\u00edc\u00ed s\u00e9rum"},"content":{"rendered":"<p>CO JE TO?<br \/>\nRozz\u00e1\u0159en\u00e1 poko\u017eka bude va\u0161e! Vita Cura\u00ae obnovuj\u00edc\u00ed s\u00e9rum obsahuje hlubinn\u00fd Thermus thermophilus a v\u00fdta\u017eek z mo\u0159sk\u00fdch \u0159as Laminaria Digitata, kter\u00e9 pom\u00e1haj\u00ed poko\u017ece c\u00edtit se jemn\u011bji a hlad\u0161\u00ed a sni\u017euj\u00ed v\u00fdskyt jemn\u00fdch linek a vr\u00e1sek. Kyselina hyaluronov\u00e1 poskytuje dodate\u010dnou vlhkost, pom\u00e1h\u00e1 poko\u017ece vypadat jemn\u011bji, hlad\u0161\u00ed a mlad\u0161\u00ed.<br \/>\nToto lehk\u00e9 a rychle se vst\u0159eb\u00e1vaj\u00edc\u00ed fluidn\u00ed s\u00e9rum dod\u00e1v\u00e1 vitam\u00edny, miner\u00e1ly a aminokyseliny pro suchou, st\u00e1rnouc\u00ed a citlivou ple\u0165.<\/p>\n<p>PRO KOHO?<br \/>\nPro zralou suchou ple\u0165<\/p>\n<p>POU\u017dIT\u00cd<br \/>\nNa o\u010di\u0161t\u011bnou ple\u0165 naneste 10 kapek s\u00e9ra na obli\u010dej, krk a dekolt. Jemn\u011b mas\u00edrujte, dokud se nevst\u0159eb\u00e1. M\u016f\u017ee b\u00fdt pou\u017eit samostatn\u011b nebo pod Rep\u00eachage\u00ae Vita Cura\u00ae Zpev\u0148uj\u00edc\u00ed kr\u00e9m.<\/p>\n<p>FREKVENCE<br \/>\nPou\u017e\u00edvejte r\u00e1no a\/nebo ve\u010der.<\/p>\n","protected":false},"excerpt":{"rendered":"<p>Vra\u0165te pleti mladistv\u00fd vzhled pomoc\u00ed tohoto regenera\u010dn\u00edho s\u00e9ra.<\/p>\n<p>&#8211; Vyhlazuje, remineralizuje, posiluje<br \/>\n&#8211; Lehk\u00e1, rychle vst\u0159ebateln\u00e1 textura<br \/>\n&#8211; Pro zralou ple\u0165<\/p>\n","protected":false},"featured_media":3716,"comment_status":"open","ping_status":"closed","template":"","meta":{"_acf_changed":false},"badge":[],"product_brand":[],"product_cat":[260,267,255,259],"product_tag":[],"class_list":{"0":"post-4907","1":"product","2":"type-product","3":"status-publish","4":"has-post-thumbnail","6":"product_cat-jemne-linie-a-vrasky-cs","7":"product_cat-kremy-a-sera-cs","8":"product_cat-vita-cura-cs","9":"product_cat-zrala-plet","10":"pa_objem-velkost-30-ml-cs","12":"first","13":"instock","14":"taxable","15":"shipping-taxable","16":"purchasable","17":"product-type-simple"},"acf":[],"_links":{"self":[{"href":"https:\/\/repechage.ideadivisions.dev\/cs\/wp-json\/wp\/v2\/product\/4907","targetHints":{"allow":["GET"]}}],"collection":[{"href":"https:\/\/repechage.ideadivisions.dev\/cs\/wp-json\/wp\/v2\/product"}],"about":[{"href":"https:\/\/repechage.ideadivisions.dev\/cs\/wp-json\/wp\/v2\/types\/product"}],"replies":[{"embeddable":true,"href":"https:\/\/repechage.ideadivisions.dev\/cs\/wp-json\/wp\/v2\/comments?post=4907"}],"wp:featuredmedia":[{"embeddable":true,"href":"https:\/\/repechage.ideadivisions.dev\/cs\/wp-json\/wp\/v2\/media\/3716"}],"wp:attachment":[{"href":"https:\/\/repechage.ideadivisions.dev\/cs\/wp-json\/wp\/v2\/media?parent=4907"}],"wp:term":[{"taxonomy":"badge","embeddable":true,"href":"https:\/\/repechage.ideadivisions.dev\/cs\/wp-json\/wp\/v2\/badge?post=4907"},{"taxonomy":"product_brand","embeddable":true,"href":"https:\/\/repechage.ideadivisions.dev\/cs\/wp-json\/wp\/v2\/product_brand?post=4907"},{"taxonomy":"product_cat","embeddable":true,"href":"https:\/\/repechage.ideadivisions.dev\/cs\/wp-json\/wp\/v2\/product_cat?post=4907"},{"taxonomy":"product_tag","embeddable":true,"href":"https:\/\/repechage.ideadivisions.dev\/cs\/wp-json\/wp\/v2\/product_tag?post=4907"}],"curies":[{"name":"wp","href":"https:\/\/api.w.org\/{rel}","templated":true}]}}