{"id":4908,"date":"2023-05-24T09:09:40","date_gmt":"2023-05-24T07:09:40","guid":{"rendered":"https:\/\/repechage.ideadivisions.dev\/?post_type=product&#038;p=4908"},"modified":"2025-04-26T11:38:41","modified_gmt":"2025-04-26T09:38:41","slug":"vita-cura-cestovni-baleni-3","status":"publish","type":"product","link":"https:\/\/repechage.ideadivisions.dev\/cs\/produkt\/vita-cura-cestovni-baleni-3\/","title":{"rendered":"Vita Cura\u00ae cestovn\u00ed balen\u00ed"},"content":{"rendered":"<p>CO JE TO?<br \/>\nOcen\u011bn\u00e9 receptury Vita Cura\u00ae s troj\u00edm \u00fa\u010dinkem pom\u00e1haj\u00ed sni\u017eovat v\u00fdskyt jemn\u00fdch linek a vr\u00e1sek a z\u00e1rove\u0148 pom\u00e1haj\u00ed zpevnit vzhled poko\u017eky. Kombinuj\u00ed v\u00fd\u017eivn\u00e9 mo\u0159sk\u00e9 \u0159asy s biologicky pokro\u010dil\u00fdmi slo\u017ekami, jako je mo\u0159sk\u00fd biopeptid, extrakt z kv\u011bt\u016f \u010derven\u00e9ho jetele a palmitoyl pentapeptid-4. Set Vita Cura\u00ae obsahuje p\u011bt produkt\u016f dom\u00e1c\u00ed p\u00e9\u010de ve zmen\u0161en\u00fdch cestovn\u00edch balen\u00edch.<\/p>\n<p>PRO KOHO?<br \/>\nPro zralou, suchou ple\u0165<\/p>\n<p>O PRODUKTECH<br \/>\nVita Cura\u00ae \u010dist\u00edc\u00ed kr\u00e9m s troj\u00edm \u00fa\u010dinkem<br \/>\nTento jemn\u00fd, ale bohat\u00fd \u010dist\u00edc\u00ed kr\u00e9m je zalo\u017een na exkluzivn\u00edm slo\u017een\u00ed, kter\u00e9 kombinuje hydrata\u010dn\u00ed bambuck\u00e9 m\u00e1slo, revitaliza\u010dn\u00ed extrakt z j\u00edrovce ko\u0148sk\u00e9ho, uklid\u0148uj\u00edc\u00ed he\u0159m\u00e1nek a regenera\u010dn\u00ed Ginkgo Biloba s na \u017eiviny bohat\u00fdmi mo\u0159sk\u00fdmi \u0159asami Laminaria Digitata. \u0160etrn\u011b odstra\u0148uje ne\u010distoty a zanech\u00e1v\u00e1 poko\u017eku \u010distou, hladkou a hydratovanou.<br \/>\nZp\u016fsob pou\u017eit\u00ed: Naneste kr\u00e9m krou\u017eiv\u00fdmi pohyby vzh\u016fru na oblast obli\u010deje a krku. D\u016fkladn\u011b opl\u00e1chn\u011bte. Pou\u017e\u00edvejte dvakr\u00e1t denn\u011b. N\u00e1sledn\u011b pou\u017eijte Vita Cura\u00ae Omlazuj\u00edc\u00ed ple\u0165ovou vodu.<\/p>\n<p>Vita Cura\u00ae omlazuj\u00edc\u00ed ple\u0165ov\u00e1 voda<br \/>\nTato toniza\u010dn\u00ed ple\u0165ov\u00e1 voda obnovuje p\u0159irozenou rovnov\u00e1hu a jemn\u011b exfoliuje, aby odhalila mlad\u011bji vypadaj\u00edc\u00ed ple\u0165. Tato receptura obohacen\u00e1 o \u0159asy Laminaria Digitata v\u00e1\u017e\u00edc\u00ed vlhkost a zelen\u00fd a b\u00edl\u00fd \u010daj obsahuje tak\u00e9 poko\u017eku zklid\u0148uj\u00edc\u00ed aloe vera, he\u0159m\u00e1nek a pomeran\u010dovou ovocnou vodu, aby byla va\u0161e ple\u0165 hladk\u00e1 a sv\u011b\u017e\u00ed.<br \/>\nZp\u016fsob pou\u017eit\u00ed: Zav\u0159ete o\u010di a nast\u0159\u00edkejte na cel\u00fd obli\u010dej. Pou\u017e\u00edvejte tak \u010dasto, jak je pot\u0159eba. Pou\u017e\u00edvat ji m\u016f\u017eete tak\u00e9 na make-up.<\/p>\n<p>Vita Cura\u00ae obnovuj\u00edc\u00ed s\u00e9rum<br \/>\nToto s\u00e9rum obsahuje hlubinn\u00fd Thermus Thermophilus a v\u00fdta\u017eek z mo\u0159sk\u00fdch \u0159as Laminaria Digitata, kter\u00e9 pom\u00e1haj\u00ed poko\u017ece c\u00edtit se jemn\u011bji a hlad\u0161\u00ed a sni\u017euj\u00ed v\u00fdskyt jemn\u00fdch linek a vr\u00e1sek. Kyselina hyaluronov\u00e1 poskytuje dodate\u010dnou hydrataci, pom\u00e1h\u00e1 poko\u017ece vypadat jemn\u011bji, hlad\u0161\u00ed a mlad\u0161\u00ed.<br \/>\nZp\u016fsob pou\u017eit\u00ed: Po o\u010di\u0161t\u011bn\u00ed naneste 10 kapek s\u00e9ra na obli\u010dej, krk a dekolt. Jemn\u011b mas\u00edrujte, dokud se nevst\u0159eb\u00e1. Pou\u017e\u00edvejte jeden a\u017e dvakr\u00e1t denn\u011b.<\/p>\n<p>Vita Cura\u00ae Opti-Lift s\u00e9rum<br \/>\nNa z\u00e1klad\u011b patentovan\u00e9 technologie a pokro\u010dil\u00fdch poznatk\u016f v oblasti p\u00e9\u010de o ple\u0165 p\u016fsob\u00ed toto s\u00e9rum na oblast o\u010dn\u00edch kontur a dal\u0161\u00ed oblasti z\u00e1jmu, p\u0159i\u010dem\u017e vyu\u017e\u00edv\u00e1 trojrozm\u011brn\u00fd biopolymer z \u010dist\u00e9ho mandlov\u00e9ho proteinu, kter\u00fd pom\u00e1h\u00e1 redukovat v\u00fdskyt pigmentov\u00fdch skvrn a jin\u00e9 p\u0159\u00edznaky p\u0159ed\u010dasn\u00e9ho st\u00e1rnut\u00ed.<br \/>\nZp\u016fsob pou\u017eit\u00ed: Po o\u010di\u0161t\u011bn\u00ed a tonizaci naneste s\u00e9rum na okol\u00ed o\u010d\u00ed nebo na jin\u00e9 problematick\u00e9 oblasti. Po\u010dkejte, a\u017e se \u00fapln\u011b nevst\u0159eb\u00e1. Nevt\u00edrejte. Pou\u017e\u00edvejte r\u00e1no.<\/p>\n<p>Vita Cura\u00ae zpev\u0148uj\u00edc\u00ed kr\u00e9m<br \/>\nTento ocen\u011bn\u00fd kr\u00e9m obsahuje v\u00fdta\u017eek z kv\u011btin a palmitoyl pentapeptid-4, kter\u00e9 okam\u017eit\u011b pom\u00e1haj\u00ed vytvo\u0159it jemn\u011bj\u0161\u00ed, hlad\u0161\u00ed a pevn\u011bj\u0161\u00ed vzhled poko\u017eky.<br \/>\nZp\u016fsob pou\u017eit\u00ed: Aplikujte na oblast obli\u010deje a krku. Pou\u017e\u00edvejte dvakr\u00e1t denn\u011b.<\/p>\n","protected":false},"excerpt":{"rendered":"<p>Praktick\u00e9 cestovn\u00ed balen\u00ed p\u011bti produkt\u016f \u0159ady Vita Cura\u00ae<\/p>\n<p>&#8211; Vita Cura\u00ae Triple Action Cleansing Cream: 30 ml<br \/>\n&#8211; Vita Cura\u00ae Renewal Toner: 30 ml<br \/>\n&#8211; Vita Cura\u00ae Renewal Serum: 10 ml<br \/>\n&#8211; Vita Cura\u00ae Opti-Lift Serum: 5 ml<br \/>\n&#8211; Vita Cura\u00ae Triple Firming Cream: 15 ml \u2013 podle New Beauty: \u201eNejlep\u0161\u00ed zpev\u0148uj\u00edc\u00ed kr\u00e9m roku 2022 \u2013 kultovn\u00ed klasika\u201c<\/p>\n","protected":false},"featured_media":7073,"comment_status":"open","ping_status":"closed","template":"","meta":{"_acf_changed":false},"badge":[],"product_brand":[],"product_cat":[337,265,261,255,259],"product_tag":[],"class_list":{"0":"post-4908","1":"product","2":"type-product","3":"status-publish","4":"has-post-thumbnail","6":"product_cat-akce","7":"product_cat-darkove-poukazy-a-balicky","8":"product_cat-sucha-a-poskozena-plet","9":"product_cat-vita-cura-cs","10":"product_cat-zrala-plet","12":"first","13":"instock","14":"taxable","15":"shipping-taxable","16":"purchasable","17":"product-type-simple"},"acf":[],"_links":{"self":[{"href":"https:\/\/repechage.ideadivisions.dev\/cs\/wp-json\/wp\/v2\/product\/4908","targetHints":{"allow":["GET"]}}],"collection":[{"href":"https:\/\/repechage.ideadivisions.dev\/cs\/wp-json\/wp\/v2\/product"}],"about":[{"href":"https:\/\/repechage.ideadivisions.dev\/cs\/wp-json\/wp\/v2\/types\/product"}],"replies":[{"embeddable":true,"href":"https:\/\/repechage.ideadivisions.dev\/cs\/wp-json\/wp\/v2\/comments?post=4908"}],"wp:featuredmedia":[{"embeddable":true,"href":"https:\/\/repechage.ideadivisions.dev\/cs\/wp-json\/wp\/v2\/media\/7073"}],"wp:attachment":[{"href":"https:\/\/repechage.ideadivisions.dev\/cs\/wp-json\/wp\/v2\/media?parent=4908"}],"wp:term":[{"taxonomy":"badge","embeddable":true,"href":"https:\/\/repechage.ideadivisions.dev\/cs\/wp-json\/wp\/v2\/badge?post=4908"},{"taxonomy":"product_brand","embeddable":true,"href":"https:\/\/repechage.ideadivisions.dev\/cs\/wp-json\/wp\/v2\/product_brand?post=4908"},{"taxonomy":"product_cat","embeddable":true,"href":"https:\/\/repechage.ideadivisions.dev\/cs\/wp-json\/wp\/v2\/product_cat?post=4908"},{"taxonomy":"product_tag","embeddable":true,"href":"https:\/\/repechage.ideadivisions.dev\/cs\/wp-json\/wp\/v2\/product_tag?post=4908"}],"curies":[{"name":"wp","href":"https:\/\/api.w.org\/{rel}","templated":true}]}}