{"id":4910,"date":"2023-05-24T09:09:40","date_gmt":"2023-05-24T07:09:40","guid":{"rendered":"https:\/\/repechage.ideadivisions.dev\/?post_type=product&#038;p=4910"},"modified":"2025-02-06T12:05:00","modified_gmt":"2025-02-06T11:05:00","slug":"vita-cura-cistici-krem-s-trojitym-ucinkem-2","status":"publish","type":"product","link":"https:\/\/repechage.ideadivisions.dev\/cs\/produkt\/vita-cura-cistici-krem-s-trojitym-ucinkem-2\/","title":{"rendered":"Vita Cura\u00ae \u010dist\u00edc\u00ed kr\u00e9m s troj\u00edm \u00fa\u010dinkem"},"content":{"rendered":"<p>CO JE TO?<br \/>\nTento jemn\u00fd, bohat\u00fd \u010dist\u00edc\u00ed kr\u00e9m je zalo\u017een na exkluzivn\u00edm slo\u017een\u00ed, kter\u00e9 kombinuje hydrata\u010dn\u00ed bambuck\u00e9 m\u00e1slo, revitaliza\u010dn\u00ed v\u00fdta\u017eek z j\u00edrovce ko\u0148sk\u00e9ho, uklid\u0148uj\u00edc\u00ed he\u0159m\u00e1nek a regeneraci poko\u017eky Ginkgo Biloba s na \u017eiviny bohat\u00fdmi, mo\u0159sk\u00fdmi \u0159asami Laminaria Digitata, kter\u00e9 jemn\u011b odstran\u00ed. Zanech\u00e1v\u00e1 poko\u017eku \u010distou, hladkou a hydratovanou.<br \/>\nOptimalizujte svou ka\u017edodenn\u00ed rutinu a h\u00fd\u010dkejte ple\u0165. Vyt\u011b\u017ete maximum ze sv\u00e9ho ka\u017edodenn\u00edho \u010di\u0161t\u011bn\u00ed pleti s t\u00edmto luxusn\u00edm, kr\u00e9mov\u00fdm pokro\u010dil\u00fdm \u010dist\u00edc\u00edm slo\u017een\u00edm s \u00fa\u010dinky proti st\u00e1rnut\u00ed, kter\u00e9 zanech\u00e1vaj\u00ed ple\u0165 v\u00fdrazn\u011b hlad\u0161\u00ed a mladistv\u011bj\u0161\u00ed.<\/p>\n<p>PRO KOHO?<br \/>\nZral\u00e1, such\u00e1 ple\u0165<\/p>\n<p>DOB\u0158E V\u011aD\u011aT<br \/>\nBez aditiv nebo um\u011bl\u00fdch barviv. Vegansk\u00fd p\u0159\u00e1telsk\u00fd vzorec, kter\u00fd je bez krutosti, bez miner\u00e1ln\u00edch a ropn\u00fdch olej\u016f, bez m\u00fddla a bez paraben\u016f.<\/p>\n<p>POU\u017dIT\u00cd<br \/>\nNaneste kr\u00e9m krou\u017eiv\u00fdmi pohyby vzh\u016fru na oblast obli\u010deje a krku a n\u00e1sledn\u011b opl\u00e1chn\u011bte vla\u017enou vodou. Pokra\u010dujte s Vita Cura\u00ae omlazuj\u00edc\u00ed ple\u0165ovou vodou.<\/p>\n<p>FREKVENCE<br \/>\nDvakr\u00e1t denn\u011b: r\u00e1no a ve\u010der<\/p>\n","protected":false},"excerpt":{"rendered":"<p>H\u00fd\u010dkejte ple\u0165 a vyt\u011b\u017ete maximum ze sv\u00e9ho ka\u017edodenn\u00edho \u010dist\u00edc\u00edho prost\u0159edku na obli\u010dej.<\/p>\n<p>&#8211; Odstra\u0148uje make-up a ne\u010distoty<br \/>\n&#8211; Bohat\u00fd kr\u00e9m<br \/>\n&#8211; Pro zralou a suchou ple\u0165<\/p>\n","protected":false},"featured_media":3720,"comment_status":"open","ping_status":"closed","template":"","meta":{"_acf_changed":false},"badge":[],"product_brand":[],"product_cat":[266,260,255,259],"product_tag":[],"class_list":{"0":"post-4910","1":"product","2":"type-product","3":"status-publish","4":"has-post-thumbnail","6":"product_cat-cisteni-pleti-a-tonizace","7":"product_cat-jemne-linie-a-vrasky-cs","8":"product_cat-vita-cura-cs","9":"product_cat-zrala-plet","10":"pa_objem-velkost-177-ml-cs","12":"first","13":"instock","14":"taxable","15":"shipping-taxable","16":"purchasable","17":"product-type-simple"},"acf":[],"_links":{"self":[{"href":"https:\/\/repechage.ideadivisions.dev\/cs\/wp-json\/wp\/v2\/product\/4910","targetHints":{"allow":["GET"]}}],"collection":[{"href":"https:\/\/repechage.ideadivisions.dev\/cs\/wp-json\/wp\/v2\/product"}],"about":[{"href":"https:\/\/repechage.ideadivisions.dev\/cs\/wp-json\/wp\/v2\/types\/product"}],"replies":[{"embeddable":true,"href":"https:\/\/repechage.ideadivisions.dev\/cs\/wp-json\/wp\/v2\/comments?post=4910"}],"wp:featuredmedia":[{"embeddable":true,"href":"https:\/\/repechage.ideadivisions.dev\/cs\/wp-json\/wp\/v2\/media\/3720"}],"wp:attachment":[{"href":"https:\/\/repechage.ideadivisions.dev\/cs\/wp-json\/wp\/v2\/media?parent=4910"}],"wp:term":[{"taxonomy":"badge","embeddable":true,"href":"https:\/\/repechage.ideadivisions.dev\/cs\/wp-json\/wp\/v2\/badge?post=4910"},{"taxonomy":"product_brand","embeddable":true,"href":"https:\/\/repechage.ideadivisions.dev\/cs\/wp-json\/wp\/v2\/product_brand?post=4910"},{"taxonomy":"product_cat","embeddable":true,"href":"https:\/\/repechage.ideadivisions.dev\/cs\/wp-json\/wp\/v2\/product_cat?post=4910"},{"taxonomy":"product_tag","embeddable":true,"href":"https:\/\/repechage.ideadivisions.dev\/cs\/wp-json\/wp\/v2\/product_tag?post=4910"}],"curies":[{"name":"wp","href":"https:\/\/api.w.org\/{rel}","templated":true}]}}