{"id":4911,"date":"2023-05-24T09:09:40","date_gmt":"2023-05-24T07:09:40","guid":{"rendered":"https:\/\/repechage.ideadivisions.dev\/?post_type=product&#038;p=4911"},"modified":"2025-05-12T19:07:58","modified_gmt":"2025-05-12T17:07:58","slug":"vita-cura-zpevnujici-krem-3","status":"publish","type":"product","link":"https:\/\/repechage.ideadivisions.dev\/cs\/produkt\/vita-cura-zpevnujici-krem-3\/","title":{"rendered":"Vita Cura\u00ae zpev\u0148uj\u00edc\u00ed kr\u00e9m | 50 ml"},"content":{"rendered":"<p>CO JE TO?<br \/>\nDenn\u00ed hydrata\u010dn\u00ed kr\u00e9m s obsahem mo\u0159sk\u00e9ho biopeptidu, pentapeptidu a v\u00fdta\u017ek\u016f z kv\u011bt\u016f \u010derven\u00e9ho jetele v kombinaci s kyselinou hyaluronovou, sezamov\u00fdm a sladk\u00fdm mandlov\u00fdm olejem, kakaov\u00fdm, bambuck\u00fdm a mangov\u00fdm m\u00e1slem napom\u00e1h\u00e1 intenzivn\u011b hydratovat a zjem\u0148ovat poko\u017eku.<\/p>\n<p>\u010casopis New Beauty o Rep\u00eachage\u00ae Vita Cura\u00ae Triple Action Firming Cream napsal: \u201eNejlep\u0161\u00ed zpev\u0148uj\u00edc\u00ed kr\u00e9m roku 2022 \u2013 kultovn\u00ed klasika.\u201c<br \/>\n&#8222;\u00dasp\u011b\u0161n\u011b dok\u00e1\u017ee nemo\u017en\u00e9 t\u00edm, \u017ee poskytuje super hladk\u00e9 slo\u017een\u00ed, kter\u00e9 je nabito tolika l\u00e1tkami proti st\u00e1rnut\u00ed a peptidy, a\u017e se budete divit, jak je mohly v\u0161echny zahrnout.&#8220;<\/p>\n<p>PRO KOHO?<br \/>\nNejv\u00edce profitovat z tohoto bohat\u00e9ho kr\u00e9mu m\u016f\u017ee zral\u00e1, such\u00e1 ple\u0165 s viditeln\u00fdmi zn\u00e1mkami st\u00e1rnut\u00ed, jako jsou vr\u00e1sky a ztr\u00e1ta pevnosti a pru\u017enosti, ale je vhodn\u00fd v jak\u00e9mkoli v\u011bku.<\/p>\n<p>DOB\u0158E V\u011aD\u011aT<br \/>\nBez paraben\u016f<\/p>\n<p>POU\u017dIT\u00cd<br \/>\nNa o\u010di\u0161t\u011bnou ple\u0165 aplikujte kr\u00e9m a rovnom\u011brn\u011b jej rozet\u0159ete sm\u011brem nahoru a ven.<\/p>\n<p>FREKVENCE<br \/>\nPou\u017e\u00edvejte dvakr\u00e1t denn\u011b: r\u00e1no a ve\u010der.<\/p>\n","protected":false},"excerpt":{"rendered":"<p>Pro hlad\u0161\u00ed a mlad\u0161\u00ed vypadaj\u00edc\u00ed ple\u0165<\/p>\n<p>&#8211; Vyhlazuje, zpev\u0148uje, regeneruje<br \/>\n&#8211; Bohat\u00e1 kr\u00e9mov\u00e1 textura<br \/>\n&#8211; Pro suchou ple\u0165<\/p>\n","protected":false},"featured_media":3722,"comment_status":"open","ping_status":"closed","template":"","meta":{"_acf_changed":false},"badge":[],"product_brand":[],"product_cat":[260,267,255,259],"product_tag":[],"class_list":{"0":"post-4911","1":"product","2":"type-product","3":"status-publish","4":"has-post-thumbnail","6":"product_cat-jemne-linie-a-vrasky-cs","7":"product_cat-kremy-a-sera-cs","8":"product_cat-vita-cura-cs","9":"product_cat-zrala-plet","10":"pa_objem-velkost-50-ml-cs","12":"first","13":"instock","14":"taxable","15":"shipping-taxable","16":"purchasable","17":"product-type-simple"},"acf":[],"_links":{"self":[{"href":"https:\/\/repechage.ideadivisions.dev\/cs\/wp-json\/wp\/v2\/product\/4911","targetHints":{"allow":["GET"]}}],"collection":[{"href":"https:\/\/repechage.ideadivisions.dev\/cs\/wp-json\/wp\/v2\/product"}],"about":[{"href":"https:\/\/repechage.ideadivisions.dev\/cs\/wp-json\/wp\/v2\/types\/product"}],"replies":[{"embeddable":true,"href":"https:\/\/repechage.ideadivisions.dev\/cs\/wp-json\/wp\/v2\/comments?post=4911"}],"wp:featuredmedia":[{"embeddable":true,"href":"https:\/\/repechage.ideadivisions.dev\/cs\/wp-json\/wp\/v2\/media\/3722"}],"wp:attachment":[{"href":"https:\/\/repechage.ideadivisions.dev\/cs\/wp-json\/wp\/v2\/media?parent=4911"}],"wp:term":[{"taxonomy":"badge","embeddable":true,"href":"https:\/\/repechage.ideadivisions.dev\/cs\/wp-json\/wp\/v2\/badge?post=4911"},{"taxonomy":"product_brand","embeddable":true,"href":"https:\/\/repechage.ideadivisions.dev\/cs\/wp-json\/wp\/v2\/product_brand?post=4911"},{"taxonomy":"product_cat","embeddable":true,"href":"https:\/\/repechage.ideadivisions.dev\/cs\/wp-json\/wp\/v2\/product_cat?post=4911"},{"taxonomy":"product_tag","embeddable":true,"href":"https:\/\/repechage.ideadivisions.dev\/cs\/wp-json\/wp\/v2\/product_tag?post=4911"}],"curies":[{"name":"wp","href":"https:\/\/api.w.org\/{rel}","templated":true}]}}