{"id":4914,"date":"2023-05-24T09:09:40","date_gmt":"2023-05-24T07:09:40","guid":{"rendered":"https:\/\/repechage.ideadivisions.dev\/?post_type=product&#038;p=4914"},"modified":"2025-01-08T15:58:03","modified_gmt":"2025-01-08T14:58:03","slug":"vita-cura-cellusea-spevnenie-a-lifting-osetreni-tela-darkove-baleni-2","status":"publish","type":"product","link":"https:\/\/repechage.ideadivisions.dev\/cs\/produkt\/vita-cura-cellusea-spevnenie-a-lifting-osetreni-tela-darkove-baleni-2\/","title":{"rendered":"Vita Cura\u00ae CelluSea Firm + Lift\u2122 produkty pro o\u0161et\u0159en\u00ed t\u011bla | d\u00e1rkov\u00e9 balen\u00ed"},"content":{"rendered":"<p>CO JE TO?<br \/>\nToto fantastick\u00e9 duo p\u0159in\u00e1\u0161\u00ed na\u0161e nejpokro\u010dilej\u0161\u00ed slo\u017eky p\u00e9\u010de o k\u016f\u017ei do p\u00e9\u010de o t\u011blo pro c\u00edlen\u00e9 viditeln\u00e9 v\u00fdsledky.<br \/>\nObsahuje na\u0161e exkluzivn\u00ed v\u00fdta\u017eky z mo\u0159sk\u00fdch \u0159as sb\u00edran\u00e9 udr\u017eiteln\u00fdm zp\u016fsobem a klinicky testovan\u00fd v\u00fdta\u017eek \u0159asy Kappaphycus Alvarezii a tak\u00e9 v\u00fdta\u017eek z ovoce Caesalpinia Spinosa pro viditeln\u011b liftingov\u00fd a vyhlazuj\u00edc\u00ed \u00fa\u010dinek. Peptidy, kofein, koenzym A a \u010dist\u00e9 rostlinn\u00e9 slo\u017eky pom\u00e1haj\u00ed podporovat vzhled pevn\u00e9 a z\u00e1\u0159iv\u00e9 poko\u017eky.<\/p>\n<p>PRO KOHO?<br \/>\nPro zralou, suchou, ochablou poko\u017eku t\u011bla. .<\/p>\n<p>O PRODUKTECH<br \/>\nVita Cura\u00ae CelluSea Firm\u2122 S\u00e9rum na krk a t\u011blo<br \/>\nToto t\u011blov\u00e9 s\u00e9rum se stane stejn\u011b d\u016fle\u017eit\u00fdm jako va\u0161e obli\u010dejov\u00e9 s\u00e9rum a hydrata\u010dn\u00ed kr\u00e9m, aby dramaticky zlep\u0161ilo vzhled poko\u017eky, p\u0159i\u010dem\u017e se stanete z\u00e1visl\u00fdmi na jeho opojn\u00e9 v\u016fni neroli, grapefruitu a m\u00e1ty.<br \/>\nRevolu\u010dn\u00ed produkt p\u00e9\u010de o poko\u017eku t\u011bla, kter\u00fd dramaticky sni\u017euje v\u00fdskyt such\u00e9 a krepat\u00e9 poko\u017eky a z\u00e1rove\u0148 pom\u00e1h\u00e1 zpevnit vzhled kontur t\u011bla. V\u00fdta\u017eek z Kappaphycus Alvarezii a v\u00fdta\u017eek z ovoce Caesalpinia Spinosa, biopolymern\u00ed komplex s prok\u00e1zanou \u00fa\u010dinnost\u00ed jeho viditeln\u011b liftingov\u00e9ho a vyhlazuj\u00edc\u00edho \u00fa\u010dinku pom\u00e1haj\u00ed zjemnit a \u201epozvednout\u201c kontury pleti. V\u00fdta\u017eky z mo\u0159sk\u00fdch \u0159as, koenzym A a kofein a dal\u0161\u00ed \u010dist\u00e9 rostlinn\u00e9 v\u00fdta\u017eky pom\u00e1haj\u00ed vy\u017eivovat a pom\u00e1haj\u00ed podporovat hydrata\u010dn\u00ed bari\u00e9ru poko\u017eky a sni\u017euj\u00ed suchost.<\/p>\n<p>Vita Cura\u00ae CelluSea Lift\u2122 t\u011blov\u00fd kr\u00e9m<br \/>\nTento bohat\u00fd kr\u00e9m pom\u00e1h\u00e1 viditeln\u011b vyhlazovat a nap\u00ednat vzhled poko\u017eky pomoc\u00ed v\u00fdkonn\u00e9 biologicky pokro\u010dil\u00e9 p\u00e9\u010de o ple\u0165, kter\u00e1 obnovuje poko\u017eku, zm\u00edr\u0148uje vzhled suchosti a poskytuje viditeln\u011b liftingov\u00fd a vyhlazuj\u00edc\u00ed efekt.<br \/>\nT\u011blov\u00fd kr\u00e9m se t\u0159emi v\u00fdta\u017eky z mo\u0159sk\u00fdch \u0159as, koenzymem A a kofeinem. V\u00fdta\u017eek z Kappaphycus Alvarezii a v\u00fdta\u017eek z ovoce Caesalpinia Spinosa, biopolymern\u00ed komplex s prok\u00e1zanou \u00fa\u010dinnost\u00ed jeho viditeln\u011b liftingov\u00e9ho a vyhlazuj\u00edc\u00edho \u00fa\u010dinku pom\u00e1haj\u00ed zjemnit a \u201epozvednout\u201c kontury pleti.<\/p>\n<p>POU\u017dIT\u00cd<br \/>\nVmas\u00edrujte n\u011bkolik kapek Vita Cura\u00ae CelluSea Firm\u2122 s\u00e9ra na krk a t\u011blo do oblast\u00ed, kter\u00e9 v\u00e1s tr\u00e1p\u00ed, v\u010detn\u011b krku, dekoltu, nadlokt\u00ed, b\u0159icha a stehen. N\u00e1sledujte t\u011blov\u00fd konturovac\u00ed kr\u00e9m Vita Cura\u00ae CelluSea Lift\u2122, kter\u00fd se vmas\u00edruje do horn\u00ed \u010d\u00e1sti pa\u017e\u00ed a stehen, h\u00fd\u017ed\u00ed a b\u0159icha. Pou\u017e\u00edvejte dvakr\u00e1t denn\u011b<\/p>\n","protected":false},"excerpt":{"rendered":"<p>Exkluzivn\u00ed balen\u00ed zpev\u0148uj\u00edc\u00edch produkt\u016f na t\u011blo \u0159ady Vita Cura\u00ae<br \/>\n&#8211; Vita Cura\u00ae CelluSea Firm\u2122 Neck and Body Serum 60 ml<br \/>\n&#8211; Vita Cura\u00ae CelluSea Lift\u2122 Body Contour Cream 50 ml<\/p>\n","protected":false},"featured_media":3725,"comment_status":"open","ping_status":"closed","template":"","meta":{"_acf_changed":false},"badge":[],"product_brand":[],"product_cat":[271,261,255,259],"product_tag":[],"class_list":{"0":"post-4914","1":"product","2":"type-product","3":"status-publish","4":"has-post-thumbnail","6":"product_cat-pece-o-telo","7":"product_cat-sucha-a-poskozena-plet","8":"product_cat-vita-cura-cs","9":"product_cat-zrala-plet","10":"pa_objem-velkost-2-produkty-cs","12":"first","13":"instock","14":"taxable","15":"shipping-taxable","16":"purchasable","17":"product-type-simple"},"acf":[],"_links":{"self":[{"href":"https:\/\/repechage.ideadivisions.dev\/cs\/wp-json\/wp\/v2\/product\/4914","targetHints":{"allow":["GET"]}}],"collection":[{"href":"https:\/\/repechage.ideadivisions.dev\/cs\/wp-json\/wp\/v2\/product"}],"about":[{"href":"https:\/\/repechage.ideadivisions.dev\/cs\/wp-json\/wp\/v2\/types\/product"}],"replies":[{"embeddable":true,"href":"https:\/\/repechage.ideadivisions.dev\/cs\/wp-json\/wp\/v2\/comments?post=4914"}],"wp:featuredmedia":[{"embeddable":true,"href":"https:\/\/repechage.ideadivisions.dev\/cs\/wp-json\/wp\/v2\/media\/3725"}],"wp:attachment":[{"href":"https:\/\/repechage.ideadivisions.dev\/cs\/wp-json\/wp\/v2\/media?parent=4914"}],"wp:term":[{"taxonomy":"badge","embeddable":true,"href":"https:\/\/repechage.ideadivisions.dev\/cs\/wp-json\/wp\/v2\/badge?post=4914"},{"taxonomy":"product_brand","embeddable":true,"href":"https:\/\/repechage.ideadivisions.dev\/cs\/wp-json\/wp\/v2\/product_brand?post=4914"},{"taxonomy":"product_cat","embeddable":true,"href":"https:\/\/repechage.ideadivisions.dev\/cs\/wp-json\/wp\/v2\/product_cat?post=4914"},{"taxonomy":"product_tag","embeddable":true,"href":"https:\/\/repechage.ideadivisions.dev\/cs\/wp-json\/wp\/v2\/product_tag?post=4914"}],"curies":[{"name":"wp","href":"https:\/\/api.w.org\/{rel}","templated":true}]}}