{"id":4915,"date":"2023-06-14T07:32:00","date_gmt":"2023-06-14T05:32:00","guid":{"rendered":"https:\/\/repechage.ideadivisions.dev\/?post_type=product&#038;p=4915"},"modified":"2025-06-11T13:25:44","modified_gmt":"2025-06-11T11:25:44","slug":"hydra-blue-balicek-vzorku-5-ks-2","status":"publish","type":"product","link":"https:\/\/repechage.ideadivisions.dev\/cs\/produkt\/hydra-blue-balicek-vzorku-5-ks-2\/","title":{"rendered":"Hydra Blue\u00ae bal\u00ed\u010dek vzork\u016f | 5 ks"},"content":{"rendered":"","protected":false},"excerpt":{"rendered":"<p>Balen\u00ed 5 vzork\u016f kosmetick\u00e9 \u0159ady Hydra Blue\u00ae dle vlastn\u00edho v\u00fdb\u011bru<\/p>\n<p>&#8211; Hydro Complex\u00ae &#8211; mastn\u00fd (HCLX OS)<br \/>\n&#8211; Hydro Complex\u00ae &#8211; Such\u00fd (HC LX DS)<br \/>\n&#8211; Miner\u00e1ln\u00ed obli\u010dejov\u00fd \u0161t\u00edt\u00ae &#8211; (MFSS)<br \/>\n&#8211; Minutov\u00e1 maska (OMEM)<br \/>\n&#8211; Opti-Firm\u00ae kr\u00e9m na o\u010dn\u00ed kontury (OFEC)<br \/>\n&#8211; Opti-Firm\u00ae liftingov\u00fd kr\u00e9m (OFLC)<br \/>\n&#8211; Obnovuj\u00edc\u00ed kr\u00e9m Opti-Firm\u00ae (OFRC)<\/p>\n<p>P\u0159i objedn\u00e1vce pros\u00edm uve\u010fte konkr\u00e9tn\u00edch 5 vzork\u016f, o kter\u00e9 m\u00e1te z\u00e1jem.<\/p>\n","protected":false},"featured_media":4564,"comment_status":"open","ping_status":"closed","template":"","meta":{"_acf_changed":false},"badge":[],"product_brand":[],"product_cat":[265,249,261,259],"product_tag":[],"class_list":{"0":"post-4915","1":"product","2":"type-product","3":"status-publish","4":"has-post-thumbnail","6":"product_cat-darkove-poukazy-a-balicky","7":"product_cat-hydra-blue-cs","8":"product_cat-sucha-a-poskozena-plet","9":"product_cat-zrala-plet","10":"pa_objem-velkost-5-ks-cs","12":"first","13":"instock","14":"taxable","15":"shipping-taxable","16":"purchasable","17":"product-type-simple"},"acf":[],"_links":{"self":[{"href":"https:\/\/repechage.ideadivisions.dev\/cs\/wp-json\/wp\/v2\/product\/4915","targetHints":{"allow":["GET"]}}],"collection":[{"href":"https:\/\/repechage.ideadivisions.dev\/cs\/wp-json\/wp\/v2\/product"}],"about":[{"href":"https:\/\/repechage.ideadivisions.dev\/cs\/wp-json\/wp\/v2\/types\/product"}],"replies":[{"embeddable":true,"href":"https:\/\/repechage.ideadivisions.dev\/cs\/wp-json\/wp\/v2\/comments?post=4915"}],"wp:featuredmedia":[{"embeddable":true,"href":"https:\/\/repechage.ideadivisions.dev\/cs\/wp-json\/wp\/v2\/media\/4564"}],"wp:attachment":[{"href":"https:\/\/repechage.ideadivisions.dev\/cs\/wp-json\/wp\/v2\/media?parent=4915"}],"wp:term":[{"taxonomy":"badge","embeddable":true,"href":"https:\/\/repechage.ideadivisions.dev\/cs\/wp-json\/wp\/v2\/badge?post=4915"},{"taxonomy":"product_brand","embeddable":true,"href":"https:\/\/repechage.ideadivisions.dev\/cs\/wp-json\/wp\/v2\/product_brand?post=4915"},{"taxonomy":"product_cat","embeddable":true,"href":"https:\/\/repechage.ideadivisions.dev\/cs\/wp-json\/wp\/v2\/product_cat?post=4915"},{"taxonomy":"product_tag","embeddable":true,"href":"https:\/\/repechage.ideadivisions.dev\/cs\/wp-json\/wp\/v2\/product_tag?post=4915"}],"curies":[{"name":"wp","href":"https:\/\/api.w.org\/{rel}","templated":true}]}}