{"id":4917,"date":"2023-06-14T07:32:00","date_gmt":"2023-06-14T05:32:00","guid":{"rendered":"https:\/\/repechage.ideadivisions.dev\/?post_type=product&#038;p=4917"},"modified":"2025-02-06T12:59:34","modified_gmt":"2025-02-06T11:59:34","slug":"vita-cura-balicek-vzorku-5-ks-2","status":"publish","type":"product","link":"https:\/\/repechage.ideadivisions.dev\/cs\/produkt\/vita-cura-balicek-vzorku-5-ks-2\/","title":{"rendered":"Vita Cura\u00ae bal\u00ed\u010dek vzork\u016f | 5 ks"},"content":{"rendered":"","protected":false},"excerpt":{"rendered":"<p>Bal\u00ed\u010dek 5 ks vzork\u016f kosmetick\u00e9 \u0159ady Vita Cura\u00ae<\/p>\n<p>\u2022 Vita Cura\u00ae Triple Firming Cream (VCFC)<br \/>\n\u2022 Vita Cura\u00ae Cleanser (S RR85 POUCH)<br \/>\n\u2022 Vita Cura\u00ae Opti-Lift Serum (VCOLS)<br \/>\n\u2022 Vita Cura\u00ae Gold B3Serum (S RR81 POUCH)<br \/>\n\u2022 Vita Cura\u00ae Gold B3 Elixir (S RR82 POUCH)<\/p>\n","protected":false},"featured_media":4577,"comment_status":"open","ping_status":"closed","template":"","meta":{"_acf_changed":false},"badge":[],"product_brand":[],"product_cat":[265,261,255,259],"product_tag":[],"class_list":{"0":"post-4917","1":"product","2":"type-product","3":"status-publish","4":"has-post-thumbnail","6":"product_cat-darkove-poukazy-a-balicky","7":"product_cat-sucha-a-poskozena-plet","8":"product_cat-vita-cura-cs","9":"product_cat-zrala-plet","10":"pa_objem-velkost-5-ks-cs","12":"first","13":"instock","14":"taxable","15":"shipping-taxable","16":"purchasable","17":"product-type-simple"},"acf":[],"_links":{"self":[{"href":"https:\/\/repechage.ideadivisions.dev\/cs\/wp-json\/wp\/v2\/product\/4917","targetHints":{"allow":["GET"]}}],"collection":[{"href":"https:\/\/repechage.ideadivisions.dev\/cs\/wp-json\/wp\/v2\/product"}],"about":[{"href":"https:\/\/repechage.ideadivisions.dev\/cs\/wp-json\/wp\/v2\/types\/product"}],"replies":[{"embeddable":true,"href":"https:\/\/repechage.ideadivisions.dev\/cs\/wp-json\/wp\/v2\/comments?post=4917"}],"wp:featuredmedia":[{"embeddable":true,"href":"https:\/\/repechage.ideadivisions.dev\/cs\/wp-json\/wp\/v2\/media\/4577"}],"wp:attachment":[{"href":"https:\/\/repechage.ideadivisions.dev\/cs\/wp-json\/wp\/v2\/media?parent=4917"}],"wp:term":[{"taxonomy":"badge","embeddable":true,"href":"https:\/\/repechage.ideadivisions.dev\/cs\/wp-json\/wp\/v2\/badge?post=4917"},{"taxonomy":"product_brand","embeddable":true,"href":"https:\/\/repechage.ideadivisions.dev\/cs\/wp-json\/wp\/v2\/product_brand?post=4917"},{"taxonomy":"product_cat","embeddable":true,"href":"https:\/\/repechage.ideadivisions.dev\/cs\/wp-json\/wp\/v2\/product_cat?post=4917"},{"taxonomy":"product_tag","embeddable":true,"href":"https:\/\/repechage.ideadivisions.dev\/cs\/wp-json\/wp\/v2\/product_tag?post=4917"}],"curies":[{"name":"wp","href":"https:\/\/api.w.org\/{rel}","templated":true}]}}