{"id":4918,"date":"2023-06-14T07:32:00","date_gmt":"2023-06-14T05:32:00","guid":{"rendered":"https:\/\/repechage.ideadivisions.dev\/?post_type=product&#038;p=4918"},"modified":"2025-01-08T15:13:30","modified_gmt":"2025-01-08T14:13:30","slug":"redout-a-hydra4-balicek-vzorku-4-ks-2","status":"publish","type":"product","link":"https:\/\/repechage.ideadivisions.dev\/cs\/produkt\/redout-a-hydra4-balicek-vzorku-4-ks-2\/","title":{"rendered":"Red-Out\u00ae a Hydra 4\u00ae bal\u00ed\u010dek vzork\u016f | 4 ks"},"content":{"rendered":"","protected":false},"excerpt":{"rendered":"<p>Bal\u00ed\u010dek 4 ks vzork\u016f kosmetick\u00e9 \u0159ady Hydra 4\u00ae a RedOut\u00ae<br \/>\n\u2022 Red-Out\u00ae Cleanser (H4RC)<br \/>\n\u2022 Red-Out\u00ae Serum (H4RS)<br \/>\n\u2022 Hydra 4\u00ae Cleanser (H4CS)<br \/>\n\u2022 Hydra 4\u00ae Day Cream (H4DS)<\/p>\n","protected":false},"featured_media":5272,"comment_status":"open","ping_status":"closed","template":"","meta":{"_acf_changed":false},"badge":[],"product_brand":[],"product_cat":[262,265,248],"product_tag":[],"class_list":{"0":"post-4918","1":"product","2":"type-product","3":"status-publish","4":"has-post-thumbnail","6":"product_cat-citliva-plet-cs","7":"product_cat-darkove-poukazy-a-balicky","8":"product_cat-hydra-4-red-out-cs","9":"pa_objem-velkost-4-ks-cs","11":"first","12":"instock","13":"taxable","14":"shipping-taxable","15":"purchasable","16":"product-type-simple"},"acf":[],"_links":{"self":[{"href":"https:\/\/repechage.ideadivisions.dev\/cs\/wp-json\/wp\/v2\/product\/4918","targetHints":{"allow":["GET"]}}],"collection":[{"href":"https:\/\/repechage.ideadivisions.dev\/cs\/wp-json\/wp\/v2\/product"}],"about":[{"href":"https:\/\/repechage.ideadivisions.dev\/cs\/wp-json\/wp\/v2\/types\/product"}],"replies":[{"embeddable":true,"href":"https:\/\/repechage.ideadivisions.dev\/cs\/wp-json\/wp\/v2\/comments?post=4918"}],"wp:featuredmedia":[{"embeddable":true,"href":"https:\/\/repechage.ideadivisions.dev\/cs\/wp-json\/wp\/v2\/media\/5272"}],"wp:attachment":[{"href":"https:\/\/repechage.ideadivisions.dev\/cs\/wp-json\/wp\/v2\/media?parent=4918"}],"wp:term":[{"taxonomy":"badge","embeddable":true,"href":"https:\/\/repechage.ideadivisions.dev\/cs\/wp-json\/wp\/v2\/badge?post=4918"},{"taxonomy":"product_brand","embeddable":true,"href":"https:\/\/repechage.ideadivisions.dev\/cs\/wp-json\/wp\/v2\/product_brand?post=4918"},{"taxonomy":"product_cat","embeddable":true,"href":"https:\/\/repechage.ideadivisions.dev\/cs\/wp-json\/wp\/v2\/product_cat?post=4918"},{"taxonomy":"product_tag","embeddable":true,"href":"https:\/\/repechage.ideadivisions.dev\/cs\/wp-json\/wp\/v2\/product_tag?post=4918"}],"curies":[{"name":"wp","href":"https:\/\/api.w.org\/{rel}","templated":true}]}}