{"id":4919,"date":"2023-06-14T07:32:00","date_gmt":"2023-06-14T05:32:00","guid":{"rendered":"https:\/\/repechage.ideadivisions.dev\/?post_type=product&#038;p=4919"},"modified":"2025-01-08T15:46:21","modified_gmt":"2025-01-08T14:46:21","slug":"hydra-medic-a-tzone-balicek-vzorku-5-ks-2","status":"publish","type":"product","link":"https:\/\/repechage.ideadivisions.dev\/cs\/produkt\/hydra-medic-a-tzone-balicek-vzorku-5-ks-2\/","title":{"rendered":"Hydra Medic\u00ae a T-Zone bal\u00ed\u010dek vzork\u016f | 5 ks"},"content":{"rendered":"","protected":false},"excerpt":{"rendered":"<p>Bal\u00ed\u010dek 5 ks vzork\u016f kosmetick\u00e9 \u0159ady Hydra Medic\u00ae<br \/>\n\u2022 Hydra Medic\u00ae Face Wash \u2013 (HMFW)<br \/>\n\u2022 Hydra Medic\u00ae Mattifying Moisturizer (HMMS)<br \/>\n\u2022 Hydra Medic\u00ae Mud Mask (HMMU)<br \/>\n\u2022 T-Zone Balance Moisturizer (TZBM)<br \/>\n\u2022 Honey &amp; Almond Scrub (HASP)<\/p>\n","protected":false},"featured_media":5274,"comment_status":"open","ping_status":"closed","template":"","meta":{"_acf_changed":false},"badge":[],"product_brand":[],"product_cat":[265,251,257,254],"product_tag":[],"class_list":{"0":"post-4919","1":"product","2":"type-product","3":"status-publish","4":"has-post-thumbnail","6":"product_cat-darkove-poukazy-a-balicky","7":"product_cat-hydra-medic-cs","8":"product_cat-smisena-az-mastna-plet-s-akne","9":"product_cat-t-zone-balance","10":"pa_objem-velkost-5-ks-cs","12":"first","13":"instock","14":"taxable","15":"shipping-taxable","16":"purchasable","17":"product-type-simple"},"acf":[],"_links":{"self":[{"href":"https:\/\/repechage.ideadivisions.dev\/cs\/wp-json\/wp\/v2\/product\/4919","targetHints":{"allow":["GET"]}}],"collection":[{"href":"https:\/\/repechage.ideadivisions.dev\/cs\/wp-json\/wp\/v2\/product"}],"about":[{"href":"https:\/\/repechage.ideadivisions.dev\/cs\/wp-json\/wp\/v2\/types\/product"}],"replies":[{"embeddable":true,"href":"https:\/\/repechage.ideadivisions.dev\/cs\/wp-json\/wp\/v2\/comments?post=4919"}],"wp:featuredmedia":[{"embeddable":true,"href":"https:\/\/repechage.ideadivisions.dev\/cs\/wp-json\/wp\/v2\/media\/5274"}],"wp:attachment":[{"href":"https:\/\/repechage.ideadivisions.dev\/cs\/wp-json\/wp\/v2\/media?parent=4919"}],"wp:term":[{"taxonomy":"badge","embeddable":true,"href":"https:\/\/repechage.ideadivisions.dev\/cs\/wp-json\/wp\/v2\/badge?post=4919"},{"taxonomy":"product_brand","embeddable":true,"href":"https:\/\/repechage.ideadivisions.dev\/cs\/wp-json\/wp\/v2\/product_brand?post=4919"},{"taxonomy":"product_cat","embeddable":true,"href":"https:\/\/repechage.ideadivisions.dev\/cs\/wp-json\/wp\/v2\/product_cat?post=4919"},{"taxonomy":"product_tag","embeddable":true,"href":"https:\/\/repechage.ideadivisions.dev\/cs\/wp-json\/wp\/v2\/product_tag?post=4919"}],"curies":[{"name":"wp","href":"https:\/\/api.w.org\/{rel}","templated":true}]}}