{"id":4920,"date":"2023-06-14T07:32:00","date_gmt":"2023-06-14T05:32:00","guid":{"rendered":"https:\/\/repechage.ideadivisions.dev\/?post_type=product&#038;p=4920"},"modified":"2025-04-18T22:45:43","modified_gmt":"2025-04-18T20:45:43","slug":"hydra-dew-pure-balicek-vzorku-3-ks-2","status":"publish","type":"product","link":"https:\/\/repechage.ideadivisions.dev\/cs\/produkt\/hydra-dew-pure-balicek-vzorku-3-ks-2\/","title":{"rendered":"Hydra Dew Pure\u2122 bal\u00ed\u010dek vzork\u016f | 3 ks"},"content":{"rendered":"","protected":false},"excerpt":{"rendered":"<p>Bal\u00ed\u010dek 3 ks vzork\u016f Hydra Dew Pure\u2122<br \/>\n\u2022 Hydra Dew Pure Facial Moisturizer (S RR03 POUCH)<br \/>\n\u2022 Hydra Dew Pure Eye Contour Cream (S RR04 POUCH)<br \/>\n\u2022 Hydra Dew Pure Night Cream (S RR06 POUCH)<\/p>\n","protected":false},"featured_media":4585,"comment_status":"open","ping_status":"closed","template":"","meta":{"_acf_changed":false},"badge":[],"product_brand":[],"product_cat":[265,250,260,261],"product_tag":[],"class_list":{"0":"post-4920","1":"product","2":"type-product","3":"status-publish","4":"has-post-thumbnail","6":"product_cat-darkove-poukazy-a-balicky","7":"product_cat-hydra-dew-pure-cs","8":"product_cat-jemne-linie-a-vrasky-cs","9":"product_cat-sucha-a-poskozena-plet","10":"pa_objem-velkost-3-ks-cs","12":"first","13":"instock","14":"taxable","15":"shipping-taxable","16":"purchasable","17":"product-type-simple"},"acf":[],"_links":{"self":[{"href":"https:\/\/repechage.ideadivisions.dev\/cs\/wp-json\/wp\/v2\/product\/4920","targetHints":{"allow":["GET"]}}],"collection":[{"href":"https:\/\/repechage.ideadivisions.dev\/cs\/wp-json\/wp\/v2\/product"}],"about":[{"href":"https:\/\/repechage.ideadivisions.dev\/cs\/wp-json\/wp\/v2\/types\/product"}],"replies":[{"embeddable":true,"href":"https:\/\/repechage.ideadivisions.dev\/cs\/wp-json\/wp\/v2\/comments?post=4920"}],"wp:featuredmedia":[{"embeddable":true,"href":"https:\/\/repechage.ideadivisions.dev\/cs\/wp-json\/wp\/v2\/media\/4585"}],"wp:attachment":[{"href":"https:\/\/repechage.ideadivisions.dev\/cs\/wp-json\/wp\/v2\/media?parent=4920"}],"wp:term":[{"taxonomy":"badge","embeddable":true,"href":"https:\/\/repechage.ideadivisions.dev\/cs\/wp-json\/wp\/v2\/badge?post=4920"},{"taxonomy":"product_brand","embeddable":true,"href":"https:\/\/repechage.ideadivisions.dev\/cs\/wp-json\/wp\/v2\/product_brand?post=4920"},{"taxonomy":"product_cat","embeddable":true,"href":"https:\/\/repechage.ideadivisions.dev\/cs\/wp-json\/wp\/v2\/product_cat?post=4920"},{"taxonomy":"product_tag","embeddable":true,"href":"https:\/\/repechage.ideadivisions.dev\/cs\/wp-json\/wp\/v2\/product_tag?post=4920"}],"curies":[{"name":"wp","href":"https:\/\/api.w.org\/{rel}","templated":true}]}}