{"id":6033,"date":"2024-10-21T14:44:40","date_gmt":"2024-10-21T12:44:40","guid":{"rendered":"https:\/\/repechage.ideadivisions.dev\/produkt\/vita-cura-eau-fraiche-sviecka\/"},"modified":"2025-04-05T10:47:05","modified_gmt":"2025-04-05T08:47:05","slug":"vita-cura-eau-fraiche-sviecka","status":"publish","type":"product","link":"https:\/\/repechage.ideadivisions.dev\/cs\/produkt\/vita-cura-eau-fraiche-sviecka\/","title":{"rendered":"Vita Cura\u00ae Eau Fra\u00eeche sv\u00ed\u010dka"},"content":{"rendered":"<p>CO JE TO ?<\/p>\n<p>Tato pr\u00e9miov\u00e1 aromatick\u00e1 sv\u00ed\u010dka na b\u00e1zi s\u00f3ji, napln\u011bn\u00e1 sm\u011bs\u00ed citronu, jasm\u00ednu, kosatce a zlat\u00e9ho jantaru, probud\u00ed va\u0161e smysly a obohat\u00ed v\u00e1s v\u016fn\u00ed sv\u011b\u017e\u00edho jara.<\/p>\n","protected":false},"excerpt":{"rendered":"<p>Zlep\u0161ete sv\u016fj z\u00e1\u017eitek z koupele s touto prvot\u0159\u00eddn\u00ed aromatickou sv\u00ed\u010dkou, kter\u00e1 v\u00e1s obohat\u00ed v\u016fn\u00ed sv\u011b\u017e\u00edho jara.<\/p>\n","protected":false},"featured_media":5765,"comment_status":"open","ping_status":"closed","template":"","meta":{"_acf_changed":false},"badge":[],"product_brand":[],"product_cat":[271,255],"product_tag":[],"class_list":{"0":"post-6033","1":"product","2":"type-product","3":"status-publish","4":"has-post-thumbnail","6":"product_cat-pece-o-telo","7":"product_cat-vita-cura-cs","8":"pa_objem-velkost-1-ks-cs","10":"first","11":"instock","12":"taxable","13":"shipping-taxable","14":"purchasable","15":"product-type-simple"},"acf":[],"_links":{"self":[{"href":"https:\/\/repechage.ideadivisions.dev\/cs\/wp-json\/wp\/v2\/product\/6033","targetHints":{"allow":["GET"]}}],"collection":[{"href":"https:\/\/repechage.ideadivisions.dev\/cs\/wp-json\/wp\/v2\/product"}],"about":[{"href":"https:\/\/repechage.ideadivisions.dev\/cs\/wp-json\/wp\/v2\/types\/product"}],"replies":[{"embeddable":true,"href":"https:\/\/repechage.ideadivisions.dev\/cs\/wp-json\/wp\/v2\/comments?post=6033"}],"wp:featuredmedia":[{"embeddable":true,"href":"https:\/\/repechage.ideadivisions.dev\/cs\/wp-json\/wp\/v2\/media\/5765"}],"wp:attachment":[{"href":"https:\/\/repechage.ideadivisions.dev\/cs\/wp-json\/wp\/v2\/media?parent=6033"}],"wp:term":[{"taxonomy":"badge","embeddable":true,"href":"https:\/\/repechage.ideadivisions.dev\/cs\/wp-json\/wp\/v2\/badge?post=6033"},{"taxonomy":"product_brand","embeddable":true,"href":"https:\/\/repechage.ideadivisions.dev\/cs\/wp-json\/wp\/v2\/product_brand?post=6033"},{"taxonomy":"product_cat","embeddable":true,"href":"https:\/\/repechage.ideadivisions.dev\/cs\/wp-json\/wp\/v2\/product_cat?post=6033"},{"taxonomy":"product_tag","embeddable":true,"href":"https:\/\/repechage.ideadivisions.dev\/cs\/wp-json\/wp\/v2\/product_tag?post=6033"}],"curies":[{"name":"wp","href":"https:\/\/api.w.org\/{rel}","templated":true}]}}