{"id":6036,"date":"2024-04-26T20:53:50","date_gmt":"2024-04-26T18:53:50","guid":{"rendered":"https:\/\/repechage.ideadivisions.dev\/produkt\/vita-cura-sea-spa-telovy-krem\/"},"modified":"2025-04-17T10:09:26","modified_gmt":"2025-04-17T08:09:26","slug":"vita-cura-sea-spa-telove-mleko","status":"publish","type":"product","link":"https:\/\/repechage.ideadivisions.dev\/cs\/produkt\/vita-cura-sea-spa-telove-mleko\/","title":{"rendered":"Vita Cura\u00ae Sea Spa t\u011blov\u00e9 ml\u00e9ko"},"content":{"rendered":"<p>CO TO JE?<br \/>\nBohat\u00e9, kr\u00e9mov\u00e9 ml\u00e9ko pln\u00fd \u017eivin z mo\u0159sk\u00fdch \u0159as, v\u010detn\u011b 12 vitam\u00edn\u016f, 18 aminokyselin a 42 stopov\u00fdch prvk\u016f a miner\u00e1l\u016f. Dokonal\u00e1 z\u00e1v\u011bre\u010dn\u00e1 te\u010dka va\u0161eho ka\u017edodenn\u00edho ritu\u00e1lu p\u00e9\u010de o t\u011blo.<\/p>\n<p>PRO KOHO?<br \/>\nZral\u00e1 a such\u00e1 poko\u017eka. Pom\u00e1h\u00e1 \u0159e\u0161it ztr\u00e1tu pevnosti a redukovat v\u00fdskyt dol\u00ed\u010dk\u016f a pomeran\u010dov\u00e9 k\u016f\u017ee.<\/p>\n<p>POU\u017dIT\u00cd<br \/>\nAplikujte na poko\u017eku po spr\u0161e nebo koupeli a podle pot\u0159eby v pr\u016fb\u011bhu dne.<\/p>\n<p>DOBR\u00c9 V\u011aD\u011aT<br \/>\nBez paraben\u016f.<\/p>\n<p>&nbsp;<\/p>\n","protected":false},"excerpt":{"rendered":"<p>Dopl\u0148te sv\u00e9 pleti pot\u0159ebn\u00e9 \u017eiviny z v\u00fdta\u017ek\u016f z mo\u0159sk\u00fdch \u0159as Laminaria Digitata a Ascophyllum Nodosum. Extrakt z jinanu dvoulalo\u010dn\u00e9ho a vitaminy E a C hloubkov\u011b hydratuj\u00ed a obnovuj\u00ed povrch poko\u017eky s v\u016fn\u00ed, kterou si zamilujete! Dokonal\u00e1 z\u00e1v\u011bre\u010dn\u00e1 te\u010dka va\u0161eho ka\u017edodenn\u00edho denn\u00edho i no\u010dn\u00edho ritu\u00e1lu p\u00e9\u010de o t\u011blo.<\/p>\n","protected":false},"featured_media":5366,"comment_status":"open","ping_status":"closed","template":"","meta":{"_acf_changed":false},"badge":[],"product_brand":[],"product_cat":[260,267,271,253,261,255,259],"product_tag":[324,325,326],"class_list":{"0":"post-6036","1":"product","2":"type-product","3":"status-publish","4":"has-post-thumbnail","6":"product_cat-jemne-linie-a-vrasky-cs","7":"product_cat-kremy-a-sera-cs","8":"product_cat-pece-o-telo","9":"product_cat-sea-spa-telova-kosmetika","10":"product_cat-sucha-a-poskozena-plet","11":"product_cat-vita-cura-cs","12":"product_cat-zrala-plet","13":"product_tag-sea-spa-cs","14":"product_tag-telovy-krem-cs","15":"product_tag-vita-cura-cs","17":"first","18":"instock","19":"taxable","20":"shipping-taxable","21":"purchasable","22":"product-type-simple"},"acf":[],"_links":{"self":[{"href":"https:\/\/repechage.ideadivisions.dev\/cs\/wp-json\/wp\/v2\/product\/6036","targetHints":{"allow":["GET"]}}],"collection":[{"href":"https:\/\/repechage.ideadivisions.dev\/cs\/wp-json\/wp\/v2\/product"}],"about":[{"href":"https:\/\/repechage.ideadivisions.dev\/cs\/wp-json\/wp\/v2\/types\/product"}],"replies":[{"embeddable":true,"href":"https:\/\/repechage.ideadivisions.dev\/cs\/wp-json\/wp\/v2\/comments?post=6036"}],"wp:featuredmedia":[{"embeddable":true,"href":"https:\/\/repechage.ideadivisions.dev\/cs\/wp-json\/wp\/v2\/media\/5366"}],"wp:attachment":[{"href":"https:\/\/repechage.ideadivisions.dev\/cs\/wp-json\/wp\/v2\/media?parent=6036"}],"wp:term":[{"taxonomy":"badge","embeddable":true,"href":"https:\/\/repechage.ideadivisions.dev\/cs\/wp-json\/wp\/v2\/badge?post=6036"},{"taxonomy":"product_brand","embeddable":true,"href":"https:\/\/repechage.ideadivisions.dev\/cs\/wp-json\/wp\/v2\/product_brand?post=6036"},{"taxonomy":"product_cat","embeddable":true,"href":"https:\/\/repechage.ideadivisions.dev\/cs\/wp-json\/wp\/v2\/product_cat?post=6036"},{"taxonomy":"product_tag","embeddable":true,"href":"https:\/\/repechage.ideadivisions.dev\/cs\/wp-json\/wp\/v2\/product_tag?post=6036"}],"curies":[{"name":"wp","href":"https:\/\/api.w.org\/{rel}","templated":true}]}}