{"id":6157,"date":"2023-11-01T14:23:16","date_gmt":"2023-11-01T13:23:16","guid":{"rendered":"https:\/\/repechage.ideadivisions.dev\/produkt\/vysuvny-stetec-na-puder\/"},"modified":"2025-01-08T09:42:52","modified_gmt":"2025-01-08T08:42:52","slug":"vysuvny-stetec-na-puder","status":"publish","type":"product","link":"https:\/\/repechage.ideadivisions.dev\/cs\/produkt\/vysuvny-stetec-na-puder\/","title":{"rendered":"V\u00fdsuvn\u00fd \u0161t\u011btec na pudr"},"content":{"rendered":"","protected":false},"excerpt":{"rendered":"<p>Vytvo\u0159te si bezvadn\u00fd make-up pomoc\u00ed tohoto exkluzivn\u00edho vysouvac\u00edho \u0161t\u011btce na pudr. M\u011bkk\u00e9 nylonov\u00e9 \u0161t\u011btiny a odn\u00edmateln\u00fd uz\u00e1v\u011br usnad\u0148uj\u00ed skladov\u00e1n\u00ed doma i na cest\u00e1ch.<\/p>\n","protected":false},"featured_media":6153,"comment_status":"open","ping_status":"closed","template":"","meta":{"_acf_changed":false},"badge":[],"product_brand":[],"product_cat":[15],"product_tag":[],"class_list":{"0":"post-6157","1":"product","2":"type-product","3":"status-publish","4":"has-post-thumbnail","6":"product_cat-nezaradene","7":"pa_objem-velkost-1-ks-cs","9":"first","10":"instock","11":"taxable","12":"shipping-taxable","13":"purchasable","14":"product-type-simple"},"acf":[],"_links":{"self":[{"href":"https:\/\/repechage.ideadivisions.dev\/cs\/wp-json\/wp\/v2\/product\/6157","targetHints":{"allow":["GET"]}}],"collection":[{"href":"https:\/\/repechage.ideadivisions.dev\/cs\/wp-json\/wp\/v2\/product"}],"about":[{"href":"https:\/\/repechage.ideadivisions.dev\/cs\/wp-json\/wp\/v2\/types\/product"}],"replies":[{"embeddable":true,"href":"https:\/\/repechage.ideadivisions.dev\/cs\/wp-json\/wp\/v2\/comments?post=6157"}],"wp:featuredmedia":[{"embeddable":true,"href":"https:\/\/repechage.ideadivisions.dev\/cs\/wp-json\/wp\/v2\/media\/6153"}],"wp:attachment":[{"href":"https:\/\/repechage.ideadivisions.dev\/cs\/wp-json\/wp\/v2\/media?parent=6157"}],"wp:term":[{"taxonomy":"badge","embeddable":true,"href":"https:\/\/repechage.ideadivisions.dev\/cs\/wp-json\/wp\/v2\/badge?post=6157"},{"taxonomy":"product_brand","embeddable":true,"href":"https:\/\/repechage.ideadivisions.dev\/cs\/wp-json\/wp\/v2\/product_brand?post=6157"},{"taxonomy":"product_cat","embeddable":true,"href":"https:\/\/repechage.ideadivisions.dev\/cs\/wp-json\/wp\/v2\/product_cat?post=6157"},{"taxonomy":"product_tag","embeddable":true,"href":"https:\/\/repechage.ideadivisions.dev\/cs\/wp-json\/wp\/v2\/product_tag?post=6157"}],"curies":[{"name":"wp","href":"https:\/\/api.w.org\/{rel}","templated":true}]}}