{"id":6167,"date":"2023-11-01T14:23:13","date_gmt":"2023-11-01T13:23:13","guid":{"rendered":"https:\/\/repechage.ideadivisions.dev\/produkt\/kefa-na-telo-s-exfoliacnymi-kaktusovymi-stetinami\/"},"modified":"2025-01-08T09:50:19","modified_gmt":"2025-01-08T08:50:19","slug":"kefa-na-telo-s-exfoliacnymi-kaktusovymi-stetinami","status":"publish","type":"product","link":"https:\/\/repechage.ideadivisions.dev\/cs\/produkt\/kefa-na-telo-s-exfoliacnymi-kaktusovymi-stetinami\/","title":{"rendered":"Kart\u00e1\u010d na t\u011blo s exfolia\u010dn\u00edmi kaktusov\u00fdmi \u0161t\u011btinami"},"content":{"rendered":"<p>CO JE TO?<br \/>\nJemn\u011b exfoliujte a stimulujte kontury t\u011bla, pro zjemn\u011bn\u00ed a vyhlazen\u00ed textury poko\u017eky pomoc\u00ed tohoto kart\u00e1\u010de s p\u0159\u00edrodn\u00edmi kaktusov\u00fdmi \u0161t\u011btinami. D\u00edky kr\u00e1sn\u00e9 rukojeti z bukov\u00e9ho d\u0159eva a pl\u00e1t\u011bn\u00e9mu popruhu se tento kart\u00e1\u010d pohodln\u011b vejde a poskytne stimuluj\u00edc\u00ed z\u00e1\u017eitek. P\u0159\u00edrodn\u00ed kaktusov\u00e1 \u0161t\u011btina je zn\u00e1m\u00e1 svoj\u00ed silou a pevnost\u00ed.<\/p>\n<p>POU\u017dIT\u00cd<br \/>\nPou\u017e\u00edvejte na suchou poko\u017eku ve sm\u011bru k srdci a ven ke stimulaci krevn\u00edho a lymfatick\u00e9ho ob\u011bhu a odstran\u011bn\u00ed odum\u0159el\u00fdch bun\u011bk poko\u017eky. Zach\u00e1zejte s n\u00ed jemn\u011b a \u0161etrn\u011b.<\/p>\n","protected":false},"excerpt":{"rendered":"<p>Exfolia\u010dn\u00ed kart\u00e1\u010d s p\u0159\u00edrodn\u00edmi \u0161t\u011btinami<br \/>\n&#8211; P\u016fsob\u00ed jako mechanick\u00fd peeling<br \/>\n&#8211; Vhodn\u00e1 p\u0159ed t\u011blov\u00fdmi procedurami<br \/>\n&#8211; Elegantn\u00ed proveden\u00ed<\/p>\n","protected":false},"featured_media":6160,"comment_status":"open","ping_status":"closed","template":"","meta":{"_acf_changed":false},"badge":[],"product_brand":[],"product_cat":[15],"product_tag":[],"class_list":{"0":"post-6167","1":"product","2":"type-product","3":"status-publish","4":"has-post-thumbnail","6":"product_cat-nezaradene","7":"pa_objem-velkost-1-ks-cs","9":"first","10":"instock","11":"taxable","12":"shipping-taxable","13":"purchasable","14":"product-type-simple"},"acf":[],"_links":{"self":[{"href":"https:\/\/repechage.ideadivisions.dev\/cs\/wp-json\/wp\/v2\/product\/6167","targetHints":{"allow":["GET"]}}],"collection":[{"href":"https:\/\/repechage.ideadivisions.dev\/cs\/wp-json\/wp\/v2\/product"}],"about":[{"href":"https:\/\/repechage.ideadivisions.dev\/cs\/wp-json\/wp\/v2\/types\/product"}],"replies":[{"embeddable":true,"href":"https:\/\/repechage.ideadivisions.dev\/cs\/wp-json\/wp\/v2\/comments?post=6167"}],"wp:featuredmedia":[{"embeddable":true,"href":"https:\/\/repechage.ideadivisions.dev\/cs\/wp-json\/wp\/v2\/media\/6160"}],"wp:attachment":[{"href":"https:\/\/repechage.ideadivisions.dev\/cs\/wp-json\/wp\/v2\/media?parent=6167"}],"wp:term":[{"taxonomy":"badge","embeddable":true,"href":"https:\/\/repechage.ideadivisions.dev\/cs\/wp-json\/wp\/v2\/badge?post=6167"},{"taxonomy":"product_brand","embeddable":true,"href":"https:\/\/repechage.ideadivisions.dev\/cs\/wp-json\/wp\/v2\/product_brand?post=6167"},{"taxonomy":"product_cat","embeddable":true,"href":"https:\/\/repechage.ideadivisions.dev\/cs\/wp-json\/wp\/v2\/product_cat?post=6167"},{"taxonomy":"product_tag","embeddable":true,"href":"https:\/\/repechage.ideadivisions.dev\/cs\/wp-json\/wp\/v2\/product_tag?post=6167"}],"curies":[{"name":"wp","href":"https:\/\/api.w.org\/{rel}","templated":true}]}}