{"id":6179,"date":"2024-12-31T22:29:08","date_gmt":"2024-12-31T21:29:08","guid":{"rendered":"https:\/\/repechage.ideadivisions.dev\/produkt\/vita-cura-cellusea-smooth-anticelulitidny-piling\/"},"modified":"2025-11-29T23:31:44","modified_gmt":"2025-11-29T22:31:44","slug":"vita-cura-cellusea-smooth-anticelulitidny-piling","status":"publish","type":"product","link":"https:\/\/repechage.ideadivisions.dev\/cs\/produkt\/vita-cura-cellusea-smooth-anticelulitidny-piling\/","title":{"rendered":"Vita Cura\u00ae CelluSea Smooth\u2122 anticelulitidn\u00ed peeling"},"content":{"rendered":"<p>CO JE TO?<br \/>\nPovzbuzuj\u00edc\u00ed t\u011blov\u00fd peeling, kter\u00fd je pro poko\u017eku jako \u010dokol\u00e1dov\u00e9 espresso s m\u00e1tou.<br \/>\nS v\u00fdta\u017eky z mo\u0159sk\u00fdch \u0159as, kakaa a kofeinu sm\u00edchan\u00fdmi s komplexem Multi-Fruit Complex lze tento peeling na b\u00e1zi cukru pou\u017e\u00edt na problematick\u00e1 m\u00edsta pro zlep\u0161en\u00ed vzhledu kontur a z\u00e1rove\u0148 eliminovat suchou mdlou poko\u017eku, aby se objevil jemn\u011bj\u0161\u00ed, hlad\u0161\u00ed a t\u00f3novan\u011bj\u0161\u00ed vzhled. P\u0159\u00edrodn\u00ed sm\u011bs esenci\u00e1ln\u00edch m\u00e1tov\u00fdch olej\u016f pom\u00e1h\u00e1 povzbudit a zanech\u00e1v\u00e1 poko\u017eku chladnou a energizovanou. V\u00fdta\u017eky z mo\u0159sk\u00fdch \u0159as a Aloe pom\u00e1haj\u00ed obnovit a hydratovat.<\/p>\n<p>PRO KOHO?<br \/>\nPro matnou a suchou poko\u017eku pom\u00e1h\u00e1 \u010di\u0161t\u011bn\u00ed a exfoliaci cel\u00e9ho t\u011bla.<\/p>\n<p>DOB\u0158E V\u011aD\u011aT<br \/>\nBez paraben\u016f, netestov\u00e1no na zv\u00ed\u0159atech<\/p>\n<p>POU\u017dIT\u00cd<br \/>\nProdukt naneste na vlhkou poko\u017eku ve spr\u0161e. Vmas\u00edrujte krou\u017eiv\u00fdmi pohyby a pot\u00e9 opl\u00e1chn\u011bte. N\u00e1sledn\u011b pou\u017eijte t\u011blov\u00fd kr\u00e9m Vita Cura\u00ae CelluSea Lift\u2122 nebo s\u00e9rum na krk a t\u011blo Vita Cura\u00ae CelluSea Firm\u2122<\/p>\n<p>FREKVENCE<br \/>\nM\u016f\u017ee se pou\u017e\u00edvat denn\u011b.<\/p>\n","protected":false},"excerpt":{"rendered":"<p>\u010cokol\u00e1dov\u00e9 espresso s m\u00e1tou pro poko\u017eku<br \/>\n&#8211; Povzbuzuj\u00edc\u00ed peeling<br \/>\n&#8211; Zjem\u0148uje, vyhlazuje, hydratuje<br \/>\n&#8211; Pro matnou a suchou poko\u017eku<\/p>\n","protected":false},"featured_media":6174,"comment_status":"open","ping_status":"closed","template":"","meta":{"_acf_changed":false},"badge":[],"product_brand":[],"product_cat":[271,255,259],"product_tag":[],"class_list":{"0":"post-6179","1":"product","2":"type-product","3":"status-publish","4":"has-post-thumbnail","6":"product_cat-pece-o-telo","7":"product_cat-vita-cura-cs","8":"product_cat-zrala-plet","9":"pa_objem-velkost-170-ml-cs","11":"first","12":"instock","13":"taxable","14":"shipping-taxable","15":"purchasable","16":"product-type-simple"},"acf":[],"_links":{"self":[{"href":"https:\/\/repechage.ideadivisions.dev\/cs\/wp-json\/wp\/v2\/product\/6179","targetHints":{"allow":["GET"]}}],"collection":[{"href":"https:\/\/repechage.ideadivisions.dev\/cs\/wp-json\/wp\/v2\/product"}],"about":[{"href":"https:\/\/repechage.ideadivisions.dev\/cs\/wp-json\/wp\/v2\/types\/product"}],"replies":[{"embeddable":true,"href":"https:\/\/repechage.ideadivisions.dev\/cs\/wp-json\/wp\/v2\/comments?post=6179"}],"wp:featuredmedia":[{"embeddable":true,"href":"https:\/\/repechage.ideadivisions.dev\/cs\/wp-json\/wp\/v2\/media\/6174"}],"wp:attachment":[{"href":"https:\/\/repechage.ideadivisions.dev\/cs\/wp-json\/wp\/v2\/media?parent=6179"}],"wp:term":[{"taxonomy":"badge","embeddable":true,"href":"https:\/\/repechage.ideadivisions.dev\/cs\/wp-json\/wp\/v2\/badge?post=6179"},{"taxonomy":"product_brand","embeddable":true,"href":"https:\/\/repechage.ideadivisions.dev\/cs\/wp-json\/wp\/v2\/product_brand?post=6179"},{"taxonomy":"product_cat","embeddable":true,"href":"https:\/\/repechage.ideadivisions.dev\/cs\/wp-json\/wp\/v2\/product_cat?post=6179"},{"taxonomy":"product_tag","embeddable":true,"href":"https:\/\/repechage.ideadivisions.dev\/cs\/wp-json\/wp\/v2\/product_tag?post=6179"}],"curies":[{"name":"wp","href":"https:\/\/api.w.org\/{rel}","templated":true}]}}