{"id":6205,"date":"2024-12-31T22:29:22","date_gmt":"2024-12-31T21:29:22","guid":{"rendered":"https:\/\/repechage.ideadivisions.dev\/produkt\/strieborna-gulicka-na-masaz-ocneho-okolia\/"},"modified":"2025-02-22T23:41:27","modified_gmt":"2025-02-22T22:41:27","slug":"strieborna-gulicka-na-masaz-ocneho-okolia","status":"publish","type":"product","link":"https:\/\/repechage.ideadivisions.dev\/cs\/produkt\/strieborna-gulicka-na-masaz-ocneho-okolia\/","title":{"rendered":"Strieborn\u00e1 guli\u010dka na mas\u00e1\u017e o\u010dn\u00e9ho okolia"},"content":{"rendered":"<p>\u010cO JE TO?<br \/>\nMal\u00e1 mas\u00e1\u017ena guli\u010dka ergonomicky navrhnut\u00e1 na mas\u00e1\u017e citliv\u00fdch o\u010dn\u00fdch parti\u00ed z chirurgickej ocele. Na dotyk ost\u00e1va chladn\u00e1, ale z\u00e1rove\u0148 poskytuje ide\u00e1lny tlak na o\u010dn\u00fd kruhov\u00fd sval.<\/p>\n","protected":false},"excerpt":{"rendered":"<p>Guli\u010dka na mas\u00e1\u017e o\u010dn\u00e9ho okolia<\/p>\n<p>&#8211; Z chirurgickej ocele<br \/>\n&#8211; Ergonomicky tvarovan\u00e1<\/p>\n","protected":false},"featured_media":6202,"comment_status":"open","ping_status":"closed","template":"","meta":{"_acf_changed":false},"badge":[],"product_brand":[],"product_cat":[260,270],"product_tag":[],"class_list":{"0":"post-6205","1":"product","2":"type-product","3":"status-publish","4":"has-post-thumbnail","6":"product_cat-jemne-linie-a-vrasky-cs","7":"product_cat-pece-o-ocni-okoli","8":"pa_objem-velkost-1-ks-cs","10":"first","11":"instock","12":"taxable","13":"shipping-taxable","14":"purchasable","15":"product-type-simple"},"acf":[],"_links":{"self":[{"href":"https:\/\/repechage.ideadivisions.dev\/cs\/wp-json\/wp\/v2\/product\/6205","targetHints":{"allow":["GET"]}}],"collection":[{"href":"https:\/\/repechage.ideadivisions.dev\/cs\/wp-json\/wp\/v2\/product"}],"about":[{"href":"https:\/\/repechage.ideadivisions.dev\/cs\/wp-json\/wp\/v2\/types\/product"}],"replies":[{"embeddable":true,"href":"https:\/\/repechage.ideadivisions.dev\/cs\/wp-json\/wp\/v2\/comments?post=6205"}],"wp:featuredmedia":[{"embeddable":true,"href":"https:\/\/repechage.ideadivisions.dev\/cs\/wp-json\/wp\/v2\/media\/6202"}],"wp:attachment":[{"href":"https:\/\/repechage.ideadivisions.dev\/cs\/wp-json\/wp\/v2\/media?parent=6205"}],"wp:term":[{"taxonomy":"badge","embeddable":true,"href":"https:\/\/repechage.ideadivisions.dev\/cs\/wp-json\/wp\/v2\/badge?post=6205"},{"taxonomy":"product_brand","embeddable":true,"href":"https:\/\/repechage.ideadivisions.dev\/cs\/wp-json\/wp\/v2\/product_brand?post=6205"},{"taxonomy":"product_cat","embeddable":true,"href":"https:\/\/repechage.ideadivisions.dev\/cs\/wp-json\/wp\/v2\/product_cat?post=6205"},{"taxonomy":"product_tag","embeddable":true,"href":"https:\/\/repechage.ideadivisions.dev\/cs\/wp-json\/wp\/v2\/product_tag?post=6205"}],"curies":[{"name":"wp","href":"https:\/\/api.w.org\/{rel}","templated":true}]}}