{"id":6212,"date":"2024-04-26T20:27:11","date_gmt":"2024-04-26T18:27:11","guid":{"rendered":"https:\/\/repechage.ideadivisions.dev\/produkt\/vita-cura-sea-spa-telovy-piling\/"},"modified":"2025-05-04T23:54:49","modified_gmt":"2025-05-04T21:54:49","slug":"vita-cura-sea-spa-telovy-peeling","status":"publish","type":"product","link":"https:\/\/repechage.ideadivisions.dev\/cs\/produkt\/vita-cura-sea-spa-telovy-peeling\/","title":{"rendered":"Vita Cura\u00ae Sea Spa t\u011blov\u00fd peeling"},"content":{"rendered":"<p>CO TO JE?<br \/>\nOsv\u011b\u017euj\u00edc\u00ed t\u011blov\u00fd peeling s mo\u0159sk\u00fdmi \u0159asami, mo\u0159skou sol\u00ed a aloe jemn\u011b odstra\u0148uje suchou \u0161upinatou poko\u017eku a odhaluje jemn\u00e9 a hladk\u00e9 kontury t\u011bla. Mo\u0159sk\u00e1 \u0159asa Laminaria Digitata je p\u0159irozen\u00fdm zdrojem 12 vitamin\u016f v\u010detn\u011b B12, C, E, K a beta-karotenu, 18 aminokyselin a 42 stopov\u00fdch prvk\u016f, zat\u00edmco mo\u0159sk\u00e1 \u0159asa Ulva Lactuca zvy\u0161uje pevnost a jas poko\u017eky a zanech\u00e1v\u00e1 ji z\u00e1\u0159ivou.<\/p>\n<p>PRO KOHO<br \/>\nZral\u00e1 a such\u00e1 ple\u0165. Pom\u00e1h\u00e1 \u0159e\u0161it ztr\u00e1tu pevnosti a sni\u017euje v\u00fdskyt dol\u00ed\u010dk\u016f a pomeran\u010dov\u00e9 k\u016f\u017ee. Pro mdlou a suchou poko\u017eku, kterou pom\u00e1h\u00e1 hloubkov\u011b \u010distit a exfoliovat na cel\u00e9m t\u011ble.<\/p>\n<p>POU\u017dIT\u00cd<br \/>\nPou\u017e\u00edvejte ve spr\u0161e na vlhkou poko\u017eku. Naneste na cel\u00e9 t\u011blo a vmas\u00edrujte do poko\u017eky pro jemn\u00fd peeling, zvl\u00e1\u0161tn\u00ed pozornost v\u011bnujte lokt\u016fm, kolen\u016fm a chodidl\u016fm. D\u016fkladn\u011b opl\u00e1chn\u011bte, osu\u0161te ru\u010dn\u00edkem a naneste t\u011blov\u00fd hydrata\u010dn\u00ed kr\u00e9m Rep\u00eachage\u00ae Vita Cura\u00ae Sea Spa.<\/p>\n<p>Bez paraben\u016f<\/p>\n","protected":false},"excerpt":{"rendered":"<p>Rozjasn\u011bte svou ple\u0165 pomoc\u00ed tohoto energizuj\u00edc\u00edho peelingu s mo\u0159sk\u00fdmi \u0159asami a mo\u0159skou sol\u00ed, trojit\u00fdmi m\u00e1tov\u00fdmi oleji a Aloe Vera. \u00da\u010dinn\u00e9 v\u00fdta\u017eky z mo\u0159sk\u00fdch \u0159as Laminaria Digitata a Ulva Lactuca dod\u00e1vaj\u00ed vitam\u00edny a miner\u00e1ly, zat\u00edmco mo\u0159sk\u00e9 soli jemn\u011b exfoliuj\u00ed suchou, \u0161upinatou poko\u017eku a zanech\u00e1vaj\u00ed ji hebkou a revitalizovanou.<\/p>\n","protected":false},"featured_media":5358,"comment_status":"open","ping_status":"closed","template":"","meta":{"_acf_changed":false},"badge":[],"product_brand":[],"product_cat":[260,269,271,253,261,255,259],"product_tag":[],"class_list":{"0":"post-6212","1":"product","2":"type-product","3":"status-publish","4":"has-post-thumbnail","6":"product_cat-jemne-linie-a-vrasky-cs","7":"product_cat-masky-a-peelingy","8":"product_cat-pece-o-telo","9":"product_cat-sea-spa-telova-kosmetika","10":"product_cat-sucha-a-poskozena-plet","11":"product_cat-vita-cura-cs","12":"product_cat-zrala-plet","14":"first","15":"instock","16":"taxable","17":"shipping-taxable","18":"purchasable","19":"product-type-simple"},"acf":[],"_links":{"self":[{"href":"https:\/\/repechage.ideadivisions.dev\/cs\/wp-json\/wp\/v2\/product\/6212","targetHints":{"allow":["GET"]}}],"collection":[{"href":"https:\/\/repechage.ideadivisions.dev\/cs\/wp-json\/wp\/v2\/product"}],"about":[{"href":"https:\/\/repechage.ideadivisions.dev\/cs\/wp-json\/wp\/v2\/types\/product"}],"replies":[{"embeddable":true,"href":"https:\/\/repechage.ideadivisions.dev\/cs\/wp-json\/wp\/v2\/comments?post=6212"}],"wp:featuredmedia":[{"embeddable":true,"href":"https:\/\/repechage.ideadivisions.dev\/cs\/wp-json\/wp\/v2\/media\/5358"}],"wp:attachment":[{"href":"https:\/\/repechage.ideadivisions.dev\/cs\/wp-json\/wp\/v2\/media?parent=6212"}],"wp:term":[{"taxonomy":"badge","embeddable":true,"href":"https:\/\/repechage.ideadivisions.dev\/cs\/wp-json\/wp\/v2\/badge?post=6212"},{"taxonomy":"product_brand","embeddable":true,"href":"https:\/\/repechage.ideadivisions.dev\/cs\/wp-json\/wp\/v2\/product_brand?post=6212"},{"taxonomy":"product_cat","embeddable":true,"href":"https:\/\/repechage.ideadivisions.dev\/cs\/wp-json\/wp\/v2\/product_cat?post=6212"},{"taxonomy":"product_tag","embeddable":true,"href":"https:\/\/repechage.ideadivisions.dev\/cs\/wp-json\/wp\/v2\/product_tag?post=6212"}],"curies":[{"name":"wp","href":"https:\/\/api.w.org\/{rel}","templated":true}]}}