{"id":6219,"date":"2024-04-26T20:02:56","date_gmt":"2024-04-26T18:02:56","guid":{"rendered":"https:\/\/repechage.ideadivisions.dev\/produkt\/vita-cura-sea-spa-telove-mlieko\/"},"modified":"2025-04-28T20:49:05","modified_gmt":"2025-04-28T18:49:05","slug":"vita-cura-sea-spa-sprchovy-gel","status":"publish","type":"product","link":"https:\/\/repechage.ideadivisions.dev\/cs\/produkt\/vita-cura-sea-spa-sprchovy-gel\/","title":{"rendered":"Vita Cura\u00ae Sea Spa sprchov\u00fd gel"},"content":{"rendered":"<p>CO TO JE?<br \/>\nDenn\u00ed sprchov\u00fd gel na t\u011blo s mo\u0159sk\u00fdmi \u0159asami a rostlinn\u00fdmi l\u00e1tkami bohat\u00fdmi na \u017eiviny, kter\u00e9 hloubkov\u011b \u010dist\u00ed a z\u00e1rove\u0148 obnovuj\u00ed tolik pot\u0159ebnou vlhkost.<\/p>\n<p>PRO KOHO JE UR\u010cEN?<br \/>\nZral\u00e1 a such\u00e1 poko\u017eka. Pom\u00e1h\u00e1 \u0159e\u0161it ztr\u00e1tu pevnosti a sni\u017euje v\u00fdskyt dol\u00ed\u010dk\u016f a pomeran\u010dov\u00e9 k\u016f\u017ee.<\/p>\n<p>POU\u017dIT\u00cd<br \/>\nVe spr\u0161e naneste mal\u00e9 mno\u017estv\u00ed t\u011blov\u00e9ho ml\u00e9ka na houbi\u010dku nebo t\u011blov\u00fd kart\u00e1\u010d a pot\u00e9 naneste na poko\u017eku cel\u00e9ho t\u011bla. D\u016fkladn\u011b opl\u00e1chn\u011bte. Po osprchov\u00e1n\u00ed osu\u0161te t\u011blo ru\u010dn\u00edkem a naneste Vita Cura\u00ae Sea Spa t\u011blov\u00fd hydrata\u010dn\u00ed kr\u00e9m.<\/p>\n<p>DOBR\u00c9 V\u011aD\u011aT<br \/>\nBez paraben\u016f<\/p>\n","protected":false},"excerpt":{"rendered":"<p>Aromatick\u00fd p\u011bniv\u00fd gel na t\u011blo s m\u00e1tou, kter\u00fd obohacuje poko\u017eku o vitam\u00edny, miner\u00e1ly a aminokyseliny z exkluzivn\u00edho mo\u0159sk\u00e9ho koncentr\u00e1tu Rep\u00eachage\u00ae. Obsahuje aloe, extrakt z vrbov\u00e9 k\u016fry, \u0161alv\u011bje a medu\u0148ky pro hloubkov\u00e9 \u010di\u0161t\u011bn\u00ed a p\u0159irozen\u00e9 zjemn\u011bn\u00ed poko\u017eky.<\/p>\n","protected":false},"featured_media":5354,"comment_status":"open","ping_status":"closed","template":"","meta":{"_acf_changed":false},"badge":[],"product_brand":[],"product_cat":[260,271,253,261,255,259],"product_tag":[],"class_list":{"0":"post-6219","1":"product","2":"type-product","3":"status-publish","4":"has-post-thumbnail","6":"product_cat-jemne-linie-a-vrasky-cs","7":"product_cat-pece-o-telo","8":"product_cat-sea-spa-telova-kosmetika","9":"product_cat-sucha-a-poskozena-plet","10":"product_cat-vita-cura-cs","11":"product_cat-zrala-plet","13":"first","14":"instock","15":"taxable","16":"shipping-taxable","17":"purchasable","18":"product-type-simple"},"acf":[],"_links":{"self":[{"href":"https:\/\/repechage.ideadivisions.dev\/cs\/wp-json\/wp\/v2\/product\/6219","targetHints":{"allow":["GET"]}}],"collection":[{"href":"https:\/\/repechage.ideadivisions.dev\/cs\/wp-json\/wp\/v2\/product"}],"about":[{"href":"https:\/\/repechage.ideadivisions.dev\/cs\/wp-json\/wp\/v2\/types\/product"}],"replies":[{"embeddable":true,"href":"https:\/\/repechage.ideadivisions.dev\/cs\/wp-json\/wp\/v2\/comments?post=6219"}],"wp:featuredmedia":[{"embeddable":true,"href":"https:\/\/repechage.ideadivisions.dev\/cs\/wp-json\/wp\/v2\/media\/5354"}],"wp:attachment":[{"href":"https:\/\/repechage.ideadivisions.dev\/cs\/wp-json\/wp\/v2\/media?parent=6219"}],"wp:term":[{"taxonomy":"badge","embeddable":true,"href":"https:\/\/repechage.ideadivisions.dev\/cs\/wp-json\/wp\/v2\/badge?post=6219"},{"taxonomy":"product_brand","embeddable":true,"href":"https:\/\/repechage.ideadivisions.dev\/cs\/wp-json\/wp\/v2\/product_brand?post=6219"},{"taxonomy":"product_cat","embeddable":true,"href":"https:\/\/repechage.ideadivisions.dev\/cs\/wp-json\/wp\/v2\/product_cat?post=6219"},{"taxonomy":"product_tag","embeddable":true,"href":"https:\/\/repechage.ideadivisions.dev\/cs\/wp-json\/wp\/v2\/product_tag?post=6219"}],"curies":[{"name":"wp","href":"https:\/\/api.w.org\/{rel}","templated":true}]}}