{"id":6243,"date":"2024-04-26T09:16:20","date_gmt":"2024-04-26T07:16:20","guid":{"rendered":"https:\/\/repechage.ideadivisions.dev\/produkt\/t-zone-balance-hydratacne-serum-s-kyselinou-hyaluronovou-a-vitaminom-c\/"},"modified":"2025-01-11T12:52:51","modified_gmt":"2025-01-11T11:52:51","slug":"t-zone-balance-hydratacne-serum-s-kyselinou-hyaluronovou-a-vitaminom-c","status":"publish","type":"product","link":"https:\/\/repechage.ideadivisions.dev\/cs\/produkt\/t-zone-balance-hydratacne-serum-s-kyselinou-hyaluronovou-a-vitaminom-c\/","title":{"rendered":"T-Zone Balance hydrata\u010dn\u00ed s\u00e9rum s kyselinou hyalur\u00f3novou a vitam\u00ednem C"},"content":{"rendered":"<p>CO TO JE?<br \/>\nS\u00e9rum testovan\u00e9 dermatology. Za\u017eijte dokonalou rovnov\u00e1hu hydratace s t\u00edmto hydrata\u010dn\u00edm s\u00e9rem, kter\u00e9 je obohaceno o prvot\u0159\u00eddn\u00ed sm\u011bs slo\u017eek, jako jsou mo\u0159sk\u00e9 \u0159asy, niacinamid (vitamin B3), dv\u011b formy kyseliny hyaluronov\u00e9 a vitamin C.<\/p>\n<p>POU\u017dIT\u00cd<br \/>\nNa \u010distou ple\u0165 jemn\u011b vmas\u00edrujte s\u00e9rum na obli\u010dej a krk krou\u017eiv\u00fdmi pohyby sm\u011brem nahoru. P\u0159ed nanesen\u00edm hydrata\u010dn\u00edho kr\u00e9mu nebo make-upu nechte s\u00e9rum zcela vst\u0159ebat. Pro dosa\u017een\u00ed vzhledu obnoven\u00e9 a vy\u017eiven\u00e9, z\u00e1\u0159iv\u00e9 pleti jej aplikujte pod hydrata\u010dn\u00ed kr\u00e9m.<\/p>\n<p>PRO KOHO<br \/>\nPro norm\u00e1ln\u00ed, sm\u00ed\u0161enou, mastnou, dehydratovanou a problematickou ple\u0165<\/p>\n<p>FREKVENCE<br \/>\nPou\u017e\u00edvejte denn\u011b: r\u00e1no, ve\u010der<\/p>\n<p>Bez paraben\u016f<\/p>\n","protected":false},"excerpt":{"rendered":"<p>Za\u017eijte dokonalou rovnov\u00e1hu vlhkosti s t\u00edmto \u00fa\u010dinn\u00fdm hydrata\u010dn\u00edm s\u00e9rem.<\/p>\n","protected":false},"featured_media":5337,"comment_status":"open","ping_status":"closed","template":"","meta":{"_acf_changed":false},"badge":[],"product_brand":[],"product_cat":[267,257,254],"product_tag":[332,333,334,335],"class_list":{"0":"post-6243","1":"product","2":"type-product","3":"status-publish","4":"has-post-thumbnail","6":"product_cat-kremy-a-sera-cs","7":"product_cat-smisena-az-mastna-plet-s-akne","8":"product_cat-t-zone-balance","9":"product_tag-kyselina-hyaluronova-cs","10":"product_tag-serum-cs","11":"product_tag-t-zone-cs","12":"product_tag-vitamin-c-cs","14":"first","15":"instock","16":"taxable","17":"shipping-taxable","18":"purchasable","19":"product-type-simple"},"acf":[],"_links":{"self":[{"href":"https:\/\/repechage.ideadivisions.dev\/cs\/wp-json\/wp\/v2\/product\/6243","targetHints":{"allow":["GET"]}}],"collection":[{"href":"https:\/\/repechage.ideadivisions.dev\/cs\/wp-json\/wp\/v2\/product"}],"about":[{"href":"https:\/\/repechage.ideadivisions.dev\/cs\/wp-json\/wp\/v2\/types\/product"}],"replies":[{"embeddable":true,"href":"https:\/\/repechage.ideadivisions.dev\/cs\/wp-json\/wp\/v2\/comments?post=6243"}],"wp:featuredmedia":[{"embeddable":true,"href":"https:\/\/repechage.ideadivisions.dev\/cs\/wp-json\/wp\/v2\/media\/5337"}],"wp:attachment":[{"href":"https:\/\/repechage.ideadivisions.dev\/cs\/wp-json\/wp\/v2\/media?parent=6243"}],"wp:term":[{"taxonomy":"badge","embeddable":true,"href":"https:\/\/repechage.ideadivisions.dev\/cs\/wp-json\/wp\/v2\/badge?post=6243"},{"taxonomy":"product_brand","embeddable":true,"href":"https:\/\/repechage.ideadivisions.dev\/cs\/wp-json\/wp\/v2\/product_brand?post=6243"},{"taxonomy":"product_cat","embeddable":true,"href":"https:\/\/repechage.ideadivisions.dev\/cs\/wp-json\/wp\/v2\/product_cat?post=6243"},{"taxonomy":"product_tag","embeddable":true,"href":"https:\/\/repechage.ideadivisions.dev\/cs\/wp-json\/wp\/v2\/product_tag?post=6243"}],"curies":[{"name":"wp","href":"https:\/\/api.w.org\/{rel}","templated":true}]}}