{"id":6302,"date":"2024-04-26T09:51:14","date_gmt":"2024-04-26T07:51:14","guid":{"rendered":"https:\/\/repechage.ideadivisions.dev\/produkt\/t-zone-balance-cestovne-balenie\/"},"modified":"2025-02-06T12:49:40","modified_gmt":"2025-02-06T11:49:40","slug":"t-zone-balance-cestovne-balenie","status":"publish","type":"product","link":"https:\/\/repechage.ideadivisions.dev\/cs\/produkt\/t-zone-balance-cestovne-balenie\/","title":{"rendered":"T-Zone Balance cestovn\u00ed balen\u00ed"},"content":{"rendered":"<p>CO TO JE?<\/p>\n<p>T-Zone Balance Cleansing Lotion: Slo\u017een\u00ed s t\u0159ezalkou, zelen\u00fdm a b\u00edl\u00fdm \u010dajem jemn\u011b hloubkov\u011b \u010dist\u00ed ple\u0165. Bez parfemace.<\/p>\n<p>T-Zone Balance Lotion: S v\u00fdta\u017eky z t\u0159ezalky, zelen\u00e9ho a b\u00edl\u00e9ho \u010daje, kter\u00e9 pom\u00e1haj\u00ed zklidnit a vyrovnat sm\u00ed\u0161enou ple\u0165. Pou\u017e\u00edvejte po \u010di\u0161t\u011bn\u00ed pleti nebo tak \u010dasto, jak je pot\u0159eba, pro osv\u011b\u017een\u00ed pleti.<\/p>\n<p>Hydrata\u010dn\u00ed s\u00e9rum T-Zone Balance: Toto NOV\u00c9 hydrata\u010dn\u00ed s\u00e9rum vyu\u017e\u00edv\u00e1 dv\u011b formy kyseliny hyaluronov\u00e9 a niacinamid\/vitam\u00edn B3, kter\u00e9 hloubkov\u011b hydratuj\u00ed povrchovou vrstvu pleti a z\u00e1rove\u0148 zjem\u0148uj\u00ed p\u00f3ry. Mo\u0159sk\u00e9 \u0159asy bohat\u00e9 na vitaminy a miner\u00e1ly pom\u00e1haj\u00ed obnovovat ple\u0165, zat\u00edmco stabilizovan\u00fd vitamin C, p\u0159\u00edrodn\u00ed \u010dajov\u00e1 sm\u011bs a t\u0159ezalka te\u010dkovan\u00e1 poskytuj\u00ed siln\u00e9 antioxidanty.<\/p>\n<p>Hydrata\u010dn\u00ed kr\u00e9m T-Zone Balance: Obsahuje kyselinu ml\u00e9\u010dnou, t\u0159ezalku te\u010dkovanou, niacinamid, inositol, frukt\u00f3zu a v\u00fdta\u017eky ze zelen\u00e9ho a b\u00edl\u00e9ho \u010daje, kter\u00e9 vyhlazuj\u00ed a hydratuj\u00ed ple\u0165. Poskytuje hydrataci a vyhlazen\u00ed bez ucp\u00e1v\u00e1n\u00ed.<\/p>\n<p>Mechanick\u00fd peeling s medem a mandlemi: \u010cist\u00fd med, ovesn\u00e9 vlo\u010dky a mandlov\u00e1 mou\u010dka pom\u00e1haj\u00ed vy\u017eivovat, hloubkov\u011b \u010distit a zanech\u00e1vaj\u00ed ple\u0165 \u010distou a hladkou.<\/p>\n<p>JAK POU\u017d\u00cdVAT<\/p>\n<p>\u010cist\u00edc\u00ed ple\u0165ov\u00e1 voda T-Zone Balance: Naneste na obli\u010dej. D\u016fkladn\u011b odstra\u0148te vatov\u00fdm tamponem namo\u010den\u00fdm v tepl\u00e9 vod\u011b.<\/p>\n<p>T-Zone Balance Lotion.<\/p>\n<p>T-Zone Balance Hydrata\u010dn\u00ed s\u00e9rum: Lehce naneste na obli\u010dej.<\/p>\n<p>T-Zone Balance Moisturizer: Naneste na obli\u010dej tahy sm\u011brem nahoru a ven.<\/p>\n<p>Mechanick\u00fd peeling s medem a mandlemi: 2-3kr\u00e1t t\u00fddn\u011b naneste na vy\u010di\u0161t\u011bnou ple\u0165 navlh\u010den\u00fdmi kone\u010dky prst\u016f. Jemn\u011b, ale d\u016fsledn\u011b mas\u00edrujte cel\u00fd obli\u010dej, zvl\u00e1\u0161tn\u00ed pozornost v\u011bnujte problematick\u00fdm oblastem. Nechte p\u016fsobit 10-15 minut a pot\u00e9 opl\u00e1chn\u011bte. N\u00e1sledn\u011b pou\u017eijte hydrata\u010dn\u00ed s\u00e9rum T-Zone Balance a hydrata\u010dn\u00ed kr\u00e9m T-Zone Balance.<\/p>\n<p>PRO KOHO<\/p>\n<p>Pro sm\u00ed\u0161enou, mastnou a akn\u00f3zn\u00ed ple\u0165<\/p>\n<p>DOBR\u00c9 V\u011aD\u011aT<br \/>\nBez paraben\u016f<\/p>\n","protected":false},"excerpt":{"rendered":"<p>Dokonal\u00e1 dom\u00e1c\u00ed p\u00e9\u010de, program v p\u011bti kroc\u00edch, kter\u00fd \u010dist\u00ed, zjem\u0148uje a hydratuje sm\u00ed\u0161enou ple\u0165 bez ucp\u00e1v\u00e1n\u00ed p\u00f3r\u016f. Tato kolekce, zalo\u017een\u00e1 na p\u0159\u00edrodn\u00edm vyrovn\u00e1vac\u00edm komplexu mo\u0159sk\u00fdch \u0159as, zelen\u00e9ho a b\u00edl\u00e9ho \u010daje a t\u0159ezalky te\u010dkovan\u00e9 v kombinaci s kyselinou hyaluronovou, niacinamidem\/vitam\u00ednem B3 a vitam\u00ednem C, obsahuje v\u0161e, co pot\u0159ebujete k vytvo\u0159en\u00ed kompletn\u00edho programu dom\u00e1c\u00ed p\u00e9\u010de o ple\u0165, a to s dostate\u010dn\u00fdm mno\u017estv\u00edm produkt\u016f, abyste vid\u011bli skute\u010dn\u00e9 v\u00fdsledky.<\/p>\n<p>Tato kolekce obsahuje:<\/p>\n<p>T-Zone Balance \u010distic\u00ed ml\u00e9ko 30 ml.<br \/>\nT-Zone Balance \u010distic\u00ed ml\u00e9ko 29 ml<br \/>\nT-Zone Balance hydrata\u010dn\u00ed s\u00e9rum 10 ml<br \/>\nT-Zone Balance hydrata\u010dn\u00ed kr\u00e9m 15 ml<br \/>\nMechanick\u00fd peeling s medem a mandlemi 30 ml<\/p>\n","protected":false},"featured_media":7075,"comment_status":"open","ping_status":"closed","template":"","meta":{"_acf_changed":false},"badge":[],"product_brand":[],"product_cat":[337,265,257,254],"product_tag":[336,334],"class_list":{"0":"post-6302","1":"product","2":"type-product","3":"status-publish","4":"has-post-thumbnail","6":"product_cat-akce","7":"product_cat-darkove-poukazy-a-balicky","8":"product_cat-smisena-az-mastna-plet-s-akne","9":"product_cat-t-zone-balance","10":"product_tag-cestovne-balenie-cs","11":"product_tag-t-zone-cs","13":"first","14":"instock","15":"taxable","16":"shipping-taxable","17":"purchasable","18":"product-type-simple"},"acf":[],"_links":{"self":[{"href":"https:\/\/repechage.ideadivisions.dev\/cs\/wp-json\/wp\/v2\/product\/6302","targetHints":{"allow":["GET"]}}],"collection":[{"href":"https:\/\/repechage.ideadivisions.dev\/cs\/wp-json\/wp\/v2\/product"}],"about":[{"href":"https:\/\/repechage.ideadivisions.dev\/cs\/wp-json\/wp\/v2\/types\/product"}],"replies":[{"embeddable":true,"href":"https:\/\/repechage.ideadivisions.dev\/cs\/wp-json\/wp\/v2\/comments?post=6302"}],"wp:featuredmedia":[{"embeddable":true,"href":"https:\/\/repechage.ideadivisions.dev\/cs\/wp-json\/wp\/v2\/media\/7075"}],"wp:attachment":[{"href":"https:\/\/repechage.ideadivisions.dev\/cs\/wp-json\/wp\/v2\/media?parent=6302"}],"wp:term":[{"taxonomy":"badge","embeddable":true,"href":"https:\/\/repechage.ideadivisions.dev\/cs\/wp-json\/wp\/v2\/badge?post=6302"},{"taxonomy":"product_brand","embeddable":true,"href":"https:\/\/repechage.ideadivisions.dev\/cs\/wp-json\/wp\/v2\/product_brand?post=6302"},{"taxonomy":"product_cat","embeddable":true,"href":"https:\/\/repechage.ideadivisions.dev\/cs\/wp-json\/wp\/v2\/product_cat?post=6302"},{"taxonomy":"product_tag","embeddable":true,"href":"https:\/\/repechage.ideadivisions.dev\/cs\/wp-json\/wp\/v2\/product_tag?post=6302"}],"curies":[{"name":"wp","href":"https:\/\/api.w.org\/{rel}","templated":true}]}}