{"id":6624,"date":"2025-03-06T22:52:50","date_gmt":"2025-03-06T21:52:50","guid":{"rendered":"https:\/\/repechage.ideadivisions.dev\/produkt\/vita-cura-serum-na-vlasy-a-vlasovu-pokozku\/"},"modified":"2025-05-03T21:47:14","modified_gmt":"2025-05-03T19:47:14","slug":"vita-cura-serum-na-vlasy-a-vlasovu-pokozku","status":"publish","type":"product","link":"https:\/\/repechage.ideadivisions.dev\/cs\/produkt\/vita-cura-serum-na-vlasy-a-vlasovu-pokozku\/","title":{"rendered":"Vita Cura\u00ae s\u00e9rum na vlasy a vlasov\u00fa poko\u017eku"},"content":{"rendered":"<p>CO JE TO?<br \/>\n\u00da\u017easn\u00e9 s\u00e9rum pro vlasovou poko\u017eku a vlasy s komplexem Hydra-Amino 18\u00ae, pln\u00e9 miner\u00e1l\u016f a vitam\u00edn\u016f z mo\u0159sk\u00fdch \u0159as. S\u00e9rum tak\u00e9 obsahuje Ginko Bilobu, Aloe Vera a bambuck\u00e9 m\u00e1slo.<\/p>\n<p>PRO KOHO?<br \/>\nPro v\u0161echny, kdo trp\u00ed suchou vlasovou poko\u017ekou a po\u0161kozen\u00fdmi vlasy<\/p>\n<p>POU\u017dIT\u00cd<br \/>\nP\u00e1r kapek s\u00e9ra aplikujte na such\u00e9 vlasy nebo na vlasovou poko\u017eku a pomas\u00edrujte. Pou\u017eijte kdykoli pot\u0159ebujete.<\/p>\n","protected":false},"excerpt":{"rendered":"<p>Rozlu\u010dte se se suchou poko\u017ekou hlavy a p\u0159iv\u00edtejte revitalizovan\u00e9 vlasy s na\u0161\u00edm v\u00fdkonn\u00fdm s\u00e9rem obohacen\u00fdm o Hydra-Amino 18\u00ae Complex, plus vitam\u00edny a miner\u00e1ly z mo\u0159sk\u00fdch \u0159as.<\/p>\n<p>Ide\u00e1ln\u00ed pro mas\u00e1\u017e poko\u017eky hlavy.<\/p>\n","protected":false},"featured_media":6613,"comment_status":"open","ping_status":"closed","template":"","meta":{"_acf_changed":false},"badge":[],"product_brand":[],"product_cat":[267,253,261,255],"product_tag":[],"class_list":{"0":"post-6624","1":"product","2":"type-product","3":"status-publish","4":"has-post-thumbnail","6":"product_cat-kremy-a-sera-cs","7":"product_cat-sea-spa-telova-kosmetika","8":"product_cat-sucha-a-poskozena-plet","9":"product_cat-vita-cura-cs","10":"pa_objem-velkost-60-ml-cs","12":"first","13":"instock","14":"taxable","15":"shipping-taxable","16":"purchasable","17":"product-type-simple"},"acf":[],"_links":{"self":[{"href":"https:\/\/repechage.ideadivisions.dev\/cs\/wp-json\/wp\/v2\/product\/6624","targetHints":{"allow":["GET"]}}],"collection":[{"href":"https:\/\/repechage.ideadivisions.dev\/cs\/wp-json\/wp\/v2\/product"}],"about":[{"href":"https:\/\/repechage.ideadivisions.dev\/cs\/wp-json\/wp\/v2\/types\/product"}],"replies":[{"embeddable":true,"href":"https:\/\/repechage.ideadivisions.dev\/cs\/wp-json\/wp\/v2\/comments?post=6624"}],"wp:featuredmedia":[{"embeddable":true,"href":"https:\/\/repechage.ideadivisions.dev\/cs\/wp-json\/wp\/v2\/media\/6613"}],"wp:attachment":[{"href":"https:\/\/repechage.ideadivisions.dev\/cs\/wp-json\/wp\/v2\/media?parent=6624"}],"wp:term":[{"taxonomy":"badge","embeddable":true,"href":"https:\/\/repechage.ideadivisions.dev\/cs\/wp-json\/wp\/v2\/badge?post=6624"},{"taxonomy":"product_brand","embeddable":true,"href":"https:\/\/repechage.ideadivisions.dev\/cs\/wp-json\/wp\/v2\/product_brand?post=6624"},{"taxonomy":"product_cat","embeddable":true,"href":"https:\/\/repechage.ideadivisions.dev\/cs\/wp-json\/wp\/v2\/product_cat?post=6624"},{"taxonomy":"product_tag","embeddable":true,"href":"https:\/\/repechage.ideadivisions.dev\/cs\/wp-json\/wp\/v2\/product_tag?post=6624"}],"curies":[{"name":"wp","href":"https:\/\/api.w.org\/{rel}","templated":true}]}}