{"id":6627,"date":"2025-03-06T22:52:50","date_gmt":"2025-03-06T21:52:50","guid":{"rendered":"https:\/\/repechage.ideadivisions.dev\/produkt\/red-out-jemna-esencialna-hmla-na-tvar-s-extraktmi-z-morskych-rias-a-striebrom\/"},"modified":"2025-08-01T12:10:27","modified_gmt":"2025-08-01T10:10:27","slug":"red-out-jemna-esencialna-hmla-na-tvar-s-extraktmi-z-morskych-rias-a-striebrom","status":"publish","type":"product","link":"https:\/\/repechage.ideadivisions.dev\/cs\/produkt\/red-out-jemna-esencialna-hmla-na-tvar-s-extraktmi-z-morskych-rias-a-striebrom\/","title":{"rendered":"Red-Out\u00ae jemn\u00e1 esenci\u00e1ln\u00ed mlha na obli\u010dej s extrakty z mo\u0159sk\u00fdch \u0159as a st\u0159\u00edbrem"},"content":{"rendered":"<p>CO TO JE?<br \/>\nZklid\u0148uje a hydratuje citlivou poko\u017eku. Tato jemn\u00e1 ple\u0165ov\u00e1 voda obohacen\u00e1 o antibakteri\u00e1ln\u00ed st\u0159\u00edbro pom\u016f\u017ee upravit pH poko\u017eky po \u010di\u0161t\u011bn\u00ed a p\u0159ipravit ji na aplikaci dal\u0161\u00edch produkt\u016f. Je vynikaj\u00edc\u00edm prost\u0159edkem n\u00e1sledn\u00e9 p\u00e9\u010de nejen po \u010di\u0161t\u011bn\u00ed, ale i kdykoli b\u011bhem dne, kdy ple\u0165 hydratuje, osv\u011b\u017euje a zklid\u0148uje. Lze jej pou\u017e\u00edt i na make-up.<\/p>\n<p>PRO KOHO JE UR\u010cEN?<br \/>\nPro citlivou, podr\u00e1\u017ed\u011bnou a nadm\u011brn\u011b suchou ple\u0165<\/p>\n<p>POU\u017dIT\u00cd<br \/>\nNast\u0159\u00edkejte na obli\u010dej, kdykoli pot\u0159ebujete. P\u0159ed pou\u017eit\u00edm prot\u0159epejte.<\/p>\n<p>&nbsp;<\/p>\n","protected":false},"excerpt":{"rendered":"<p>Okam\u017eit\u00e9 osv\u011b\u017een\u00ed a remineralizace pro citlivou ple\u0165.<\/p>\n<p>Sprej bohat\u00fd na mikrost\u0159\u00edbro a v\u00fdta\u017eek z mo\u0159sk\u00fdch \u0159as, kter\u00fd sni\u017euje zarudnut\u00ed a p\u0159in\u00e1\u0161\u00ed komfort kdykoli b\u011bhem dne.<\/p>\n","protected":false},"featured_media":6621,"comment_status":"open","ping_status":"closed","template":"","meta":{"_acf_changed":false},"badge":[],"product_brand":[],"product_cat":[266,262,248],"product_tag":[],"class_list":{"0":"post-6627","1":"product","2":"type-product","3":"status-publish","4":"has-post-thumbnail","6":"product_cat-cisteni-pleti-a-tonizace","7":"product_cat-citliva-plet-cs","8":"product_cat-hydra-4-red-out-cs","9":"pa_objem-velkost-120-ml-cs","11":"first","12":"instock","13":"taxable","14":"shipping-taxable","15":"purchasable","16":"product-type-simple"},"acf":[],"_links":{"self":[{"href":"https:\/\/repechage.ideadivisions.dev\/cs\/wp-json\/wp\/v2\/product\/6627","targetHints":{"allow":["GET"]}}],"collection":[{"href":"https:\/\/repechage.ideadivisions.dev\/cs\/wp-json\/wp\/v2\/product"}],"about":[{"href":"https:\/\/repechage.ideadivisions.dev\/cs\/wp-json\/wp\/v2\/types\/product"}],"replies":[{"embeddable":true,"href":"https:\/\/repechage.ideadivisions.dev\/cs\/wp-json\/wp\/v2\/comments?post=6627"}],"wp:featuredmedia":[{"embeddable":true,"href":"https:\/\/repechage.ideadivisions.dev\/cs\/wp-json\/wp\/v2\/media\/6621"}],"wp:attachment":[{"href":"https:\/\/repechage.ideadivisions.dev\/cs\/wp-json\/wp\/v2\/media?parent=6627"}],"wp:term":[{"taxonomy":"badge","embeddable":true,"href":"https:\/\/repechage.ideadivisions.dev\/cs\/wp-json\/wp\/v2\/badge?post=6627"},{"taxonomy":"product_brand","embeddable":true,"href":"https:\/\/repechage.ideadivisions.dev\/cs\/wp-json\/wp\/v2\/product_brand?post=6627"},{"taxonomy":"product_cat","embeddable":true,"href":"https:\/\/repechage.ideadivisions.dev\/cs\/wp-json\/wp\/v2\/product_cat?post=6627"},{"taxonomy":"product_tag","embeddable":true,"href":"https:\/\/repechage.ideadivisions.dev\/cs\/wp-json\/wp\/v2\/product_tag?post=6627"}],"curies":[{"name":"wp","href":"https:\/\/api.w.org\/{rel}","templated":true}]}}