{"id":6631,"date":"2025-03-06T22:52:50","date_gmt":"2025-03-06T21:52:50","guid":{"rendered":"https:\/\/repechage.ideadivisions.dev\/produkt\/red-out-jemny-hydratacny-krem-s-extraktmi-z-morskych-rias-a-striebrom\/"},"modified":"2025-04-28T21:45:21","modified_gmt":"2025-04-28T19:45:21","slug":"red-out-jemny-hydratacny-krem-s-extraktmi-z-morskych-rias-a-striebrom","status":"publish","type":"product","link":"https:\/\/repechage.ideadivisions.dev\/cs\/produkt\/red-out-jemny-hydratacny-krem-s-extraktmi-z-morskych-rias-a-striebrom\/","title":{"rendered":"Red-Out\u00ae jemn\u00fd hydrata\u010dn\u00fd kr\u00e9m s extraktmi z morsk\u00fdch rias a striebrom"},"content":{"rendered":"<p>CO TO JE?<br \/>\nDokonal\u00fd hydrata\u010dn\u00ed zklid\u0148uj\u00edc\u00ed kr\u00e9m s lehkou texturou a rychl\u00fdm vst\u0159eb\u00e1v\u00e1n\u00edm. Okam\u017eit\u011b zklid\u0148uje, chr\u00e1n\u00ed a zabra\u0148uje \u00faniku vody z poko\u017eky. Je obohacen o mikrost\u0159\u00edbro, kter\u00e9 pom\u00e1h\u00e1 eliminovat bakterie, podporuje ko\u017en\u00ed bari\u00e9ru a sni\u017euje zarudnut\u00ed. Spolu s kyselinou hyaluronovou, rutinem, \u0161alv\u011bj\u00ed v kombinaci s v\u00fdta\u017eky z olivov\u00e9ho a avok\u00e1dov\u00e9ho oleje p\u016fsob\u00ed jako dokonal\u00e1 p\u00e9\u010de o citlivou ple\u0165.<br \/>\nBalen\u00ed je bez vzduchu s pumpi\u010dkou pro snadnou aplikaci bez rizika kontaminace.<\/p>\n<p>PRO KOHO?<br \/>\nUr\u010deno p\u0159edev\u0161\u00edm pro citlivou, podr\u00e1\u017ed\u011bnou ple\u0165 se sklonem k zarudnut\u00ed.<\/p>\n<p>DOBR\u00c9 V\u011aD\u011aT<br \/>\nSlo\u017een\u00ed vhodn\u00e9 pro vegany, bez miner\u00e1ln\u00edch a ropn\u00fdch olej\u016f, bez parfemace a paraben\u016f.<\/p>\n<p>POU\u017dIT\u00cd<br \/>\nAplikujte na \u010distou ple\u0165 r\u00e1no a\/nebo ve\u010der.<\/p>\n","protected":false},"excerpt":{"rendered":"<p>V\u00fd\u017eiva, zklidn\u011bn\u00ed a ochrana v jednom.<\/p>\n<p>Kombinace mikrost\u0159\u00edbra, kyseliny hyaluronov\u00e9 a s\u00edly mo\u0159sk\u00fdch \u0159as redukuje zarudnut\u00ed.<\/p>\n<p>Udr\u017euje ple\u0165 zklidn\u011bnou a hydratovanou po cel\u00fd den.<\/p>\n","protected":false},"featured_media":6617,"comment_status":"open","ping_status":"closed","template":"","meta":{"_acf_changed":false},"badge":[],"product_brand":[],"product_cat":[262,248,267],"product_tag":[],"class_list":{"0":"post-6631","1":"product","2":"type-product","3":"status-publish","4":"has-post-thumbnail","6":"product_cat-citliva-plet-cs","7":"product_cat-hydra-4-red-out-cs","8":"product_cat-kremy-a-sera-cs","9":"pa_objem-velkost-40-ml-cs","11":"first","12":"instock","13":"taxable","14":"shipping-taxable","15":"purchasable","16":"product-type-simple"},"acf":[],"_links":{"self":[{"href":"https:\/\/repechage.ideadivisions.dev\/cs\/wp-json\/wp\/v2\/product\/6631","targetHints":{"allow":["GET"]}}],"collection":[{"href":"https:\/\/repechage.ideadivisions.dev\/cs\/wp-json\/wp\/v2\/product"}],"about":[{"href":"https:\/\/repechage.ideadivisions.dev\/cs\/wp-json\/wp\/v2\/types\/product"}],"replies":[{"embeddable":true,"href":"https:\/\/repechage.ideadivisions.dev\/cs\/wp-json\/wp\/v2\/comments?post=6631"}],"wp:featuredmedia":[{"embeddable":true,"href":"https:\/\/repechage.ideadivisions.dev\/cs\/wp-json\/wp\/v2\/media\/6617"}],"wp:attachment":[{"href":"https:\/\/repechage.ideadivisions.dev\/cs\/wp-json\/wp\/v2\/media?parent=6631"}],"wp:term":[{"taxonomy":"badge","embeddable":true,"href":"https:\/\/repechage.ideadivisions.dev\/cs\/wp-json\/wp\/v2\/badge?post=6631"},{"taxonomy":"product_brand","embeddable":true,"href":"https:\/\/repechage.ideadivisions.dev\/cs\/wp-json\/wp\/v2\/product_brand?post=6631"},{"taxonomy":"product_cat","embeddable":true,"href":"https:\/\/repechage.ideadivisions.dev\/cs\/wp-json\/wp\/v2\/product_cat?post=6631"},{"taxonomy":"product_tag","embeddable":true,"href":"https:\/\/repechage.ideadivisions.dev\/cs\/wp-json\/wp\/v2\/product_tag?post=6631"}],"curies":[{"name":"wp","href":"https:\/\/api.w.org\/{rel}","templated":true}]}}