{"id":7005,"date":"2025-05-29T15:37:57","date_gmt":"2025-05-29T13:37:57","guid":{"rendered":"https:\/\/repechage.ideadivisions.dev\/produkt\/letna-limitka-c-serum-algo-mist-cestovne-balenie\/"},"modified":"2025-10-01T15:02:02","modified_gmt":"2025-10-01T13:02:02","slug":"letna-limitka-c-serum-algo-mist-cestovne-balenie","status":"publish","type":"product","link":"https:\/\/repechage.ideadivisions.dev\/cs\/produkt\/letna-limitka-c-serum-algo-mist-cestovne-balenie\/","title":{"rendered":"Letn\u00ed limitka | C-Serum\u00ae &#038; Algo Mist\u00ae (cestovn\u00ed balen\u00ed)"},"content":{"rendered":"<p><strong>C-Serum\u00ae s\u00e9rum z filtr\u00e1tu mo\u0159sk\u00fdch \u0159as<\/strong><br \/>\nCYTO \u2013 S\u00c9RUM bohat\u00e9 na vitam\u00edny a miner\u00e1ly pro dokonalou ple\u0165<br \/>\n\u2013 Vysoce koncentrovan\u00fd extrakt z \u0159as<\/p>\n<p>\u2013 Lehk\u00e1, tekut\u00e1, rychle vst\u0159ebateln\u00e1 konzistence<\/p>\n<p>\u2013 Pro v\u0161echny typy pleti<\/p>\n<p><strong>Algo Mist\u00ae hydrata\u010dn\u00ed sprej na obli\u010dej z mo\u0159sk\u00fdch \u0159as (cestovn\u00ed balen\u00ed)<\/strong><br \/>\nOkam\u017eit\u00e1 d\u00e1vka hydratace, osv\u011b\u017een\u00ed a rozjasn\u011bn\u00ed pro ple\u0165 se sprejem Algo Mist\u00ae<br \/>\n\u2013 Mo\u0159sk\u00e9 \u0159asy, ginkgo biloba, pomeran\u010dov\u00e1 voda a vitam\u00edn C pro maxim\u00e1ln\u00ed osv\u011b\u017een\u00ed<\/p>\n<p>\u2013 Aplikujte kdykoliv b\u011bhem dne<\/p>\n<p>\u2013 Vhodn\u00fd pro v\u0161echny typy pleti<\/p>\n","protected":false},"excerpt":{"rendered":"<p>1x C-Serum\u00ae s\u00e9rum z filtr\u00e1tu mo\u0159sk\u00fdch \u0159as<br \/>\n<strong>ZDARMA<\/strong> Algo Mist\u00ae hydrata\u010dn\u00ed sprej na obli\u010dej z mo\u0159sk\u00fdch \u0159as (cestovn\u00ed balen\u00ed)<\/p>\n<p>Standardn\u00ed cena: 2280 CZK<br \/>\nSpeci\u00e1ln\u00ed cena: 1824 CZK<br \/>\n<strong>U\u0161et\u0159\u00edte: 456 CZK<\/strong><\/p>\n","protected":false},"featured_media":6999,"comment_status":"open","ping_status":"closed","template":"","meta":{"_acf_changed":false},"badge":[],"product_brand":[],"product_cat":[337,249,260,261,259],"product_tag":[],"class_list":{"0":"post-7005","1":"product","2":"type-product","3":"status-publish","4":"has-post-thumbnail","6":"product_cat-akce","7":"product_cat-hydra-blue-cs","8":"product_cat-jemne-linie-a-vrasky-cs","9":"product_cat-sucha-a-poskozena-plet","10":"product_cat-zrala-plet","12":"first","13":"instock","14":"taxable","15":"shipping-taxable","16":"purchasable","17":"product-type-simple"},"acf":[],"_links":{"self":[{"href":"https:\/\/repechage.ideadivisions.dev\/cs\/wp-json\/wp\/v2\/product\/7005","targetHints":{"allow":["GET"]}}],"collection":[{"href":"https:\/\/repechage.ideadivisions.dev\/cs\/wp-json\/wp\/v2\/product"}],"about":[{"href":"https:\/\/repechage.ideadivisions.dev\/cs\/wp-json\/wp\/v2\/types\/product"}],"replies":[{"embeddable":true,"href":"https:\/\/repechage.ideadivisions.dev\/cs\/wp-json\/wp\/v2\/comments?post=7005"}],"wp:featuredmedia":[{"embeddable":true,"href":"https:\/\/repechage.ideadivisions.dev\/cs\/wp-json\/wp\/v2\/media\/6999"}],"wp:attachment":[{"href":"https:\/\/repechage.ideadivisions.dev\/cs\/wp-json\/wp\/v2\/media?parent=7005"}],"wp:term":[{"taxonomy":"badge","embeddable":true,"href":"https:\/\/repechage.ideadivisions.dev\/cs\/wp-json\/wp\/v2\/badge?post=7005"},{"taxonomy":"product_brand","embeddable":true,"href":"https:\/\/repechage.ideadivisions.dev\/cs\/wp-json\/wp\/v2\/product_brand?post=7005"},{"taxonomy":"product_cat","embeddable":true,"href":"https:\/\/repechage.ideadivisions.dev\/cs\/wp-json\/wp\/v2\/product_cat?post=7005"},{"taxonomy":"product_tag","embeddable":true,"href":"https:\/\/repechage.ideadivisions.dev\/cs\/wp-json\/wp\/v2\/product_tag?post=7005"}],"curies":[{"name":"wp","href":"https:\/\/api.w.org\/{rel}","templated":true}]}}